{"id":900,"date":"2025-01-07T12:16:33","date_gmt":"2025-01-07T10:16:33","guid":{"rendered":"https:\/\/nordefood.eu\/?page_id=900"},"modified":"2025-01-14T11:19:23","modified_gmt":"2025-01-14T09:19:23","slug":"yrityksemme","status":"publish","type":"page","link":"https:\/\/nordefood.eu\/fi\/yrityksemme\/","title":{"rendered":"Yrityksemme"},"content":{"rendered":"\n<figure class=\"wp-block-image size-large\"><img loading=\"lazy\" decoding=\"async\" width=\"900\" height=\"600\" src=\"https:\/\/nordefood.eu\/wp-content\/uploads\/2020\/08\/Who-are-we.jpg\" alt=\"NordeFood foodservice\" class=\"wp-image-482\" srcset=\"https:\/\/nordefood.eu\/wp-content\/uploads\/2020\/08\/Who-are-we.jpg 900w, https:\/\/nordefood.eu\/wp-content\/uploads\/2020\/08\/Who-are-we-300x200.jpg 300w, https:\/\/nordefood.eu\/wp-content\/uploads\/2020\/08\/Who-are-we-768x512.jpg 768w\" sizes=\"auto, (max-width: 900px) 100vw, 900px\" \/><\/figure>\n\n\n\n<h2 class=\"wp-block-heading\">NordeFood<\/h2>\n\n\n\n<p>NordeFood O\u00dc on virolais-suomalainen tuotanto- ja tukkumyyntiyritys, jonka toiminta keskittyy elintarvikealaan. Yritys edusta eri tehtaita Pohjoismaissa ja Baltiassa, lis\u00e4ksi valmistaa omia tuotteitaan eri puolilla EU:ta sijaitsevissa tehtaissa.<\/p>\n\n\n\n<h3 class=\"wp-block-heading\">Laatu, kest\u00e4v\u00e4 kehitys, ymp\u00e4rist\u00f6vastuu<\/h3>\n\n\n\n<p>N\u00e4m\u00e4 periaatteet ovat toimintamme keski\u00f6ss\u00e4, ja noudatamme niit\u00e4 p\u00e4ivitt\u00e4isess\u00e4 ty\u00f6ss\u00e4mme ja tuotekehityksess\u00e4.<\/p>\n\n\n\n<ul class=\"wp-block-list\">\n<li>Perustettu vuonna 2014.<\/li>\n\n\n\n<li>Toimistot Virossa ja Suomessa.<\/li>\n\n\n\n<li>Varastot Tallinnassa ja Helsingiss\u00e4.<\/li>\n\n\n\n<li>Avainhenkil\u00f6ill\u00e4 on yli 20 vuoden kokemus liha- ja elintarvikealalta.<\/li>\n<\/ul>\n\n\n\n<h3 class=\"wp-block-heading\">Tuotevalikoimamme:<\/h3>\n\n\n\n<ul class=\"wp-block-list\">\n<li>Puolivalmisteet ja raa\u2019at tuotteet HoReCa-sektorille<\/li>\n\n\n\n<li>Riistaliha ja lihatuotteet, sous-vide kyps\u00e4t tuotteet<\/li>\n\n\n\n<li>Liha ja lihatuotteet, sous-vide kyps\u00e4t tuotteet, burgeripihvit<\/li>\n\n\n\n<li>Ruoholla kasvatetun ekologisen naudan liha ja lihatuotteet, burgeripihvit<\/li>\n\n\n\n<li>Kala ja kalatuotteet<\/li>\n\n\n\n<li>Juusto<\/li>\n\n\n\n<li>Sous-vide kypsennetyt vihannekset, palkokasvit<\/li>\n<\/ul>\n","protected":false},"excerpt":{"rendered":"<p>NordeFood NordeFood O\u00dc on virolais-suomalainen tuotanto- ja tukkumyyntiyritys, jonka toiminta keskittyy elintarvikealaan. Yritys edusta eri tehtaita Pohjoismaissa ja Baltiassa, lis\u00e4ksi valmistaa omia tuotteitaan eri puolilla EU:ta sijaitsevissa tehtaissa. Laatu, kest\u00e4v\u00e4 kehitys, ymp\u00e4rist\u00f6vastuu N\u00e4m\u00e4 periaatteet ovat toimintamme keski\u00f6ss\u00e4, ja noudatamme niit\u00e4 p\u00e4ivitt\u00e4isess\u00e4 ty\u00f6ss\u00e4mme ja tuotekehityksess\u00e4. Tuotevalikoimamme:<\/p>\n","protected":false},"author":3,"featured_media":0,"parent":0,"menu_order":0,"comment_status":"closed","ping_status":"closed","template":"","meta":{"footnotes":""},"class_list":["post-900","page","type-page","status-publish","hentry"],"blocksy_meta":[],"yoast_head":"<!-- This site is optimized with the Yoast SEO plugin v24.3 - https:\/\/yoast.com\/wordpress\/plugins\/seo\/ -->\n<title>Yrityksemme - NordeFood<\/title>\n<meta name=\"robots\" content=\"index, follow, max-snippet:-1, max-image-preview:large, max-video-preview:-1\" \/>\n<link rel=\"canonical\" href=\"https:\/\/nordefood.eu\/fi\/yrityksemme\/\" \/>\n<meta property=\"og:locale\" content=\"fi_FI\" \/>\n<meta property=\"og:type\" content=\"article\" \/>\n<meta property=\"og:title\" content=\"Yrityksemme - NordeFood\" \/>\n<meta property=\"og:description\" content=\"NordeFood NordeFood O\u00dc on virolais-suomalainen tuotanto- ja tukkumyyntiyritys, jonka toiminta keskittyy elintarvikealaan. Yritys edusta eri tehtaita Pohjoismaissa ja Baltiassa, lis\u00e4ksi valmistaa omia tuotteitaan eri puolilla EU:ta sijaitsevissa tehtaissa. Laatu, kest\u00e4v\u00e4 kehitys, ymp\u00e4rist\u00f6vastuu N\u00e4m\u00e4 periaatteet ovat toimintamme keski\u00f6ss\u00e4, ja noudatamme niit\u00e4 p\u00e4ivitt\u00e4isess\u00e4 ty\u00f6ss\u00e4mme ja tuotekehityksess\u00e4. Tuotevalikoimamme:\" \/>\n<meta property=\"og:url\" content=\"https:\/\/nordefood.eu\/fi\/yrityksemme\/\" \/>\n<meta property=\"og:site_name\" content=\"NordeFood\" \/>\n<meta property=\"article:modified_time\" content=\"2025-01-14T09:19:23+00:00\" \/>\n<meta property=\"og:image\" content=\"https:\/\/nordefood.eu\/wp-content\/uploads\/2020\/08\/Who-are-we.jpg\" \/>\n\t<meta property=\"og:image:width\" content=\"900\" \/>\n\t<meta property=\"og:image:height\" content=\"600\" \/>\n\t<meta property=\"og:image:type\" content=\"image\/jpeg\" \/>\n<meta name=\"twitter:card\" content=\"summary_large_image\" \/>\n<meta name=\"twitter:label1\" content=\"Arvioitu lukuaika\" \/>\n\t<meta name=\"twitter:data1\" content=\"1 minuutti\" \/>\n<script type=\"application\/ld+json\" class=\"yoast-schema-graph\">{\"@context\":\"https:\/\/schema.org\",\"@graph\":[{\"@type\":\"WebPage\",\"@id\":\"https:\/\/nordefood.eu\/fi\/yrityksemme\/\",\"url\":\"https:\/\/nordefood.eu\/fi\/yrityksemme\/\",\"name\":\"Yrityksemme - NordeFood\",\"isPartOf\":{\"@id\":\"https:\/\/nordefood.eu\/#website\"},\"primaryImageOfPage\":{\"@id\":\"https:\/\/nordefood.eu\/fi\/yrityksemme\/#primaryimage\"},\"image\":{\"@id\":\"https:\/\/nordefood.eu\/fi\/yrityksemme\/#primaryimage\"},\"thumbnailUrl\":\"https:\/\/nordefood.eu\/wp-content\/uploads\/2020\/08\/Who-are-we.jpg\",\"datePublished\":\"2025-01-07T10:16:33+00:00\",\"dateModified\":\"2025-01-14T09:19:23+00:00\",\"breadcrumb\":{\"@id\":\"https:\/\/nordefood.eu\/fi\/yrityksemme\/#breadcrumb\"},\"inLanguage\":\"fi\",\"potentialAction\":[{\"@type\":\"ReadAction\",\"target\":[\"https:\/\/nordefood.eu\/fi\/yrityksemme\/\"]}]},{\"@type\":\"ImageObject\",\"inLanguage\":\"fi\",\"@id\":\"https:\/\/nordefood.eu\/fi\/yrityksemme\/#primaryimage\",\"url\":\"https:\/\/nordefood.eu\/wp-content\/uploads\/2020\/08\/Who-are-we.jpg\",\"contentUrl\":\"https:\/\/nordefood.eu\/wp-content\/uploads\/2020\/08\/Who-are-we.jpg\"},{\"@type\":\"BreadcrumbList\",\"@id\":\"https:\/\/nordefood.eu\/fi\/yrityksemme\/#breadcrumb\",\"itemListElement\":[{\"@type\":\"ListItem\",\"position\":1,\"name\":\"Home\",\"item\":\"https:\/\/nordefood.eu\/fi\/\"},{\"@type\":\"ListItem\",\"position\":2,\"name\":\"Yrityksemme\"}]},{\"@type\":\"WebSite\",\"@id\":\"https:\/\/nordefood.eu\/#website\",\"url\":\"https:\/\/nordefood.eu\/\",\"name\":\"NordeFood\",\"description\":\"Leht testimiseks\",\"publisher\":{\"@id\":\"https:\/\/nordefood.eu\/#organization\"},\"potentialAction\":[{\"@type\":\"SearchAction\",\"target\":{\"@type\":\"EntryPoint\",\"urlTemplate\":\"https:\/\/nordefood.eu\/?s={search_term_string}\"},\"query-input\":{\"@type\":\"PropertyValueSpecification\",\"valueRequired\":true,\"valueName\":\"search_term_string\"}}],\"inLanguage\":\"fi\"},{\"@type\":\"Organization\",\"@id\":\"https:\/\/nordefood.eu\/#organization\",\"name\":\"NordeFood\",\"url\":\"https:\/\/nordefood.eu\/\",\"logo\":{\"@type\":\"ImageObject\",\"inLanguage\":\"fi\",\"@id\":\"https:\/\/nordefood.eu\/#\/schema\/logo\/image\/\",\"url\":\"https:\/\/nordefood.eu\/wp-content\/uploads\/2017\/05\/logo7.png\",\"contentUrl\":\"https:\/\/nordefood.eu\/wp-content\/uploads\/2017\/05\/logo7.png\",\"width\":205,\"height\":31,\"caption\":\"NordeFood\"},\"image\":{\"@id\":\"https:\/\/nordefood.eu\/#\/schema\/logo\/image\/\"}}]}<\/script>\n<!-- \/ Yoast SEO plugin. -->","yoast_head_json":{"title":"Yrityksemme - NordeFood","robots":{"index":"index","follow":"follow","max-snippet":"max-snippet:-1","max-image-preview":"max-image-preview:large","max-video-preview":"max-video-preview:-1"},"canonical":"https:\/\/nordefood.eu\/fi\/yrityksemme\/","og_locale":"fi_FI","og_type":"article","og_title":"Yrityksemme - NordeFood","og_description":"NordeFood NordeFood O\u00dc on virolais-suomalainen tuotanto- ja tukkumyyntiyritys, jonka toiminta keskittyy elintarvikealaan. Yritys edusta eri tehtaita Pohjoismaissa ja Baltiassa, lis\u00e4ksi valmistaa omia tuotteitaan eri puolilla EU:ta sijaitsevissa tehtaissa. Laatu, kest\u00e4v\u00e4 kehitys, ymp\u00e4rist\u00f6vastuu N\u00e4m\u00e4 periaatteet ovat toimintamme keski\u00f6ss\u00e4, ja noudatamme niit\u00e4 p\u00e4ivitt\u00e4isess\u00e4 ty\u00f6ss\u00e4mme ja tuotekehityksess\u00e4. Tuotevalikoimamme:","og_url":"https:\/\/nordefood.eu\/fi\/yrityksemme\/","og_site_name":"NordeFood","article_modified_time":"2025-01-14T09:19:23+00:00","og_image":[{"width":900,"height":600,"url":"https:\/\/nordefood.eu\/wp-content\/uploads\/2020\/08\/Who-are-we.jpg","type":"image\/jpeg"}],"twitter_card":"summary_large_image","twitter_misc":{"Arvioitu lukuaika":"1 minuutti"},"schema":{"@context":"https:\/\/schema.org","@graph":[{"@type":"WebPage","@id":"https:\/\/nordefood.eu\/fi\/yrityksemme\/","url":"https:\/\/nordefood.eu\/fi\/yrityksemme\/","name":"Yrityksemme - NordeFood","isPartOf":{"@id":"https:\/\/nordefood.eu\/#website"},"primaryImageOfPage":{"@id":"https:\/\/nordefood.eu\/fi\/yrityksemme\/#primaryimage"},"image":{"@id":"https:\/\/nordefood.eu\/fi\/yrityksemme\/#primaryimage"},"thumbnailUrl":"https:\/\/nordefood.eu\/wp-content\/uploads\/2020\/08\/Who-are-we.jpg","datePublished":"2025-01-07T10:16:33+00:00","dateModified":"2025-01-14T09:19:23+00:00","breadcrumb":{"@id":"https:\/\/nordefood.eu\/fi\/yrityksemme\/#breadcrumb"},"inLanguage":"fi","potentialAction":[{"@type":"ReadAction","target":["https:\/\/nordefood.eu\/fi\/yrityksemme\/"]}]},{"@type":"ImageObject","inLanguage":"fi","@id":"https:\/\/nordefood.eu\/fi\/yrityksemme\/#primaryimage","url":"https:\/\/nordefood.eu\/wp-content\/uploads\/2020\/08\/Who-are-we.jpg","contentUrl":"https:\/\/nordefood.eu\/wp-content\/uploads\/2020\/08\/Who-are-we.jpg"},{"@type":"BreadcrumbList","@id":"https:\/\/nordefood.eu\/fi\/yrityksemme\/#breadcrumb","itemListElement":[{"@type":"ListItem","position":1,"name":"Home","item":"https:\/\/nordefood.eu\/fi\/"},{"@type":"ListItem","position":2,"name":"Yrityksemme"}]},{"@type":"WebSite","@id":"https:\/\/nordefood.eu\/#website","url":"https:\/\/nordefood.eu\/","name":"NordeFood","description":"Leht testimiseks","publisher":{"@id":"https:\/\/nordefood.eu\/#organization"},"potentialAction":[{"@type":"SearchAction","target":{"@type":"EntryPoint","urlTemplate":"https:\/\/nordefood.eu\/?s={search_term_string}"},"query-input":{"@type":"PropertyValueSpecification","valueRequired":true,"valueName":"search_term_string"}}],"inLanguage":"fi"},{"@type":"Organization","@id":"https:\/\/nordefood.eu\/#organization","name":"NordeFood","url":"https:\/\/nordefood.eu\/","logo":{"@type":"ImageObject","inLanguage":"fi","@id":"https:\/\/nordefood.eu\/#\/schema\/logo\/image\/","url":"https:\/\/nordefood.eu\/wp-content\/uploads\/2017\/05\/logo7.png","contentUrl":"https:\/\/nordefood.eu\/wp-content\/uploads\/2017\/05\/logo7.png","width":205,"height":31,"caption":"NordeFood"},"image":{"@id":"https:\/\/nordefood.eu\/#\/schema\/logo\/image\/"}}]}},"_links":{"self":[{"href":"https:\/\/nordefood.eu\/fi\/wp-json\/wp\/v2\/pages\/900","targetHints":{"allow":["GET"]}}],"collection":[{"href":"https:\/\/nordefood.eu\/fi\/wp-json\/wp\/v2\/pages"}],"about":[{"href":"https:\/\/nordefood.eu\/fi\/wp-json\/wp\/v2\/types\/page"}],"author":[{"embeddable":true,"href":"https:\/\/nordefood.eu\/fi\/wp-json\/wp\/v2\/users\/3"}],"replies":[{"embeddable":true,"href":"https:\/\/nordefood.eu\/fi\/wp-json\/wp\/v2\/comments?post=900"}],"version-history":[{"count":2,"href":"https:\/\/nordefood.eu\/fi\/wp-json\/wp\/v2\/pages\/900\/revisions"}],"predecessor-version":[{"id":960,"href":"https:\/\/nordefood.eu\/fi\/wp-json\/wp\/v2\/pages\/900\/revisions\/960"}],"wp:attachment":[{"href":"https:\/\/nordefood.eu\/fi\/wp-json\/wp\/v2\/media?parent=900"}],"curies":[{"name":"wp","href":"https:\/\/api.w.org\/{rel}","templated":true}]}}