{"id":903,"date":"2025-01-14T10:12:55","date_gmt":"2025-01-14T08:12:55","guid":{"rendered":"https:\/\/nordefood.eu\/?page_id=903"},"modified":"2025-01-14T10:14:38","modified_gmt":"2025-01-14T08:14:38","slug":"tuotteet","status":"publish","type":"page","link":"https:\/\/nordefood.eu\/fi\/tuotteet\/","title":{"rendered":"Tuotteet"},"content":{"rendered":"\n<figure class=\"wp-block-image size-large\"><img loading=\"lazy\" decoding=\"async\" width=\"900\" height=\"400\" src=\"https:\/\/nordefood.eu\/wp-content\/uploads\/2020\/08\/Foodservice-900x400.jpg\" alt=\"Foodservice\" class=\"wp-image-460\" srcset=\"https:\/\/nordefood.eu\/wp-content\/uploads\/2020\/08\/Foodservice.jpg 900w, https:\/\/nordefood.eu\/wp-content\/uploads\/2020\/08\/Foodservice-300x133.jpg 300w\" sizes=\"auto, (max-width: 900px) 100vw, 900px\" \/><\/figure>\n\n\n\n<h2 class=\"wp-block-heading\">Tuotteet<\/h2>\n\n\n\n<p>Tiimill\u00e4mme on pitk\u00e4 kokemus elintarvikealalta, ja seuraamme sen kehityst\u00e4 koko ajan. N\u00e4emme, ett\u00e4 valinnanvarasta sek\u00e4 ruoan puhtaudesta, alkuper\u00e4st\u00e4 ja vastuullisuudesta on tulossa yh\u00e4 t\u00e4rke\u00e4mpi\u00e4 asioita. My\u00f6s helppous ja v\u00e4hemm\u00e4n aikaa viev\u00e4 valmistus ovat nousussa. <\/p>\n\n\n\n<p>N\u00e4ihin trendeihin vastaamiseksi tarjoamme kattavan valikoiman tuotteita \u00e0 la carte- ja lounasravintoloille.<\/p>\n","protected":false},"excerpt":{"rendered":"<p>Tuotteet Tiimill\u00e4mme on pitk\u00e4 kokemus elintarvikealalta, ja seuraamme sen kehityst\u00e4 koko ajan. N\u00e4emme, ett\u00e4 valinnanvarasta sek\u00e4 ruoan puhtaudesta, alkuper\u00e4st\u00e4 ja vastuullisuudesta on tulossa yh\u00e4 t\u00e4rke\u00e4mpi\u00e4 asioita. My\u00f6s helppous ja v\u00e4hemm\u00e4n aikaa viev\u00e4 valmistus ovat nousussa. N\u00e4ihin trendeihin vastaamiseksi tarjoamme kattavan valikoiman tuotteita \u00e0 la carte- ja lounasravintoloille.<\/p>\n","protected":false},"author":3,"featured_media":0,"parent":0,"menu_order":0,"comment_status":"closed","ping_status":"closed","template":"","meta":{"footnotes":""},"class_list":["post-903","page","type-page","status-publish","hentry"],"blocksy_meta":[],"yoast_head":"<!-- This site is optimized with the Yoast SEO plugin v24.3 - https:\/\/yoast.com\/wordpress\/plugins\/seo\/ -->\n<title>Tuotteet - NordeFood<\/title>\n<meta name=\"robots\" content=\"index, follow, max-snippet:-1, max-image-preview:large, max-video-preview:-1\" \/>\n<link rel=\"canonical\" href=\"https:\/\/nordefood.eu\/fi\/tuotteet\/\" \/>\n<meta property=\"og:locale\" content=\"fi_FI\" \/>\n<meta property=\"og:type\" content=\"article\" \/>\n<meta property=\"og:title\" content=\"Tuotteet - NordeFood\" \/>\n<meta property=\"og:description\" content=\"Tuotteet Tiimill\u00e4mme on pitk\u00e4 kokemus elintarvikealalta, ja seuraamme sen kehityst\u00e4 koko ajan. N\u00e4emme, ett\u00e4 valinnanvarasta sek\u00e4 ruoan puhtaudesta, alkuper\u00e4st\u00e4 ja vastuullisuudesta on tulossa yh\u00e4 t\u00e4rke\u00e4mpi\u00e4 asioita. My\u00f6s helppous ja v\u00e4hemm\u00e4n aikaa viev\u00e4 valmistus ovat nousussa. N\u00e4ihin trendeihin vastaamiseksi tarjoamme kattavan valikoiman tuotteita \u00e0 la carte- ja lounasravintoloille.\" \/>\n<meta property=\"og:url\" content=\"https:\/\/nordefood.eu\/fi\/tuotteet\/\" \/>\n<meta property=\"og:site_name\" content=\"NordeFood\" \/>\n<meta property=\"article:modified_time\" content=\"2025-01-14T08:14:38+00:00\" \/>\n<meta property=\"og:image\" content=\"https:\/\/nordefood.eu\/wp-content\/uploads\/2020\/08\/Foodservice.jpg\" \/>\n\t<meta property=\"og:image:width\" content=\"900\" \/>\n\t<meta property=\"og:image:height\" content=\"400\" \/>\n\t<meta property=\"og:image:type\" content=\"image\/jpeg\" \/>\n<meta name=\"twitter:card\" content=\"summary_large_image\" \/>\n<meta name=\"twitter:label1\" content=\"Arvioitu lukuaika\" \/>\n\t<meta name=\"twitter:data1\" content=\"1 minuutti\" \/>\n<script type=\"application\/ld+json\" class=\"yoast-schema-graph\">{\"@context\":\"https:\/\/schema.org\",\"@graph\":[{\"@type\":\"WebPage\",\"@id\":\"https:\/\/nordefood.eu\/fi\/tuotteet\/\",\"url\":\"https:\/\/nordefood.eu\/fi\/tuotteet\/\",\"name\":\"Tuotteet - NordeFood\",\"isPartOf\":{\"@id\":\"https:\/\/nordefood.eu\/#website\"},\"primaryImageOfPage\":{\"@id\":\"https:\/\/nordefood.eu\/fi\/tuotteet\/#primaryimage\"},\"image\":{\"@id\":\"https:\/\/nordefood.eu\/fi\/tuotteet\/#primaryimage\"},\"thumbnailUrl\":\"https:\/\/nordefood.eu\/wp-content\/uploads\/2020\/08\/Foodservice-900x400.jpg\",\"datePublished\":\"2025-01-14T08:12:55+00:00\",\"dateModified\":\"2025-01-14T08:14:38+00:00\",\"breadcrumb\":{\"@id\":\"https:\/\/nordefood.eu\/fi\/tuotteet\/#breadcrumb\"},\"inLanguage\":\"fi\",\"potentialAction\":[{\"@type\":\"ReadAction\",\"target\":[\"https:\/\/nordefood.eu\/fi\/tuotteet\/\"]}]},{\"@type\":\"ImageObject\",\"inLanguage\":\"fi\",\"@id\":\"https:\/\/nordefood.eu\/fi\/tuotteet\/#primaryimage\",\"url\":\"https:\/\/nordefood.eu\/wp-content\/uploads\/2020\/08\/Foodservice-900x400.jpg\",\"contentUrl\":\"https:\/\/nordefood.eu\/wp-content\/uploads\/2020\/08\/Foodservice-900x400.jpg\"},{\"@type\":\"BreadcrumbList\",\"@id\":\"https:\/\/nordefood.eu\/fi\/tuotteet\/#breadcrumb\",\"itemListElement\":[{\"@type\":\"ListItem\",\"position\":1,\"name\":\"Home\",\"item\":\"https:\/\/nordefood.eu\/fi\/\"},{\"@type\":\"ListItem\",\"position\":2,\"name\":\"Tuotteet\"}]},{\"@type\":\"WebSite\",\"@id\":\"https:\/\/nordefood.eu\/#website\",\"url\":\"https:\/\/nordefood.eu\/\",\"name\":\"NordeFood\",\"description\":\"Leht testimiseks\",\"publisher\":{\"@id\":\"https:\/\/nordefood.eu\/#organization\"},\"potentialAction\":[{\"@type\":\"SearchAction\",\"target\":{\"@type\":\"EntryPoint\",\"urlTemplate\":\"https:\/\/nordefood.eu\/?s={search_term_string}\"},\"query-input\":{\"@type\":\"PropertyValueSpecification\",\"valueRequired\":true,\"valueName\":\"search_term_string\"}}],\"inLanguage\":\"fi\"},{\"@type\":\"Organization\",\"@id\":\"https:\/\/nordefood.eu\/#organization\",\"name\":\"NordeFood\",\"url\":\"https:\/\/nordefood.eu\/\",\"logo\":{\"@type\":\"ImageObject\",\"inLanguage\":\"fi\",\"@id\":\"https:\/\/nordefood.eu\/#\/schema\/logo\/image\/\",\"url\":\"https:\/\/nordefood.eu\/wp-content\/uploads\/2017\/05\/logo7.png\",\"contentUrl\":\"https:\/\/nordefood.eu\/wp-content\/uploads\/2017\/05\/logo7.png\",\"width\":205,\"height\":31,\"caption\":\"NordeFood\"},\"image\":{\"@id\":\"https:\/\/nordefood.eu\/#\/schema\/logo\/image\/\"}}]}<\/script>\n<!-- \/ Yoast SEO plugin. -->","yoast_head_json":{"title":"Tuotteet - NordeFood","robots":{"index":"index","follow":"follow","max-snippet":"max-snippet:-1","max-image-preview":"max-image-preview:large","max-video-preview":"max-video-preview:-1"},"canonical":"https:\/\/nordefood.eu\/fi\/tuotteet\/","og_locale":"fi_FI","og_type":"article","og_title":"Tuotteet - NordeFood","og_description":"Tuotteet Tiimill\u00e4mme on pitk\u00e4 kokemus elintarvikealalta, ja seuraamme sen kehityst\u00e4 koko ajan. N\u00e4emme, ett\u00e4 valinnanvarasta sek\u00e4 ruoan puhtaudesta, alkuper\u00e4st\u00e4 ja vastuullisuudesta on tulossa yh\u00e4 t\u00e4rke\u00e4mpi\u00e4 asioita. My\u00f6s helppous ja v\u00e4hemm\u00e4n aikaa viev\u00e4 valmistus ovat nousussa. N\u00e4ihin trendeihin vastaamiseksi tarjoamme kattavan valikoiman tuotteita \u00e0 la carte- ja lounasravintoloille.","og_url":"https:\/\/nordefood.eu\/fi\/tuotteet\/","og_site_name":"NordeFood","article_modified_time":"2025-01-14T08:14:38+00:00","og_image":[{"width":900,"height":400,"url":"https:\/\/nordefood.eu\/wp-content\/uploads\/2020\/08\/Foodservice.jpg","type":"image\/jpeg"}],"twitter_card":"summary_large_image","twitter_misc":{"Arvioitu lukuaika":"1 minuutti"},"schema":{"@context":"https:\/\/schema.org","@graph":[{"@type":"WebPage","@id":"https:\/\/nordefood.eu\/fi\/tuotteet\/","url":"https:\/\/nordefood.eu\/fi\/tuotteet\/","name":"Tuotteet - NordeFood","isPartOf":{"@id":"https:\/\/nordefood.eu\/#website"},"primaryImageOfPage":{"@id":"https:\/\/nordefood.eu\/fi\/tuotteet\/#primaryimage"},"image":{"@id":"https:\/\/nordefood.eu\/fi\/tuotteet\/#primaryimage"},"thumbnailUrl":"https:\/\/nordefood.eu\/wp-content\/uploads\/2020\/08\/Foodservice-900x400.jpg","datePublished":"2025-01-14T08:12:55+00:00","dateModified":"2025-01-14T08:14:38+00:00","breadcrumb":{"@id":"https:\/\/nordefood.eu\/fi\/tuotteet\/#breadcrumb"},"inLanguage":"fi","potentialAction":[{"@type":"ReadAction","target":["https:\/\/nordefood.eu\/fi\/tuotteet\/"]}]},{"@type":"ImageObject","inLanguage":"fi","@id":"https:\/\/nordefood.eu\/fi\/tuotteet\/#primaryimage","url":"https:\/\/nordefood.eu\/wp-content\/uploads\/2020\/08\/Foodservice-900x400.jpg","contentUrl":"https:\/\/nordefood.eu\/wp-content\/uploads\/2020\/08\/Foodservice-900x400.jpg"},{"@type":"BreadcrumbList","@id":"https:\/\/nordefood.eu\/fi\/tuotteet\/#breadcrumb","itemListElement":[{"@type":"ListItem","position":1,"name":"Home","item":"https:\/\/nordefood.eu\/fi\/"},{"@type":"ListItem","position":2,"name":"Tuotteet"}]},{"@type":"WebSite","@id":"https:\/\/nordefood.eu\/#website","url":"https:\/\/nordefood.eu\/","name":"NordeFood","description":"Leht testimiseks","publisher":{"@id":"https:\/\/nordefood.eu\/#organization"},"potentialAction":[{"@type":"SearchAction","target":{"@type":"EntryPoint","urlTemplate":"https:\/\/nordefood.eu\/?s={search_term_string}"},"query-input":{"@type":"PropertyValueSpecification","valueRequired":true,"valueName":"search_term_string"}}],"inLanguage":"fi"},{"@type":"Organization","@id":"https:\/\/nordefood.eu\/#organization","name":"NordeFood","url":"https:\/\/nordefood.eu\/","logo":{"@type":"ImageObject","inLanguage":"fi","@id":"https:\/\/nordefood.eu\/#\/schema\/logo\/image\/","url":"https:\/\/nordefood.eu\/wp-content\/uploads\/2017\/05\/logo7.png","contentUrl":"https:\/\/nordefood.eu\/wp-content\/uploads\/2017\/05\/logo7.png","width":205,"height":31,"caption":"NordeFood"},"image":{"@id":"https:\/\/nordefood.eu\/#\/schema\/logo\/image\/"}}]}},"_links":{"self":[{"href":"https:\/\/nordefood.eu\/fi\/wp-json\/wp\/v2\/pages\/903","targetHints":{"allow":["GET"]}}],"collection":[{"href":"https:\/\/nordefood.eu\/fi\/wp-json\/wp\/v2\/pages"}],"about":[{"href":"https:\/\/nordefood.eu\/fi\/wp-json\/wp\/v2\/types\/page"}],"author":[{"embeddable":true,"href":"https:\/\/nordefood.eu\/fi\/wp-json\/wp\/v2\/users\/3"}],"replies":[{"embeddable":true,"href":"https:\/\/nordefood.eu\/fi\/wp-json\/wp\/v2\/comments?post=903"}],"version-history":[{"count":1,"href":"https:\/\/nordefood.eu\/fi\/wp-json\/wp\/v2\/pages\/903\/revisions"}],"predecessor-version":[{"id":904,"href":"https:\/\/nordefood.eu\/fi\/wp-json\/wp\/v2\/pages\/903\/revisions\/904"}],"wp:attachment":[{"href":"https:\/\/nordefood.eu\/fi\/wp-json\/wp\/v2\/media?parent=903"}],"curies":[{"name":"wp","href":"https:\/\/api.w.org\/{rel}","templated":true}]}}