{"id":906,"date":"2025-01-14T10:23:23","date_gmt":"2025-01-14T08:23:23","guid":{"rendered":"https:\/\/nordefood.eu\/?page_id=906"},"modified":"2025-01-20T12:51:29","modified_gmt":"2025-01-20T10:51:29","slug":"nordefood-tuotemerkkilla-tuotteet","status":"publish","type":"page","link":"https:\/\/nordefood.eu\/fi\/nordefood-tuotemerkkilla-tuotteet\/","title":{"rendered":"NordeFood tuotemerkkilla tuotteet"},"content":{"rendered":"\n<figure class=\"wp-block-image size-full\"><a href=\"https:\/\/nordefood.eu\/wp-content\/uploads\/2024\/11\/NordeFood-Specials.jpeg\"><img loading=\"lazy\" decoding=\"async\" width=\"1927\" height=\"1112\" src=\"https:\/\/nordefood.eu\/wp-content\/uploads\/2024\/11\/NordeFood-Specials.jpeg\" alt=\"\" class=\"wp-image-592\" srcset=\"https:\/\/nordefood.eu\/wp-content\/uploads\/2024\/11\/NordeFood-Specials.jpeg 1927w, https:\/\/nordefood.eu\/wp-content\/uploads\/2024\/11\/NordeFood-Specials-300x173.jpeg 300w, https:\/\/nordefood.eu\/wp-content\/uploads\/2024\/11\/NordeFood-Specials-1030x594.jpeg 1030w, https:\/\/nordefood.eu\/wp-content\/uploads\/2024\/11\/NordeFood-Specials-768x443.jpeg 768w, https:\/\/nordefood.eu\/wp-content\/uploads\/2024\/11\/NordeFood-Specials-1536x886.jpeg 1536w\" sizes=\"auto, (max-width: 1927px) 100vw, 1927px\" \/><\/a><\/figure>\n\n\n\n<h2 class=\"wp-block-heading\">NordeFood-br\u00e4nd\u00e4tyt tuotteet<\/h2>\n\n\n\n<p>Olemme ylpeit\u00e4 NordeFood-br\u00e4nd\u00e4tyist\u00e4 tuotteistamme, jotka on valmistettu laadukkaasti ja huolella tehtaissa eri puolilla EU:ta. Kaikissa tuotantolaitoksissa noudatetaan tiukkoja laatustandardeja, kuten ISO-, BRC- tai IFS-standardia. <\/p>\n\n\n\n<p>Tuotteemme on suunniteltu t\u00e4ytt\u00e4m\u00e4\u00e4n tiukimmatkin standardit ja erilaiset kulinaariset tarpeet. Jokainen NordeFood-valikoiman tuote on kehitetty huolella tarjoamaan asiakkaillemme helppoutta ja upeita makuel\u00e4myksi\u00e4.<\/p>\n\n\n\n<p><strong>Tuotevalikoimamme<\/strong>:<\/p>\n\n\n\n<h3 class=\"wp-block-heading\">Liha<\/h3>\n\n\n\n<p><strong>Laadukkaat ruhonosat ja lihajalosteet<\/strong>.<\/p>\n\n\n\n<ul class=\"wp-block-list\">\n<li>Riista, kuten hirvi, saksanhirvi ja mets\u00e4kauris: tuoreet ja pakastetut ruhonosat ja pidemm\u00e4lle jalostetut tuotteet \u2013 HoReCa, kuluttaja ja teollisuus pakattu<\/li>\n\n\n\n<li>Saksanhirven ja hirven k\u00e4ristys, raakana ja kyps\u00e4n\u00e4 \u2013 HoReCa ja kuluttaja pakattu<\/li>\n\n\n\n<li>Riistaburgeripihvit, 80&nbsp;g ja 160&nbsp;g \u2013 HoReCa ja kuluttaja pakattu<\/li>\n\n\n\n<li>Kyps\u00e4 paahtopaisti, kokonaisena tai viipaleina \u2013 HoReCa pakattu<\/li>\n\n\n\n<li>Laaja valikoima monenlaista sous-vide kypsennetty\u00e4 lihaa eri muodoissa \u2013 HoReCa pakattu<\/li>\n\n\n\n<li>Leivitetyt gluteenittomat esipaistetut kananugetit, -burgeripihvit ja -palat \u2013 HoReCa ja kuluttaja pakattu<\/li>\n\n\n\n<li>Esipaistetut rapeat kanansiivet \u2013 HoReCa ja kuluttaja pakattu<\/li>\n\n\n\n<li>Leivitetty esipaistettu klassinen wieninleike<\/li>\n<\/ul>\n\n\n\n<h3 class=\"wp-block-heading\">Kala:<\/h3>\n\n\n\n<p><strong>Huolella valittu ja vastuullisesti kalastettu tai viljelty<\/strong><\/p>\n\n\n\n<ul class=\"wp-block-list\">\n<li>Kalat, kuten kuha, ahven ja hauki: eri kokoja ja glaseerauksia<\/li>\n\n\n\n<li>Lohi- ja taimen: fileet, annokset, eri osat ja pakkausvaihtoehdot<\/li>\n\n\n\n<li>Jauhettua lohta, taimenta, silli\u00e4, haukea ja s\u00e4rke\u00e4<\/li>\n\n\n\n<li> saatavana eri pakkauksissa<\/li>\n<\/ul>\n\n\n\n<h3 class=\"wp-block-heading\">Vihannekset ja kasvisvaihtoehdot<\/h3>\n\n\n\n<p><strong>Kypsennetyt vihannekset ja ravitsevat kasvisvaihtoehdot<\/strong><\/p>\n\n\n\n<ul class=\"wp-block-list\">\n<li>Kypsennetyt perunat, porkkanat, nauriit, punajuuret, bataatti jne. eri muodoissa ja pakkauksissa<\/li>\n\n\n\n<li>Kypsennetyt kikherneet, mustapavut jne.<\/li>\n<\/ul>\n\n\n\n<p>Br\u00e4nd\u00e4tty tuotevalikoimamme kasvaa koko ajan, sill\u00e4 haluamme tarjota asiakkaillemme parhaita ja k\u00e4tevimpi\u00e4 vaihtoehtoja.<\/p>\n","protected":false},"excerpt":{"rendered":"<p>NordeFood-br\u00e4nd\u00e4tyt tuotteet Olemme ylpeit\u00e4 NordeFood-br\u00e4nd\u00e4tyist\u00e4 tuotteistamme, jotka on valmistettu laadukkaasti ja huolella tehtaissa eri puolilla EU:ta. Kaikissa tuotantolaitoksissa noudatetaan tiukkoja laatustandardeja, kuten ISO-, BRC- tai IFS-standardia. Tuotteemme on suunniteltu t\u00e4ytt\u00e4m\u00e4\u00e4n tiukimmatkin standardit ja erilaiset kulinaariset tarpeet. Jokainen NordeFood-valikoiman tuote on kehitetty huolella tarjoamaan asiakkaillemme helppoutta ja upeita makuel\u00e4myksi\u00e4. Tuotevalikoimamme: Liha Laadukkaat ruhonosat ja lihajalosteet. Kala: [&hellip;]<\/p>\n","protected":false},"author":3,"featured_media":0,"parent":0,"menu_order":0,"comment_status":"closed","ping_status":"closed","template":"","meta":{"footnotes":""},"class_list":["post-906","page","type-page","status-publish","hentry"],"blocksy_meta":[],"yoast_head":"<!-- This site is optimized with the Yoast SEO plugin v24.3 - https:\/\/yoast.com\/wordpress\/plugins\/seo\/ -->\n<title>NordeFood tuotemerkkilla tuotteet - NordeFood<\/title>\n<meta name=\"robots\" content=\"index, follow, max-snippet:-1, max-image-preview:large, max-video-preview:-1\" \/>\n<link rel=\"canonical\" href=\"https:\/\/nordefood.eu\/fi\/nordefood-tuotemerkkilla-tuotteet\/\" \/>\n<meta property=\"og:locale\" content=\"fi_FI\" \/>\n<meta property=\"og:type\" content=\"article\" \/>\n<meta property=\"og:title\" content=\"NordeFood tuotemerkkilla tuotteet - NordeFood\" \/>\n<meta property=\"og:description\" content=\"NordeFood-br\u00e4nd\u00e4tyt tuotteet Olemme ylpeit\u00e4 NordeFood-br\u00e4nd\u00e4tyist\u00e4 tuotteistamme, jotka on valmistettu laadukkaasti ja huolella tehtaissa eri puolilla EU:ta. Kaikissa tuotantolaitoksissa noudatetaan tiukkoja laatustandardeja, kuten ISO-, BRC- tai IFS-standardia. Tuotteemme on suunniteltu t\u00e4ytt\u00e4m\u00e4\u00e4n tiukimmatkin standardit ja erilaiset kulinaariset tarpeet. Jokainen NordeFood-valikoiman tuote on kehitetty huolella tarjoamaan asiakkaillemme helppoutta ja upeita makuel\u00e4myksi\u00e4. Tuotevalikoimamme: Liha Laadukkaat ruhonosat ja lihajalosteet. Kala: [&hellip;]\" \/>\n<meta property=\"og:url\" content=\"https:\/\/nordefood.eu\/fi\/nordefood-tuotemerkkilla-tuotteet\/\" \/>\n<meta property=\"og:site_name\" content=\"NordeFood\" \/>\n<meta property=\"article:modified_time\" content=\"2025-01-20T10:51:29+00:00\" \/>\n<meta property=\"og:image\" content=\"https:\/\/nordefood.eu\/wp-content\/uploads\/2024\/11\/NordeFood-Specials.jpeg\" \/>\n\t<meta property=\"og:image:width\" content=\"1927\" \/>\n\t<meta property=\"og:image:height\" content=\"1112\" \/>\n\t<meta property=\"og:image:type\" content=\"image\/jpeg\" \/>\n<meta name=\"twitter:card\" content=\"summary_large_image\" \/>\n<meta name=\"twitter:label1\" content=\"Arvioitu lukuaika\" \/>\n\t<meta name=\"twitter:data1\" content=\"2 minuuttia\" \/>\n<script type=\"application\/ld+json\" class=\"yoast-schema-graph\">{\"@context\":\"https:\/\/schema.org\",\"@graph\":[{\"@type\":\"WebPage\",\"@id\":\"https:\/\/nordefood.eu\/fi\/nordefood-tuotemerkkilla-tuotteet\/\",\"url\":\"https:\/\/nordefood.eu\/fi\/nordefood-tuotemerkkilla-tuotteet\/\",\"name\":\"NordeFood tuotemerkkilla tuotteet - NordeFood\",\"isPartOf\":{\"@id\":\"https:\/\/nordefood.eu\/#website\"},\"primaryImageOfPage\":{\"@id\":\"https:\/\/nordefood.eu\/fi\/nordefood-tuotemerkkilla-tuotteet\/#primaryimage\"},\"image\":{\"@id\":\"https:\/\/nordefood.eu\/fi\/nordefood-tuotemerkkilla-tuotteet\/#primaryimage\"},\"thumbnailUrl\":\"https:\/\/nordefood.eu\/wp-content\/uploads\/2024\/11\/NordeFood-Specials.jpeg\",\"datePublished\":\"2025-01-14T08:23:23+00:00\",\"dateModified\":\"2025-01-20T10:51:29+00:00\",\"breadcrumb\":{\"@id\":\"https:\/\/nordefood.eu\/fi\/nordefood-tuotemerkkilla-tuotteet\/#breadcrumb\"},\"inLanguage\":\"fi\",\"potentialAction\":[{\"@type\":\"ReadAction\",\"target\":[\"https:\/\/nordefood.eu\/fi\/nordefood-tuotemerkkilla-tuotteet\/\"]}]},{\"@type\":\"ImageObject\",\"inLanguage\":\"fi\",\"@id\":\"https:\/\/nordefood.eu\/fi\/nordefood-tuotemerkkilla-tuotteet\/#primaryimage\",\"url\":\"https:\/\/nordefood.eu\/wp-content\/uploads\/2024\/11\/NordeFood-Specials.jpeg\",\"contentUrl\":\"https:\/\/nordefood.eu\/wp-content\/uploads\/2024\/11\/NordeFood-Specials.jpeg\"},{\"@type\":\"BreadcrumbList\",\"@id\":\"https:\/\/nordefood.eu\/fi\/nordefood-tuotemerkkilla-tuotteet\/#breadcrumb\",\"itemListElement\":[{\"@type\":\"ListItem\",\"position\":1,\"name\":\"Home\",\"item\":\"https:\/\/nordefood.eu\/fi\/\"},{\"@type\":\"ListItem\",\"position\":2,\"name\":\"NordeFood tuotemerkkilla tuotteet\"}]},{\"@type\":\"WebSite\",\"@id\":\"https:\/\/nordefood.eu\/#website\",\"url\":\"https:\/\/nordefood.eu\/\",\"name\":\"NordeFood\",\"description\":\"Leht testimiseks\",\"publisher\":{\"@id\":\"https:\/\/nordefood.eu\/#organization\"},\"potentialAction\":[{\"@type\":\"SearchAction\",\"target\":{\"@type\":\"EntryPoint\",\"urlTemplate\":\"https:\/\/nordefood.eu\/?s={search_term_string}\"},\"query-input\":{\"@type\":\"PropertyValueSpecification\",\"valueRequired\":true,\"valueName\":\"search_term_string\"}}],\"inLanguage\":\"fi\"},{\"@type\":\"Organization\",\"@id\":\"https:\/\/nordefood.eu\/#organization\",\"name\":\"NordeFood\",\"url\":\"https:\/\/nordefood.eu\/\",\"logo\":{\"@type\":\"ImageObject\",\"inLanguage\":\"fi\",\"@id\":\"https:\/\/nordefood.eu\/#\/schema\/logo\/image\/\",\"url\":\"https:\/\/nordefood.eu\/wp-content\/uploads\/2017\/05\/logo7.png\",\"contentUrl\":\"https:\/\/nordefood.eu\/wp-content\/uploads\/2017\/05\/logo7.png\",\"width\":205,\"height\":31,\"caption\":\"NordeFood\"},\"image\":{\"@id\":\"https:\/\/nordefood.eu\/#\/schema\/logo\/image\/\"}}]}<\/script>\n<!-- \/ Yoast SEO plugin. -->","yoast_head_json":{"title":"NordeFood tuotemerkkilla tuotteet - NordeFood","robots":{"index":"index","follow":"follow","max-snippet":"max-snippet:-1","max-image-preview":"max-image-preview:large","max-video-preview":"max-video-preview:-1"},"canonical":"https:\/\/nordefood.eu\/fi\/nordefood-tuotemerkkilla-tuotteet\/","og_locale":"fi_FI","og_type":"article","og_title":"NordeFood tuotemerkkilla tuotteet - NordeFood","og_description":"NordeFood-br\u00e4nd\u00e4tyt tuotteet Olemme ylpeit\u00e4 NordeFood-br\u00e4nd\u00e4tyist\u00e4 tuotteistamme, jotka on valmistettu laadukkaasti ja huolella tehtaissa eri puolilla EU:ta. Kaikissa tuotantolaitoksissa noudatetaan tiukkoja laatustandardeja, kuten ISO-, BRC- tai IFS-standardia. Tuotteemme on suunniteltu t\u00e4ytt\u00e4m\u00e4\u00e4n tiukimmatkin standardit ja erilaiset kulinaariset tarpeet. Jokainen NordeFood-valikoiman tuote on kehitetty huolella tarjoamaan asiakkaillemme helppoutta ja upeita makuel\u00e4myksi\u00e4. Tuotevalikoimamme: Liha Laadukkaat ruhonosat ja lihajalosteet. Kala: [&hellip;]","og_url":"https:\/\/nordefood.eu\/fi\/nordefood-tuotemerkkilla-tuotteet\/","og_site_name":"NordeFood","article_modified_time":"2025-01-20T10:51:29+00:00","og_image":[{"width":1927,"height":1112,"url":"https:\/\/nordefood.eu\/wp-content\/uploads\/2024\/11\/NordeFood-Specials.jpeg","type":"image\/jpeg"}],"twitter_card":"summary_large_image","twitter_misc":{"Arvioitu lukuaika":"2 minuuttia"},"schema":{"@context":"https:\/\/schema.org","@graph":[{"@type":"WebPage","@id":"https:\/\/nordefood.eu\/fi\/nordefood-tuotemerkkilla-tuotteet\/","url":"https:\/\/nordefood.eu\/fi\/nordefood-tuotemerkkilla-tuotteet\/","name":"NordeFood tuotemerkkilla tuotteet - NordeFood","isPartOf":{"@id":"https:\/\/nordefood.eu\/#website"},"primaryImageOfPage":{"@id":"https:\/\/nordefood.eu\/fi\/nordefood-tuotemerkkilla-tuotteet\/#primaryimage"},"image":{"@id":"https:\/\/nordefood.eu\/fi\/nordefood-tuotemerkkilla-tuotteet\/#primaryimage"},"thumbnailUrl":"https:\/\/nordefood.eu\/wp-content\/uploads\/2024\/11\/NordeFood-Specials.jpeg","datePublished":"2025-01-14T08:23:23+00:00","dateModified":"2025-01-20T10:51:29+00:00","breadcrumb":{"@id":"https:\/\/nordefood.eu\/fi\/nordefood-tuotemerkkilla-tuotteet\/#breadcrumb"},"inLanguage":"fi","potentialAction":[{"@type":"ReadAction","target":["https:\/\/nordefood.eu\/fi\/nordefood-tuotemerkkilla-tuotteet\/"]}]},{"@type":"ImageObject","inLanguage":"fi","@id":"https:\/\/nordefood.eu\/fi\/nordefood-tuotemerkkilla-tuotteet\/#primaryimage","url":"https:\/\/nordefood.eu\/wp-content\/uploads\/2024\/11\/NordeFood-Specials.jpeg","contentUrl":"https:\/\/nordefood.eu\/wp-content\/uploads\/2024\/11\/NordeFood-Specials.jpeg"},{"@type":"BreadcrumbList","@id":"https:\/\/nordefood.eu\/fi\/nordefood-tuotemerkkilla-tuotteet\/#breadcrumb","itemListElement":[{"@type":"ListItem","position":1,"name":"Home","item":"https:\/\/nordefood.eu\/fi\/"},{"@type":"ListItem","position":2,"name":"NordeFood tuotemerkkilla tuotteet"}]},{"@type":"WebSite","@id":"https:\/\/nordefood.eu\/#website","url":"https:\/\/nordefood.eu\/","name":"NordeFood","description":"Leht testimiseks","publisher":{"@id":"https:\/\/nordefood.eu\/#organization"},"potentialAction":[{"@type":"SearchAction","target":{"@type":"EntryPoint","urlTemplate":"https:\/\/nordefood.eu\/?s={search_term_string}"},"query-input":{"@type":"PropertyValueSpecification","valueRequired":true,"valueName":"search_term_string"}}],"inLanguage":"fi"},{"@type":"Organization","@id":"https:\/\/nordefood.eu\/#organization","name":"NordeFood","url":"https:\/\/nordefood.eu\/","logo":{"@type":"ImageObject","inLanguage":"fi","@id":"https:\/\/nordefood.eu\/#\/schema\/logo\/image\/","url":"https:\/\/nordefood.eu\/wp-content\/uploads\/2017\/05\/logo7.png","contentUrl":"https:\/\/nordefood.eu\/wp-content\/uploads\/2017\/05\/logo7.png","width":205,"height":31,"caption":"NordeFood"},"image":{"@id":"https:\/\/nordefood.eu\/#\/schema\/logo\/image\/"}}]}},"_links":{"self":[{"href":"https:\/\/nordefood.eu\/fi\/wp-json\/wp\/v2\/pages\/906","targetHints":{"allow":["GET"]}}],"collection":[{"href":"https:\/\/nordefood.eu\/fi\/wp-json\/wp\/v2\/pages"}],"about":[{"href":"https:\/\/nordefood.eu\/fi\/wp-json\/wp\/v2\/types\/page"}],"author":[{"embeddable":true,"href":"https:\/\/nordefood.eu\/fi\/wp-json\/wp\/v2\/users\/3"}],"replies":[{"embeddable":true,"href":"https:\/\/nordefood.eu\/fi\/wp-json\/wp\/v2\/comments?post=906"}],"version-history":[{"count":2,"href":"https:\/\/nordefood.eu\/fi\/wp-json\/wp\/v2\/pages\/906\/revisions"}],"predecessor-version":[{"id":964,"href":"https:\/\/nordefood.eu\/fi\/wp-json\/wp\/v2\/pages\/906\/revisions\/964"}],"wp:attachment":[{"href":"https:\/\/nordefood.eu\/fi\/wp-json\/wp\/v2\/media?parent=906"}],"curies":[{"name":"wp","href":"https:\/\/api.w.org\/{rel}","templated":true}]}}