{"id":911,"date":"2025-01-14T10:27:26","date_gmt":"2025-01-14T08:27:26","guid":{"rendered":"https:\/\/nordefood.eu\/?page_id=911"},"modified":"2025-01-14T10:29:06","modified_gmt":"2025-01-14T08:29:06","slug":"juusto","status":"publish","type":"page","link":"https:\/\/nordefood.eu\/fi\/juusto\/","title":{"rendered":"Juusto"},"content":{"rendered":"\n<figure class=\"wp-block-image size-large\"><img loading=\"lazy\" decoding=\"async\" width=\"900\" height=\"600\" src=\"https:\/\/nordefood.eu\/wp-content\/uploads\/2020\/08\/cheese-900x600.jpg\" alt=\"Cheese\" class=\"wp-image-466\" srcset=\"https:\/\/nordefood.eu\/wp-content\/uploads\/2020\/08\/cheese.jpg 900w, https:\/\/nordefood.eu\/wp-content\/uploads\/2020\/08\/cheese-300x200.jpg 300w\" sizes=\"auto, (max-width: 900px) 100vw, 900px\" \/><\/figure>\n\n\n\n<h2 class=\"wp-block-heading\">Juusto<\/h2>\n\n\n\n<p>T\u00e4rkein maitotuotteemme on juusto ja teemme yhteisty\u00f6t\u00e4 johtavan virolaisen juustonvalmistajan kanssa. Yrityksell\u00e4 on nykyaikainen tehdas, jossa valmistetaan juustoa, voita ja maitojauhetta.<\/p>\n\n\n\n<ul class=\"wp-block-list\">\n<li>Edam: raaste, viipaleet, kuluttajapakkaus, palat, hukkapalat<\/li>\n\n\n\n<li>Gouda: raaste, viipaleet, kuluttajapakkaus, palat, hukkapalat<\/li>\n\n\n\n<li>Savujuusto: viipaleet, kuluttajapakkaus<\/li>\n\n\n\n<li>Edam\/mozzarella: raaste<\/li>\n\n\n\n<li>Tuore ja pakastettu voi<\/li>\n\n\n\n<li>Maitojauhe<\/li>\n<\/ul>\n","protected":false},"excerpt":{"rendered":"<p>Juusto T\u00e4rkein maitotuotteemme on juusto ja teemme yhteisty\u00f6t\u00e4 johtavan virolaisen juustonvalmistajan kanssa. Yrityksell\u00e4 on nykyaikainen tehdas, jossa valmistetaan juustoa, voita ja maitojauhetta.<\/p>\n","protected":false},"author":3,"featured_media":0,"parent":0,"menu_order":0,"comment_status":"closed","ping_status":"closed","template":"","meta":{"footnotes":""},"class_list":["post-911","page","type-page","status-publish","hentry"],"blocksy_meta":[],"yoast_head":"<!-- This site is optimized with the Yoast SEO plugin v24.3 - https:\/\/yoast.com\/wordpress\/plugins\/seo\/ -->\n<title>Juusto - NordeFood<\/title>\n<meta name=\"robots\" content=\"index, follow, max-snippet:-1, max-image-preview:large, max-video-preview:-1\" \/>\n<link rel=\"canonical\" href=\"https:\/\/nordefood.eu\/fi\/juusto\/\" \/>\n<meta property=\"og:locale\" content=\"fi_FI\" \/>\n<meta property=\"og:type\" content=\"article\" \/>\n<meta property=\"og:title\" content=\"Juusto - NordeFood\" \/>\n<meta property=\"og:description\" content=\"Juusto T\u00e4rkein maitotuotteemme on juusto ja teemme yhteisty\u00f6t\u00e4 johtavan virolaisen juustonvalmistajan kanssa. Yrityksell\u00e4 on nykyaikainen tehdas, jossa valmistetaan juustoa, voita ja maitojauhetta.\" \/>\n<meta property=\"og:url\" content=\"https:\/\/nordefood.eu\/fi\/juusto\/\" \/>\n<meta property=\"og:site_name\" content=\"NordeFood\" \/>\n<meta property=\"article:modified_time\" content=\"2025-01-14T08:29:06+00:00\" \/>\n<meta property=\"og:image\" content=\"https:\/\/nordefood.eu\/wp-content\/uploads\/2020\/08\/cheese.jpg\" \/>\n\t<meta property=\"og:image:width\" content=\"900\" \/>\n\t<meta property=\"og:image:height\" content=\"600\" \/>\n\t<meta property=\"og:image:type\" content=\"image\/jpeg\" \/>\n<meta name=\"twitter:card\" content=\"summary_large_image\" \/>\n<meta name=\"twitter:label1\" content=\"Arvioitu lukuaika\" \/>\n\t<meta name=\"twitter:data1\" content=\"1 minuutti\" \/>\n<script type=\"application\/ld+json\" class=\"yoast-schema-graph\">{\"@context\":\"https:\/\/schema.org\",\"@graph\":[{\"@type\":\"WebPage\",\"@id\":\"https:\/\/nordefood.eu\/fi\/juusto\/\",\"url\":\"https:\/\/nordefood.eu\/fi\/juusto\/\",\"name\":\"Juusto - NordeFood\",\"isPartOf\":{\"@id\":\"https:\/\/nordefood.eu\/#website\"},\"primaryImageOfPage\":{\"@id\":\"https:\/\/nordefood.eu\/fi\/juusto\/#primaryimage\"},\"image\":{\"@id\":\"https:\/\/nordefood.eu\/fi\/juusto\/#primaryimage\"},\"thumbnailUrl\":\"https:\/\/nordefood.eu\/wp-content\/uploads\/2020\/08\/cheese-900x600.jpg\",\"datePublished\":\"2025-01-14T08:27:26+00:00\",\"dateModified\":\"2025-01-14T08:29:06+00:00\",\"breadcrumb\":{\"@id\":\"https:\/\/nordefood.eu\/fi\/juusto\/#breadcrumb\"},\"inLanguage\":\"fi\",\"potentialAction\":[{\"@type\":\"ReadAction\",\"target\":[\"https:\/\/nordefood.eu\/fi\/juusto\/\"]}]},{\"@type\":\"ImageObject\",\"inLanguage\":\"fi\",\"@id\":\"https:\/\/nordefood.eu\/fi\/juusto\/#primaryimage\",\"url\":\"https:\/\/nordefood.eu\/wp-content\/uploads\/2020\/08\/cheese-900x600.jpg\",\"contentUrl\":\"https:\/\/nordefood.eu\/wp-content\/uploads\/2020\/08\/cheese-900x600.jpg\"},{\"@type\":\"BreadcrumbList\",\"@id\":\"https:\/\/nordefood.eu\/fi\/juusto\/#breadcrumb\",\"itemListElement\":[{\"@type\":\"ListItem\",\"position\":1,\"name\":\"Home\",\"item\":\"https:\/\/nordefood.eu\/fi\/\"},{\"@type\":\"ListItem\",\"position\":2,\"name\":\"Juusto\"}]},{\"@type\":\"WebSite\",\"@id\":\"https:\/\/nordefood.eu\/#website\",\"url\":\"https:\/\/nordefood.eu\/\",\"name\":\"NordeFood\",\"description\":\"Leht testimiseks\",\"publisher\":{\"@id\":\"https:\/\/nordefood.eu\/#organization\"},\"potentialAction\":[{\"@type\":\"SearchAction\",\"target\":{\"@type\":\"EntryPoint\",\"urlTemplate\":\"https:\/\/nordefood.eu\/?s={search_term_string}\"},\"query-input\":{\"@type\":\"PropertyValueSpecification\",\"valueRequired\":true,\"valueName\":\"search_term_string\"}}],\"inLanguage\":\"fi\"},{\"@type\":\"Organization\",\"@id\":\"https:\/\/nordefood.eu\/#organization\",\"name\":\"NordeFood\",\"url\":\"https:\/\/nordefood.eu\/\",\"logo\":{\"@type\":\"ImageObject\",\"inLanguage\":\"fi\",\"@id\":\"https:\/\/nordefood.eu\/#\/schema\/logo\/image\/\",\"url\":\"https:\/\/nordefood.eu\/wp-content\/uploads\/2017\/05\/logo7.png\",\"contentUrl\":\"https:\/\/nordefood.eu\/wp-content\/uploads\/2017\/05\/logo7.png\",\"width\":205,\"height\":31,\"caption\":\"NordeFood\"},\"image\":{\"@id\":\"https:\/\/nordefood.eu\/#\/schema\/logo\/image\/\"}}]}<\/script>\n<!-- \/ Yoast SEO plugin. -->","yoast_head_json":{"title":"Juusto - NordeFood","robots":{"index":"index","follow":"follow","max-snippet":"max-snippet:-1","max-image-preview":"max-image-preview:large","max-video-preview":"max-video-preview:-1"},"canonical":"https:\/\/nordefood.eu\/fi\/juusto\/","og_locale":"fi_FI","og_type":"article","og_title":"Juusto - NordeFood","og_description":"Juusto T\u00e4rkein maitotuotteemme on juusto ja teemme yhteisty\u00f6t\u00e4 johtavan virolaisen juustonvalmistajan kanssa. Yrityksell\u00e4 on nykyaikainen tehdas, jossa valmistetaan juustoa, voita ja maitojauhetta.","og_url":"https:\/\/nordefood.eu\/fi\/juusto\/","og_site_name":"NordeFood","article_modified_time":"2025-01-14T08:29:06+00:00","og_image":[{"width":900,"height":600,"url":"https:\/\/nordefood.eu\/wp-content\/uploads\/2020\/08\/cheese.jpg","type":"image\/jpeg"}],"twitter_card":"summary_large_image","twitter_misc":{"Arvioitu lukuaika":"1 minuutti"},"schema":{"@context":"https:\/\/schema.org","@graph":[{"@type":"WebPage","@id":"https:\/\/nordefood.eu\/fi\/juusto\/","url":"https:\/\/nordefood.eu\/fi\/juusto\/","name":"Juusto - NordeFood","isPartOf":{"@id":"https:\/\/nordefood.eu\/#website"},"primaryImageOfPage":{"@id":"https:\/\/nordefood.eu\/fi\/juusto\/#primaryimage"},"image":{"@id":"https:\/\/nordefood.eu\/fi\/juusto\/#primaryimage"},"thumbnailUrl":"https:\/\/nordefood.eu\/wp-content\/uploads\/2020\/08\/cheese-900x600.jpg","datePublished":"2025-01-14T08:27:26+00:00","dateModified":"2025-01-14T08:29:06+00:00","breadcrumb":{"@id":"https:\/\/nordefood.eu\/fi\/juusto\/#breadcrumb"},"inLanguage":"fi","potentialAction":[{"@type":"ReadAction","target":["https:\/\/nordefood.eu\/fi\/juusto\/"]}]},{"@type":"ImageObject","inLanguage":"fi","@id":"https:\/\/nordefood.eu\/fi\/juusto\/#primaryimage","url":"https:\/\/nordefood.eu\/wp-content\/uploads\/2020\/08\/cheese-900x600.jpg","contentUrl":"https:\/\/nordefood.eu\/wp-content\/uploads\/2020\/08\/cheese-900x600.jpg"},{"@type":"BreadcrumbList","@id":"https:\/\/nordefood.eu\/fi\/juusto\/#breadcrumb","itemListElement":[{"@type":"ListItem","position":1,"name":"Home","item":"https:\/\/nordefood.eu\/fi\/"},{"@type":"ListItem","position":2,"name":"Juusto"}]},{"@type":"WebSite","@id":"https:\/\/nordefood.eu\/#website","url":"https:\/\/nordefood.eu\/","name":"NordeFood","description":"Leht testimiseks","publisher":{"@id":"https:\/\/nordefood.eu\/#organization"},"potentialAction":[{"@type":"SearchAction","target":{"@type":"EntryPoint","urlTemplate":"https:\/\/nordefood.eu\/?s={search_term_string}"},"query-input":{"@type":"PropertyValueSpecification","valueRequired":true,"valueName":"search_term_string"}}],"inLanguage":"fi"},{"@type":"Organization","@id":"https:\/\/nordefood.eu\/#organization","name":"NordeFood","url":"https:\/\/nordefood.eu\/","logo":{"@type":"ImageObject","inLanguage":"fi","@id":"https:\/\/nordefood.eu\/#\/schema\/logo\/image\/","url":"https:\/\/nordefood.eu\/wp-content\/uploads\/2017\/05\/logo7.png","contentUrl":"https:\/\/nordefood.eu\/wp-content\/uploads\/2017\/05\/logo7.png","width":205,"height":31,"caption":"NordeFood"},"image":{"@id":"https:\/\/nordefood.eu\/#\/schema\/logo\/image\/"}}]}},"_links":{"self":[{"href":"https:\/\/nordefood.eu\/fi\/wp-json\/wp\/v2\/pages\/911","targetHints":{"allow":["GET"]}}],"collection":[{"href":"https:\/\/nordefood.eu\/fi\/wp-json\/wp\/v2\/pages"}],"about":[{"href":"https:\/\/nordefood.eu\/fi\/wp-json\/wp\/v2\/types\/page"}],"author":[{"embeddable":true,"href":"https:\/\/nordefood.eu\/fi\/wp-json\/wp\/v2\/users\/3"}],"replies":[{"embeddable":true,"href":"https:\/\/nordefood.eu\/fi\/wp-json\/wp\/v2\/comments?post=911"}],"version-history":[{"count":1,"href":"https:\/\/nordefood.eu\/fi\/wp-json\/wp\/v2\/pages\/911\/revisions"}],"predecessor-version":[{"id":912,"href":"https:\/\/nordefood.eu\/fi\/wp-json\/wp\/v2\/pages\/911\/revisions\/912"}],"wp:attachment":[{"href":"https:\/\/nordefood.eu\/fi\/wp-json\/wp\/v2\/media?parent=911"}],"curies":[{"name":"wp","href":"https:\/\/api.w.org\/{rel}","templated":true}]}}