{"id":914,"date":"2025-01-14T10:31:11","date_gmt":"2025-01-14T08:31:11","guid":{"rendered":"https:\/\/nordefood.eu\/?page_id=914"},"modified":"2025-01-14T10:36:26","modified_gmt":"2025-01-14T08:36:26","slug":"yhteystiedot","status":"publish","type":"page","link":"https:\/\/nordefood.eu\/fi\/yhteystiedot\/","title":{"rendered":"Yhteystiedot"},"content":{"rendered":"<style>.kb-row-layout-id914_a8a218-01 > .kt-row-column-wrap{align-content:start;}:where(.kb-row-layout-id914_a8a218-01 > .kt-row-column-wrap) > .wp-block-kadence-column{justify-content:start;}.kb-row-layout-id914_a8a218-01 > .kt-row-column-wrap{column-gap:var(--global-kb-gap-md, 2rem);row-gap:var(--global-kb-gap-md, 2rem);padding-top:0px;padding-right:0px;padding-bottom:0px;padding-left:0px;grid-template-columns:minmax(0, 1fr);}.kb-row-layout-id914_a8a218-01 > .kt-row-layout-overlay{opacity:0.30;}@media all and (max-width: 1024px){.kb-row-layout-id914_a8a218-01 > .kt-row-column-wrap{grid-template-columns:minmax(0, 1fr);}}@media all and (max-width: 767px){.kb-row-layout-wrap.wp-block-kadence-rowlayout.kb-row-layout-id914_a8a218-01{margin-bottom:0px;}.kb-row-layout-id914_a8a218-01 > .kt-row-column-wrap{padding-bottom:0px;grid-template-columns:minmax(0, 1fr);}}<\/style><div class=\"kb-row-layout-wrap kb-row-layout-id914_a8a218-01 alignfull wp-block-kadence-rowlayout\"><div class=\"kt-row-column-wrap kt-has-1-columns kt-row-layout-equal kt-tab-layout-inherit kt-mobile-layout-row kt-row-valign-top\">\n<style>.kadence-column914_b25c8c-d6 > .kt-inside-inner-col,.kadence-column914_b25c8c-d6 > .kt-inside-inner-col:before{border-top-left-radius:0px;border-top-right-radius:0px;border-bottom-right-radius:0px;border-bottom-left-radius:0px;}.kadence-column914_b25c8c-d6 > .kt-inside-inner-col{column-gap:var(--global-kb-gap-sm, 1rem);}.kadence-column914_b25c8c-d6 > .kt-inside-inner-col{flex-direction:column;}.kadence-column914_b25c8c-d6 > .kt-inside-inner-col > .aligncenter{width:100%;}.kadence-column914_b25c8c-d6 > .kt-inside-inner-col:before{opacity:0.3;}.kadence-column914_b25c8c-d6{position:relative;}@media all and (max-width: 1024px){.kadence-column914_b25c8c-d6 > .kt-inside-inner-col{flex-direction:column;}}@media all and (max-width: 767px){.kadence-column914_b25c8c-d6 > .kt-inside-inner-col{flex-direction:column;}}<\/style>\n<div class=\"wp-block-kadence-column kadence-column914_b25c8c-d6 inner-column-1\"><div class=\"kt-inside-inner-col\"><style>.kb-google-maps-container914_88cb3a-07{height:350px;}<\/style><div class=\"kb-google-maps-container kb-google-maps-container914_88cb3a-07  wp-block-kadence-googlemaps\" data-mapid=\"914_88cb3a07\"><iframe width=\"100%\" height=\"100%\"\n\t\t\t\t\t\t\tstyle=\"border:0\" loading=\"lazy\"\n\t\t\t\t\t\t\tsrc=\"https:\/\/www.google.com\/maps\/embed\/v1\/place?key=AIzaSyBAM2o7PiQqwk15LC1XRH2e_KJ-jUa7KYk&#038;zoom=16&#038;maptype=roadmap&#038;q=tuleviku+tee+10%2C+peetri\"\n\t\t\t\t\t\t\ttitle=\"Google map of tuleviku tee 10, peetri\"><\/iframe><\/div><script>function kb_google_map914_88cb3a07() { let center = { lat: 37.8201, lng: -122.4781}; let map = new google.maps.Map(document.getElementById(\"kb-google-map914_88cb3a07\"), {\n\t\t\t\t\t    zoom: 16,\n\t\t\t\t\t    center: center,});let marker = new google.maps.Marker({   position: { lat: 37.8201, lng: -122.4781},    map: map,  });}<\/script><\/div><\/div>\n\n<\/div><\/div>\n\n<style>.kb-row-layout-wrap.wp-block-kadence-rowlayout.kb-row-layout-id914_03b72a-8d{margin-top:50px;}.kb-row-layout-id914_03b72a-8d > .kt-row-column-wrap{align-content:center;}:where(.kb-row-layout-id914_03b72a-8d > .kt-row-column-wrap) > .wp-block-kadence-column{justify-content:center;}.kb-row-layout-id914_03b72a-8d > .kt-row-column-wrap{column-gap:var(--global-kb-gap-md, 2rem);row-gap:var(--global-kb-gap-md, 2rem);padding-top:var(--global-kb-spacing-sm, 1.5rem);padding-bottom:var(--global-kb-spacing-sm, 1.5rem);}.kb-row-layout-id914_03b72a-8d > .kt-row-column-wrap > div:not(.added-for-specificity){grid-column:initial;}.kb-row-layout-id914_03b72a-8d > .kt-row-column-wrap{grid-template-columns:repeat(4, minmax(0, 1fr));}.kb-row-layout-id914_03b72a-8d > .kt-row-layout-overlay{opacity:0.30;}@media all and (max-width: 1024px){.kb-row-layout-id914_03b72a-8d > .kt-row-column-wrap > div:not(.added-for-specificity){grid-column:initial;}}@media all and (max-width: 1024px){.kb-row-layout-id914_03b72a-8d > .kt-row-column-wrap{grid-template-columns:repeat(4, minmax(0, 1fr));}}@media all and (max-width: 767px){.kb-row-layout-id914_03b72a-8d > .kt-row-column-wrap > div:not(.added-for-specificity){grid-column:initial;}.kb-row-layout-id914_03b72a-8d > .kt-row-column-wrap{grid-template-columns:minmax(0, 1fr);}}<\/style><div class=\"kb-row-layout-wrap kb-row-layout-id914_03b72a-8d alignnone wp-block-kadence-rowlayout\"><div class=\"kt-row-column-wrap kt-has-4-columns kt-row-layout-equal kt-tab-layout-inherit kt-mobile-layout-row kt-row-valign-middle\">\n<style>.kadence-column914_f7a3cb-ad > .kt-inside-inner-col{padding-top:20px;padding-right:20px;padding-bottom:20px;padding-left:20px;}.kadence-column914_f7a3cb-ad > .kt-inside-inner-col{border-top:1px solid #ebebeb;border-right:1px solid #ebebeb;border-bottom:1px solid #ebebeb;border-left:1px solid #ebebeb;}.kadence-column914_f7a3cb-ad > .kt-inside-inner-col,.kadence-column914_f7a3cb-ad > .kt-inside-inner-col:before{border-top-left-radius:0px;border-top-right-radius:0px;border-bottom-right-radius:0px;border-bottom-left-radius:0px;}.kadence-column914_f7a3cb-ad > .kt-inside-inner-col{column-gap:var(--global-kb-gap-sm, 1rem);}.kadence-column914_f7a3cb-ad > .kt-inside-inner-col{flex-direction:column;}.kadence-column914_f7a3cb-ad > .kt-inside-inner-col > .aligncenter{width:100%;}.kadence-column914_f7a3cb-ad > .kt-inside-inner-col{background-color:#f9f9f9;}.kadence-column914_f7a3cb-ad > .kt-inside-inner-col:before{opacity:0.3;}.kadence-column914_f7a3cb-ad{position:relative;}@media all and (max-width: 1024px){.kadence-column914_f7a3cb-ad > .kt-inside-inner-col{border-top:1px solid #ebebeb;border-right:1px solid #ebebeb;border-bottom:1px solid #ebebeb;border-left:1px solid #ebebeb;flex-direction:column;}}@media all and (max-width: 767px){.kadence-column914_f7a3cb-ad > .kt-inside-inner-col{border-top:1px solid #ebebeb;border-right:1px solid #ebebeb;border-bottom:1px solid #ebebeb;border-left:1px solid #ebebeb;flex-direction:column;}}<\/style>\n<div class=\"wp-block-kadence-column kadence-column914_f7a3cb-ad\"><div class=\"kt-inside-inner-col\">\n<h2 class=\"wp-block-heading\"><strong>NordeFood O\u00dc<\/strong><\/h2>\n\n\n\n<p><strong>Osoite:<\/strong><br>Tuleviku tee 10<br>Peetri, Rae vald<br>Harjumaa 75312<br>Estonia<\/p>\n<\/div><\/div>\n\n\n<style>.kadence-column914_301cc8-33 > .kt-inside-inner-col,.kadence-column914_301cc8-33 > .kt-inside-inner-col:before{border-top-left-radius:0px;border-top-right-radius:0px;border-bottom-right-radius:0px;border-bottom-left-radius:0px;}.kadence-column914_301cc8-33 > .kt-inside-inner-col{column-gap:var(--global-kb-gap-sm, 1rem);}.kadence-column914_301cc8-33 > .kt-inside-inner-col{flex-direction:column;}.kadence-column914_301cc8-33 > .kt-inside-inner-col > .aligncenter{width:100%;}.kadence-column914_301cc8-33 > .kt-inside-inner-col:before{opacity:0.3;}.kadence-column914_301cc8-33{position:relative;}@media all and (max-width: 1024px){.kadence-column914_301cc8-33 > .kt-inside-inner-col{flex-direction:column;}}@media all and (max-width: 767px){.kadence-column914_301cc8-33 > .kt-inside-inner-col{flex-direction:column;}}<\/style>\n<div class=\"wp-block-kadence-column kadence-column914_301cc8-33\"><div class=\"kt-inside-inner-col\">\n<h3 class=\"wp-block-heading\">Veiko Villem<\/h3>\n\n\n\n<p>Osakas \/ osto ja myynti<br>Puhelin: +372 5344 1593<br>Skype: veikovillem<br>E-mail:&nbsp;<a href=\"javascript:DeCryptX('3y1f0i3n0o1A2p3r2t1e3h0f2q2q0d1\/1f2w')\">veiko@nordefood.eu<\/a><\/p>\n<\/div><\/div>\n\n\n<style>.kadence-column914_d4531e-36 > .kt-inside-inner-col,.kadence-column914_d4531e-36 > .kt-inside-inner-col:before{border-top-left-radius:0px;border-top-right-radius:0px;border-bottom-right-radius:0px;border-bottom-left-radius:0px;}.kadence-column914_d4531e-36 > .kt-inside-inner-col{column-gap:var(--global-kb-gap-sm, 1rem);}.kadence-column914_d4531e-36 > .kt-inside-inner-col{flex-direction:column;}.kadence-column914_d4531e-36 > .kt-inside-inner-col > .aligncenter{width:100%;}.kadence-column914_d4531e-36 > .kt-inside-inner-col:before{opacity:0.3;}.kadence-column914_d4531e-36{position:relative;}@media all and (max-width: 1024px){.kadence-column914_d4531e-36 > .kt-inside-inner-col{flex-direction:column;}}@media all and (max-width: 767px){.kadence-column914_d4531e-36 > .kt-inside-inner-col{flex-direction:column;}}<\/style>\n<div class=\"wp-block-kadence-column kadence-column914_d4531e-36\"><div class=\"kt-inside-inner-col\">\n<h3 class=\"wp-block-heading\">Timo Kuusiaho<\/h3>\n\n\n\n<p>Osakas \/ myynti<br>Puhelin: +358 400 995 660<br>E-mail:&nbsp;<a href=\"javascript:DeCryptX('3w1j1n3r1A2p2q0r3g1f2h2q3r2f202g3x')\">timo@nordefood.eu<\/a><\/p>\n<\/div><\/div>\n\n\n<style>.kadence-column914_bd53ee-3f > .kt-inside-inner-col,.kadence-column914_bd53ee-3f > .kt-inside-inner-col:before{border-top-left-radius:0px;border-top-right-radius:0px;border-bottom-right-radius:0px;border-bottom-left-radius:0px;}.kadence-column914_bd53ee-3f > .kt-inside-inner-col{column-gap:var(--global-kb-gap-sm, 1rem);}.kadence-column914_bd53ee-3f > .kt-inside-inner-col{flex-direction:column;}.kadence-column914_bd53ee-3f > .kt-inside-inner-col > .aligncenter{width:100%;}.kadence-column914_bd53ee-3f > .kt-inside-inner-col:before{opacity:0.3;}.kadence-column914_bd53ee-3f{position:relative;}@media all and (max-width: 1024px){.kadence-column914_bd53ee-3f > .kt-inside-inner-col{flex-direction:column;}}@media all and (max-width: 767px){.kadence-column914_bd53ee-3f > .kt-inside-inner-col{flex-direction:column;}}<\/style>\n<div class=\"wp-block-kadence-column kadence-column914_bd53ee-3f\"><div class=\"kt-inside-inner-col\">\n<h3 class=\"wp-block-heading\">Rivo K\u00f5iv<\/h3>\n\n\n\n<p>Logistiikka ja varasto<br>Puhelin: +372 56 900 883<br>E-mail:&nbsp;<a href=\"javascript:DeCryptX('0r2k1w2q1A3q0o3u2f1f0f2q3r3g200e0u')\">rivo@nordefood.eu<\/a><\/p>\n<\/div><\/div>\n\n<\/div><\/div>\n\n<style>.kb-row-layout-wrap.wp-block-kadence-rowlayout.kb-row-layout-id914_d93412-09{margin-bottom:30px;}.kb-row-layout-id914_d93412-09 > .kt-row-column-wrap{align-content:start;}:where(.kb-row-layout-id914_d93412-09 > .kt-row-column-wrap) > .wp-block-kadence-column{justify-content:start;}.kb-row-layout-id914_d93412-09 > .kt-row-column-wrap{column-gap:var(--global-kb-gap-md, 2rem);row-gap:var(--global-kb-gap-md, 2rem);max-width:1260px;padding-top:var(--global-kb-spacing-sm, 1.5rem);padding-bottom:var(--global-kb-spacing-sm, 1.5rem);grid-template-columns:minmax(0, 1fr);}.kb-row-layout-id914_d93412-09 > .kt-row-layout-overlay{opacity:0.30;}@media all and (max-width: 1024px){.kb-row-layout-id914_d93412-09 > .kt-row-column-wrap{padding-right:20px;padding-left:20px;grid-template-columns:minmax(0, 1fr);}}@media all and (max-width: 767px){.kb-row-layout-id914_d93412-09 > .kt-row-column-wrap{padding-right:15px;padding-left:15px;grid-template-columns:minmax(0, 1fr);}}<\/style><div class=\"kb-row-layout-wrap kb-row-layout-id914_d93412-09 alignnone wp-block-kadence-rowlayout\"><div class=\"kt-row-column-wrap kt-has-1-columns kt-row-layout-equal kt-tab-layout-inherit kt-mobile-layout-row kt-row-valign-top kb-theme-content-width\">\n<style>.kadence-column914_f2ea54-23 > .kt-inside-inner-col,.kadence-column914_f2ea54-23 > .kt-inside-inner-col:before{border-top-left-radius:0px;border-top-right-radius:0px;border-bottom-right-radius:0px;border-bottom-left-radius:0px;}.kadence-column914_f2ea54-23 > .kt-inside-inner-col{column-gap:var(--global-kb-gap-sm, 1rem);}.kadence-column914_f2ea54-23 > .kt-inside-inner-col{flex-direction:column;}.kadence-column914_f2ea54-23 > .kt-inside-inner-col > .aligncenter{width:100%;}.kadence-column914_f2ea54-23 > .kt-inside-inner-col:before{opacity:0.3;}.kadence-column914_f2ea54-23{position:relative;}@media all and (max-width: 1024px){.kadence-column914_f2ea54-23 > .kt-inside-inner-col{flex-direction:column;}}@media all and (max-width: 767px){.kadence-column914_f2ea54-23 > .kt-inside-inner-col{flex-direction:column;}}<\/style>\n<div class=\"wp-block-kadence-column kadence-column914_f2ea54-23 inner-column-1\"><div class=\"kt-inside-inner-col\">\n<h2 class=\"wp-block-heading\"><strong>L\u00e4het\u00e4 meille s\u00e4hk\u00f6postia<\/strong><\/h2>\n\n\n<div class='fluentform ff-inherit-theme-style fluentform_wrapper_4  ff_guten_block'><form data-form_id=\"4\" id=\"fluentform_4\" class=\"frm-fluent-form fluent_form_4 ff-el-form-top ff_form_instance_4_1 ff-form-loading ffs_inherit_theme\" data-form_instance=\"ff_form_instance_4_1\" method=\"POST\" ><fieldset  style=\"border: none!important;margin: 0!important;padding: 0!important;background-color: transparent!important;box-shadow: none!important;outline: none!important; min-inline-size: 100%;\">\n                    <legend class=\"ff_screen_reader_title\" style=\"display: block; margin: 0!important;padding: 0!important;height: 0!important;text-indent: -999999px;width: 0!important;overflow:hidden;\">Kontaktvorm FIN<\/legend><input type='hidden' name='__fluent_form_embded_post_id' value='914' \/><input type=\"hidden\" id=\"_fluentform_4_fluentformnonce\" name=\"_fluentform_4_fluentformnonce\" value=\"4f010a16ac\" \/><input type=\"hidden\" name=\"_wp_http_referer\" value=\"\/fi\/wp-json\/wp\/v2\/pages\/914\" \/><div data-name=\"ff_cn_id_1\"  class='ff-t-container ff-column-container ff_columns_total_3  '><div class='ff-t-cell ff-t-column-1' style='flex-basis: 33.33%;'><div class='ff-el-group ff-el-form-hide_label'><div class=\"ff-el-input--label ff-el-is-required asterisk-right\"><label for='ff_4_nimi' aria-label=\"Nimesi\">Nimesi<\/label><\/div><div class='ff-el-input--content'><input type=\"text\" name=\"nimi\" class=\"ff-el-form-control\" id=\"ff_4_nimi\" placeholder=\"Nimesi *\" data-name=\"nimi\"  aria-invalid=\"false\" aria-required=true><\/div><\/div><\/div><div class='ff-t-cell ff-t-column-2' style='flex-basis: 33.33%;'><div class='ff-el-group ff-el-form-hide_label'><div class=\"ff-el-input--label ff-el-is-required asterisk-right\"><label for='ff_4_e_posti_aadress' aria-label=\"S\u00e4hk\u00f6postiosoitteesi\">S\u00e4hk\u00f6postiosoitteesi<\/label><\/div><div class='ff-el-input--content'><input type=\"email\" name=\"e_posti_aadress\" class=\"ff-el-form-control\" id=\"ff_4_e_posti_aadress\" placeholder=\"S\u00e4hk\u00f6postiosoitteesi *\" data-name=\"e_posti_aadress\"  aria-invalid=\"false\" aria-required=true><\/div><\/div><\/div><div class='ff-t-cell ff-t-column-3' style='flex-basis: 33.33%;'><div class='ff-el-group ff-el-form-hide_label'><div class=\"ff-el-input--label asterisk-right\"><label for='ff_4_kontakttlefon' aria-label=\"Puhelinnumerosi\">Puhelinnumerosi<\/label><\/div><div class='ff-el-input--content'><input type=\"text\" name=\"kontakttlefon\" class=\"ff-el-form-control\" id=\"ff_4_kontakttlefon\" placeholder=\"Puhelinnumerosi\" data-name=\"kontakttlefon\"  aria-invalid=\"false\" aria-required=false><\/div><\/div><\/div><\/div><div class='ff-el-group ff-el-form-hide_label'><div class=\"ff-el-input--label ff-el-is-required asterisk-right\"><label for='ff_4_sinu_snum' aria-label=\"Sinu s\u00f5num\">Sinu s\u00f5num<\/label><\/div><div class='ff-el-input--content'><textarea aria-invalid=\"false\" aria-required=true name=\"sinu_snum\" class=\"ff-el-form-control\" id=\"ff_4_sinu_snum\" placeholder=\"Viestisi *\" rows=\"8\" cols=\"2\" data-name=\"sinu_snum\" ><\/textarea><\/div><\/div><div class='ff-el-group ff-text-left ff_submit_btn_wrapper'><button type=\"submit\" class=\"ff-btn ff-btn-submit ff-btn-md ff_btn_no_style\" >L\u00e4het\u00e4<\/button><\/div><\/fieldset><\/form><div id='fluentform_4_errors' class='ff-errors-in-stack ff_form_instance_4_1 ff-form-loading_errors ff_form_instance_4_1_errors'><\/div><\/div>        <script type=\"text\/javascript\">\n            window.fluent_form_ff_form_instance_4_1 = {\"id\":\"4\",\"settings\":{\"layout\":{\"labelPlacement\":\"top\",\"helpMessagePlacement\":\"with_label\",\"errorMessagePlacement\":\"inline\",\"cssClassName\":\"\",\"asteriskPlacement\":\"asterisk-right\"},\"restrictions\":{\"denyEmptySubmission\":{\"enabled\":false}}},\"form_instance\":\"ff_form_instance_4_1\",\"form_id_selector\":\"fluentform_4\",\"rules\":{\"nimi\":{\"required\":{\"value\":true,\"message\":\"T\\u00e4m\\u00e4 kentt\\u00e4 on pakollinen\",\"global\":false,\"global_message\":\"This field is required\"}},\"e_posti_aadress\":{\"required\":{\"value\":true,\"message\":\"T\\u00e4m\\u00e4 kentt\\u00e4 on pakollinen\",\"global\":false,\"global_message\":\"This field is required\"},\"email\":{\"value\":1,\"message\":\"This field must contain a valid email\",\"global\":false,\"global_message\":\"This field must contain a valid email\"}},\"kontakttlefon\":{\"required\":{\"value\":false,\"message\":\"This field is required\",\"global\":false,\"global_message\":\"This field is required\"}},\"sinu_snum\":{\"required\":{\"value\":true,\"message\":\"T\\u00e4m\\u00e4 kentt\\u00e4 on pakollinen\",\"global\":false,\"global_message\":\"This field is required\"}}},\"debounce_time\":300};\n                    <\/script>\n        <\/div><\/div>\n\n<\/div><\/div>","protected":false},"excerpt":{"rendered":"<p>NordeFood O\u00dc Osoite:Tuleviku tee 10Peetri, Rae valdHarjumaa 75312Estonia Veiko Villem Osakas \/ osto ja myyntiPuhelin: +372 5344 1593Skype: veikovillemE-mail:&nbsp;veiko@nordefood.eu Timo Kuusiaho Osakas \/ myyntiPuhelin: +358 400 995 660E-mail:&nbsp;timo@nordefood.eu Rivo K\u00f5iv Logistiikka ja varastoPuhelin: +372 56 900 883E-mail:&nbsp;rivo@nordefood.eu L\u00e4het\u00e4 meille s\u00e4hk\u00f6postia<\/p>\n","protected":false},"author":3,"featured_media":0,"parent":0,"menu_order":0,"comment_status":"closed","ping_status":"closed","template":"","meta":{"footnotes":""},"class_list":["post-914","page","type-page","status-publish","hentry"],"blocksy_meta":{"page_structure_type":"type-4","has_hero_section":"disabled","vertical_spacing_source":"custom","content_area_spacing":"bottom","styles_descriptor":{"styles":{"desktop":"","tablet":"","mobile":""},"google_fonts":[],"version":6}},"yoast_head":"<!-- This site is optimized with the Yoast SEO plugin v24.3 - https:\/\/yoast.com\/wordpress\/plugins\/seo\/ -->\n<title>Yhteystiedot - NordeFood<\/title>\n<meta name=\"robots\" content=\"index, follow, max-snippet:-1, max-image-preview:large, max-video-preview:-1\" \/>\n<link rel=\"canonical\" href=\"https:\/\/nordefood.eu\/fi\/yhteystiedot\/\" \/>\n<meta property=\"og:locale\" content=\"fi_FI\" \/>\n<meta property=\"og:type\" content=\"article\" \/>\n<meta property=\"og:title\" content=\"Yhteystiedot - NordeFood\" \/>\n<meta property=\"og:description\" content=\"NordeFood O\u00dc Osoite:Tuleviku tee 10Peetri, Rae valdHarjumaa 75312Estonia Veiko Villem Osakas \/ osto ja myyntiPuhelin: +372 5344 1593Skype: veikovillemE-mail:&nbsp;veiko@nordefood.eu Timo Kuusiaho Osakas \/ myyntiPuhelin: +358 400 995 660E-mail:&nbsp;timo@nordefood.eu Rivo K\u00f5iv Logistiikka ja varastoPuhelin: +372 56 900 883E-mail:&nbsp;rivo@nordefood.eu L\u00e4het\u00e4 meille s\u00e4hk\u00f6postia\" \/>\n<meta property=\"og:url\" content=\"https:\/\/nordefood.eu\/fi\/yhteystiedot\/\" \/>\n<meta property=\"og:site_name\" content=\"NordeFood\" \/>\n<meta property=\"article:modified_time\" content=\"2025-01-14T08:36:26+00:00\" \/>\n<meta name=\"twitter:card\" content=\"summary_large_image\" \/>\n<meta name=\"twitter:label1\" content=\"Arvioitu lukuaika\" \/>\n\t<meta name=\"twitter:data1\" content=\"1 minuutti\" \/>\n<script type=\"application\/ld+json\" class=\"yoast-schema-graph\">{\"@context\":\"https:\/\/schema.org\",\"@graph\":[{\"@type\":\"WebPage\",\"@id\":\"https:\/\/nordefood.eu\/fi\/yhteystiedot\/\",\"url\":\"https:\/\/nordefood.eu\/fi\/yhteystiedot\/\",\"name\":\"Yhteystiedot - NordeFood\",\"isPartOf\":{\"@id\":\"https:\/\/nordefood.eu\/#website\"},\"datePublished\":\"2025-01-14T08:31:11+00:00\",\"dateModified\":\"2025-01-14T08:36:26+00:00\",\"breadcrumb\":{\"@id\":\"https:\/\/nordefood.eu\/fi\/yhteystiedot\/#breadcrumb\"},\"inLanguage\":\"fi\",\"potentialAction\":[{\"@type\":\"ReadAction\",\"target\":[\"https:\/\/nordefood.eu\/fi\/yhteystiedot\/\"]}]},{\"@type\":\"BreadcrumbList\",\"@id\":\"https:\/\/nordefood.eu\/fi\/yhteystiedot\/#breadcrumb\",\"itemListElement\":[{\"@type\":\"ListItem\",\"position\":1,\"name\":\"Home\",\"item\":\"https:\/\/nordefood.eu\/fi\/\"},{\"@type\":\"ListItem\",\"position\":2,\"name\":\"Yhteystiedot\"}]},{\"@type\":\"WebSite\",\"@id\":\"https:\/\/nordefood.eu\/#website\",\"url\":\"https:\/\/nordefood.eu\/\",\"name\":\"NordeFood\",\"description\":\"Leht testimiseks\",\"publisher\":{\"@id\":\"https:\/\/nordefood.eu\/#organization\"},\"potentialAction\":[{\"@type\":\"SearchAction\",\"target\":{\"@type\":\"EntryPoint\",\"urlTemplate\":\"https:\/\/nordefood.eu\/?s={search_term_string}\"},\"query-input\":{\"@type\":\"PropertyValueSpecification\",\"valueRequired\":true,\"valueName\":\"search_term_string\"}}],\"inLanguage\":\"fi\"},{\"@type\":\"Organization\",\"@id\":\"https:\/\/nordefood.eu\/#organization\",\"name\":\"NordeFood\",\"url\":\"https:\/\/nordefood.eu\/\",\"logo\":{\"@type\":\"ImageObject\",\"inLanguage\":\"fi\",\"@id\":\"https:\/\/nordefood.eu\/#\/schema\/logo\/image\/\",\"url\":\"https:\/\/nordefood.eu\/wp-content\/uploads\/2017\/05\/logo7.png\",\"contentUrl\":\"https:\/\/nordefood.eu\/wp-content\/uploads\/2017\/05\/logo7.png\",\"width\":205,\"height\":31,\"caption\":\"NordeFood\"},\"image\":{\"@id\":\"https:\/\/nordefood.eu\/#\/schema\/logo\/image\/\"}}]}<\/script>\n<!-- \/ Yoast SEO plugin. -->","yoast_head_json":{"title":"Yhteystiedot - NordeFood","robots":{"index":"index","follow":"follow","max-snippet":"max-snippet:-1","max-image-preview":"max-image-preview:large","max-video-preview":"max-video-preview:-1"},"canonical":"https:\/\/nordefood.eu\/fi\/yhteystiedot\/","og_locale":"fi_FI","og_type":"article","og_title":"Yhteystiedot - NordeFood","og_description":"NordeFood O\u00dc Osoite:Tuleviku tee 10Peetri, Rae valdHarjumaa 75312Estonia Veiko Villem Osakas \/ osto ja myyntiPuhelin: +372 5344 1593Skype: veikovillemE-mail:&nbsp;veiko@nordefood.eu Timo Kuusiaho Osakas \/ myyntiPuhelin: +358 400 995 660E-mail:&nbsp;timo@nordefood.eu Rivo K\u00f5iv Logistiikka ja varastoPuhelin: +372 56 900 883E-mail:&nbsp;rivo@nordefood.eu L\u00e4het\u00e4 meille s\u00e4hk\u00f6postia","og_url":"https:\/\/nordefood.eu\/fi\/yhteystiedot\/","og_site_name":"NordeFood","article_modified_time":"2025-01-14T08:36:26+00:00","twitter_card":"summary_large_image","twitter_misc":{"Arvioitu lukuaika":"1 minuutti"},"schema":{"@context":"https:\/\/schema.org","@graph":[{"@type":"WebPage","@id":"https:\/\/nordefood.eu\/fi\/yhteystiedot\/","url":"https:\/\/nordefood.eu\/fi\/yhteystiedot\/","name":"Yhteystiedot - NordeFood","isPartOf":{"@id":"https:\/\/nordefood.eu\/#website"},"datePublished":"2025-01-14T08:31:11+00:00","dateModified":"2025-01-14T08:36:26+00:00","breadcrumb":{"@id":"https:\/\/nordefood.eu\/fi\/yhteystiedot\/#breadcrumb"},"inLanguage":"fi","potentialAction":[{"@type":"ReadAction","target":["https:\/\/nordefood.eu\/fi\/yhteystiedot\/"]}]},{"@type":"BreadcrumbList","@id":"https:\/\/nordefood.eu\/fi\/yhteystiedot\/#breadcrumb","itemListElement":[{"@type":"ListItem","position":1,"name":"Home","item":"https:\/\/nordefood.eu\/fi\/"},{"@type":"ListItem","position":2,"name":"Yhteystiedot"}]},{"@type":"WebSite","@id":"https:\/\/nordefood.eu\/#website","url":"https:\/\/nordefood.eu\/","name":"NordeFood","description":"Leht testimiseks","publisher":{"@id":"https:\/\/nordefood.eu\/#organization"},"potentialAction":[{"@type":"SearchAction","target":{"@type":"EntryPoint","urlTemplate":"https:\/\/nordefood.eu\/?s={search_term_string}"},"query-input":{"@type":"PropertyValueSpecification","valueRequired":true,"valueName":"search_term_string"}}],"inLanguage":"fi"},{"@type":"Organization","@id":"https:\/\/nordefood.eu\/#organization","name":"NordeFood","url":"https:\/\/nordefood.eu\/","logo":{"@type":"ImageObject","inLanguage":"fi","@id":"https:\/\/nordefood.eu\/#\/schema\/logo\/image\/","url":"https:\/\/nordefood.eu\/wp-content\/uploads\/2017\/05\/logo7.png","contentUrl":"https:\/\/nordefood.eu\/wp-content\/uploads\/2017\/05\/logo7.png","width":205,"height":31,"caption":"NordeFood"},"image":{"@id":"https:\/\/nordefood.eu\/#\/schema\/logo\/image\/"}}]}},"_links":{"self":[{"href":"https:\/\/nordefood.eu\/fi\/wp-json\/wp\/v2\/pages\/914","targetHints":{"allow":["GET"]}}],"collection":[{"href":"https:\/\/nordefood.eu\/fi\/wp-json\/wp\/v2\/pages"}],"about":[{"href":"https:\/\/nordefood.eu\/fi\/wp-json\/wp\/v2\/types\/page"}],"author":[{"embeddable":true,"href":"https:\/\/nordefood.eu\/fi\/wp-json\/wp\/v2\/users\/3"}],"replies":[{"embeddable":true,"href":"https:\/\/nordefood.eu\/fi\/wp-json\/wp\/v2\/comments?post=914"}],"version-history":[{"count":2,"href":"https:\/\/nordefood.eu\/fi\/wp-json\/wp\/v2\/pages\/914\/revisions"}],"predecessor-version":[{"id":916,"href":"https:\/\/nordefood.eu\/fi\/wp-json\/wp\/v2\/pages\/914\/revisions\/916"}],"wp:attachment":[{"href":"https:\/\/nordefood.eu\/fi\/wp-json\/wp\/v2\/media?parent=914"}],"curies":[{"name":"wp","href":"https:\/\/api.w.org\/{rel}","templated":true}]}}