{"id":918,"date":"2025-01-14T10:39:26","date_gmt":"2025-01-14T08:39:26","guid":{"rendered":"https:\/\/nordefood.eu\/?page_id=918"},"modified":"2025-01-20T12:52:06","modified_gmt":"2025-01-20T10:52:06","slug":"kala-ja-kalatuotteet","status":"publish","type":"page","link":"https:\/\/nordefood.eu\/fi\/kala-ja-kalatuotteet\/","title":{"rendered":"Kala ja kalatuotteet"},"content":{"rendered":"\n<figure class=\"wp-block-image size-large\"><img loading=\"lazy\" decoding=\"async\" width=\"900\" height=\"598\" src=\"https:\/\/nordefood.eu\/wp-content\/uploads\/2020\/08\/Fish.jpg\" alt=\"Fish and fish products\" class=\"wp-image-458\" srcset=\"https:\/\/nordefood.eu\/wp-content\/uploads\/2020\/08\/Fish.jpg 900w, https:\/\/nordefood.eu\/wp-content\/uploads\/2020\/08\/Fish-300x199.jpg 300w, https:\/\/nordefood.eu\/wp-content\/uploads\/2020\/08\/Fish-768x510.jpg 768w\" sizes=\"auto, (max-width: 900px) 100vw, 900px\" \/><\/figure>\n\n\n\n<h2 class=\"wp-block-heading\">Kala ja kalatuotteet<\/h2>\n\n\n\n<p>Tarjoamme laajan valikoiman j\u00e4\u00e4hdytetty\u00e4 ja pakastettua kalaa, kalatuotteita ja \u00e4yri\u00e4isi\u00e4.<\/p>\n\n\n\n<p>Toimittajiimme kuuluvat virolaiset makean veden kalojen tuotantolaitokset, muiden kalojen ja kalatuotteiden eurooppalaiset tuotantolaitokset sek\u00e4 norjalaiset lohen- ja taimenentuottajat.<\/p>\n\n\n\n<p><strong>Tuotevalikoimamme:<\/strong><\/p>\n\n\n\n<ul class=\"wp-block-list\">\n<li>Pakastetut ja tuoreet hauki, kuha, ahven jne<\/li>\n\n\n\n<li>Pakastetut ja tuoreet kalat ja \u00e4yri\u00e4iset eri puolilta maailmaa<\/li>\n\n\n\n<li>Pakastettu ja tuore lohi ja taimen<\/li>\n\n\n\n<li>Pakastetut kalatuotteet<\/li>\n<\/ul>\n","protected":false},"excerpt":{"rendered":"<p>Kala ja kalatuotteet Tarjoamme laajan valikoiman j\u00e4\u00e4hdytetty\u00e4 ja pakastettua kalaa, kalatuotteita ja \u00e4yri\u00e4isi\u00e4. Toimittajiimme kuuluvat virolaiset makean veden kalojen tuotantolaitokset, muiden kalojen ja kalatuotteiden eurooppalaiset tuotantolaitokset sek\u00e4 norjalaiset lohen- ja taimenentuottajat. Tuotevalikoimamme:<\/p>\n","protected":false},"author":3,"featured_media":0,"parent":0,"menu_order":0,"comment_status":"closed","ping_status":"closed","template":"","meta":{"footnotes":""},"class_list":["post-918","page","type-page","status-publish","hentry"],"blocksy_meta":[],"yoast_head":"<!-- This site is optimized with the Yoast SEO plugin v24.3 - https:\/\/yoast.com\/wordpress\/plugins\/seo\/ -->\n<title>Kala ja kalatuotteet - NordeFood<\/title>\n<meta name=\"robots\" content=\"index, follow, max-snippet:-1, max-image-preview:large, max-video-preview:-1\" \/>\n<link rel=\"canonical\" href=\"https:\/\/nordefood.eu\/fi\/kala-ja-kalatuotteet\/\" \/>\n<meta property=\"og:locale\" content=\"fi_FI\" \/>\n<meta property=\"og:type\" content=\"article\" \/>\n<meta property=\"og:title\" content=\"Kala ja kalatuotteet - NordeFood\" \/>\n<meta property=\"og:description\" content=\"Kala ja kalatuotteet Tarjoamme laajan valikoiman j\u00e4\u00e4hdytetty\u00e4 ja pakastettua kalaa, kalatuotteita ja \u00e4yri\u00e4isi\u00e4. Toimittajiimme kuuluvat virolaiset makean veden kalojen tuotantolaitokset, muiden kalojen ja kalatuotteiden eurooppalaiset tuotantolaitokset sek\u00e4 norjalaiset lohen- ja taimenentuottajat. Tuotevalikoimamme:\" \/>\n<meta property=\"og:url\" content=\"https:\/\/nordefood.eu\/fi\/kala-ja-kalatuotteet\/\" \/>\n<meta property=\"og:site_name\" content=\"NordeFood\" \/>\n<meta property=\"article:modified_time\" content=\"2025-01-20T10:52:06+00:00\" \/>\n<meta property=\"og:image\" content=\"https:\/\/nordefood.eu\/wp-content\/uploads\/2020\/08\/Fish.jpg\" \/>\n\t<meta property=\"og:image:width\" content=\"900\" \/>\n\t<meta property=\"og:image:height\" content=\"598\" \/>\n\t<meta property=\"og:image:type\" content=\"image\/jpeg\" \/>\n<meta name=\"twitter:card\" content=\"summary_large_image\" \/>\n<meta name=\"twitter:label1\" content=\"Arvioitu lukuaika\" \/>\n\t<meta name=\"twitter:data1\" content=\"1 minuutti\" \/>\n<script type=\"application\/ld+json\" class=\"yoast-schema-graph\">{\"@context\":\"https:\/\/schema.org\",\"@graph\":[{\"@type\":\"WebPage\",\"@id\":\"https:\/\/nordefood.eu\/fi\/kala-ja-kalatuotteet\/\",\"url\":\"https:\/\/nordefood.eu\/fi\/kala-ja-kalatuotteet\/\",\"name\":\"Kala ja kalatuotteet - NordeFood\",\"isPartOf\":{\"@id\":\"https:\/\/nordefood.eu\/#website\"},\"primaryImageOfPage\":{\"@id\":\"https:\/\/nordefood.eu\/fi\/kala-ja-kalatuotteet\/#primaryimage\"},\"image\":{\"@id\":\"https:\/\/nordefood.eu\/fi\/kala-ja-kalatuotteet\/#primaryimage\"},\"thumbnailUrl\":\"https:\/\/nordefood.eu\/wp-content\/uploads\/2020\/08\/Fish.jpg\",\"datePublished\":\"2025-01-14T08:39:26+00:00\",\"dateModified\":\"2025-01-20T10:52:06+00:00\",\"breadcrumb\":{\"@id\":\"https:\/\/nordefood.eu\/fi\/kala-ja-kalatuotteet\/#breadcrumb\"},\"inLanguage\":\"fi\",\"potentialAction\":[{\"@type\":\"ReadAction\",\"target\":[\"https:\/\/nordefood.eu\/fi\/kala-ja-kalatuotteet\/\"]}]},{\"@type\":\"ImageObject\",\"inLanguage\":\"fi\",\"@id\":\"https:\/\/nordefood.eu\/fi\/kala-ja-kalatuotteet\/#primaryimage\",\"url\":\"https:\/\/nordefood.eu\/wp-content\/uploads\/2020\/08\/Fish.jpg\",\"contentUrl\":\"https:\/\/nordefood.eu\/wp-content\/uploads\/2020\/08\/Fish.jpg\"},{\"@type\":\"BreadcrumbList\",\"@id\":\"https:\/\/nordefood.eu\/fi\/kala-ja-kalatuotteet\/#breadcrumb\",\"itemListElement\":[{\"@type\":\"ListItem\",\"position\":1,\"name\":\"Home\",\"item\":\"https:\/\/nordefood.eu\/fi\/\"},{\"@type\":\"ListItem\",\"position\":2,\"name\":\"Kala ja kalatuotteet\"}]},{\"@type\":\"WebSite\",\"@id\":\"https:\/\/nordefood.eu\/#website\",\"url\":\"https:\/\/nordefood.eu\/\",\"name\":\"NordeFood\",\"description\":\"Leht testimiseks\",\"publisher\":{\"@id\":\"https:\/\/nordefood.eu\/#organization\"},\"potentialAction\":[{\"@type\":\"SearchAction\",\"target\":{\"@type\":\"EntryPoint\",\"urlTemplate\":\"https:\/\/nordefood.eu\/?s={search_term_string}\"},\"query-input\":{\"@type\":\"PropertyValueSpecification\",\"valueRequired\":true,\"valueName\":\"search_term_string\"}}],\"inLanguage\":\"fi\"},{\"@type\":\"Organization\",\"@id\":\"https:\/\/nordefood.eu\/#organization\",\"name\":\"NordeFood\",\"url\":\"https:\/\/nordefood.eu\/\",\"logo\":{\"@type\":\"ImageObject\",\"inLanguage\":\"fi\",\"@id\":\"https:\/\/nordefood.eu\/#\/schema\/logo\/image\/\",\"url\":\"https:\/\/nordefood.eu\/wp-content\/uploads\/2017\/05\/logo7.png\",\"contentUrl\":\"https:\/\/nordefood.eu\/wp-content\/uploads\/2017\/05\/logo7.png\",\"width\":205,\"height\":31,\"caption\":\"NordeFood\"},\"image\":{\"@id\":\"https:\/\/nordefood.eu\/#\/schema\/logo\/image\/\"}}]}<\/script>\n<!-- \/ Yoast SEO plugin. -->","yoast_head_json":{"title":"Kala ja kalatuotteet - NordeFood","robots":{"index":"index","follow":"follow","max-snippet":"max-snippet:-1","max-image-preview":"max-image-preview:large","max-video-preview":"max-video-preview:-1"},"canonical":"https:\/\/nordefood.eu\/fi\/kala-ja-kalatuotteet\/","og_locale":"fi_FI","og_type":"article","og_title":"Kala ja kalatuotteet - NordeFood","og_description":"Kala ja kalatuotteet Tarjoamme laajan valikoiman j\u00e4\u00e4hdytetty\u00e4 ja pakastettua kalaa, kalatuotteita ja \u00e4yri\u00e4isi\u00e4. Toimittajiimme kuuluvat virolaiset makean veden kalojen tuotantolaitokset, muiden kalojen ja kalatuotteiden eurooppalaiset tuotantolaitokset sek\u00e4 norjalaiset lohen- ja taimenentuottajat. Tuotevalikoimamme:","og_url":"https:\/\/nordefood.eu\/fi\/kala-ja-kalatuotteet\/","og_site_name":"NordeFood","article_modified_time":"2025-01-20T10:52:06+00:00","og_image":[{"width":900,"height":598,"url":"https:\/\/nordefood.eu\/wp-content\/uploads\/2020\/08\/Fish.jpg","type":"image\/jpeg"}],"twitter_card":"summary_large_image","twitter_misc":{"Arvioitu lukuaika":"1 minuutti"},"schema":{"@context":"https:\/\/schema.org","@graph":[{"@type":"WebPage","@id":"https:\/\/nordefood.eu\/fi\/kala-ja-kalatuotteet\/","url":"https:\/\/nordefood.eu\/fi\/kala-ja-kalatuotteet\/","name":"Kala ja kalatuotteet - NordeFood","isPartOf":{"@id":"https:\/\/nordefood.eu\/#website"},"primaryImageOfPage":{"@id":"https:\/\/nordefood.eu\/fi\/kala-ja-kalatuotteet\/#primaryimage"},"image":{"@id":"https:\/\/nordefood.eu\/fi\/kala-ja-kalatuotteet\/#primaryimage"},"thumbnailUrl":"https:\/\/nordefood.eu\/wp-content\/uploads\/2020\/08\/Fish.jpg","datePublished":"2025-01-14T08:39:26+00:00","dateModified":"2025-01-20T10:52:06+00:00","breadcrumb":{"@id":"https:\/\/nordefood.eu\/fi\/kala-ja-kalatuotteet\/#breadcrumb"},"inLanguage":"fi","potentialAction":[{"@type":"ReadAction","target":["https:\/\/nordefood.eu\/fi\/kala-ja-kalatuotteet\/"]}]},{"@type":"ImageObject","inLanguage":"fi","@id":"https:\/\/nordefood.eu\/fi\/kala-ja-kalatuotteet\/#primaryimage","url":"https:\/\/nordefood.eu\/wp-content\/uploads\/2020\/08\/Fish.jpg","contentUrl":"https:\/\/nordefood.eu\/wp-content\/uploads\/2020\/08\/Fish.jpg"},{"@type":"BreadcrumbList","@id":"https:\/\/nordefood.eu\/fi\/kala-ja-kalatuotteet\/#breadcrumb","itemListElement":[{"@type":"ListItem","position":1,"name":"Home","item":"https:\/\/nordefood.eu\/fi\/"},{"@type":"ListItem","position":2,"name":"Kala ja kalatuotteet"}]},{"@type":"WebSite","@id":"https:\/\/nordefood.eu\/#website","url":"https:\/\/nordefood.eu\/","name":"NordeFood","description":"Leht testimiseks","publisher":{"@id":"https:\/\/nordefood.eu\/#organization"},"potentialAction":[{"@type":"SearchAction","target":{"@type":"EntryPoint","urlTemplate":"https:\/\/nordefood.eu\/?s={search_term_string}"},"query-input":{"@type":"PropertyValueSpecification","valueRequired":true,"valueName":"search_term_string"}}],"inLanguage":"fi"},{"@type":"Organization","@id":"https:\/\/nordefood.eu\/#organization","name":"NordeFood","url":"https:\/\/nordefood.eu\/","logo":{"@type":"ImageObject","inLanguage":"fi","@id":"https:\/\/nordefood.eu\/#\/schema\/logo\/image\/","url":"https:\/\/nordefood.eu\/wp-content\/uploads\/2017\/05\/logo7.png","contentUrl":"https:\/\/nordefood.eu\/wp-content\/uploads\/2017\/05\/logo7.png","width":205,"height":31,"caption":"NordeFood"},"image":{"@id":"https:\/\/nordefood.eu\/#\/schema\/logo\/image\/"}}]}},"_links":{"self":[{"href":"https:\/\/nordefood.eu\/fi\/wp-json\/wp\/v2\/pages\/918","targetHints":{"allow":["GET"]}}],"collection":[{"href":"https:\/\/nordefood.eu\/fi\/wp-json\/wp\/v2\/pages"}],"about":[{"href":"https:\/\/nordefood.eu\/fi\/wp-json\/wp\/v2\/types\/page"}],"author":[{"embeddable":true,"href":"https:\/\/nordefood.eu\/fi\/wp-json\/wp\/v2\/users\/3"}],"replies":[{"embeddable":true,"href":"https:\/\/nordefood.eu\/fi\/wp-json\/wp\/v2\/comments?post=918"}],"version-history":[{"count":2,"href":"https:\/\/nordefood.eu\/fi\/wp-json\/wp\/v2\/pages\/918\/revisions"}],"predecessor-version":[{"id":965,"href":"https:\/\/nordefood.eu\/fi\/wp-json\/wp\/v2\/pages\/918\/revisions\/965"}],"wp:attachment":[{"href":"https:\/\/nordefood.eu\/fi\/wp-json\/wp\/v2\/media?parent=918"}],"curies":[{"name":"wp","href":"https:\/\/api.w.org\/{rel}","templated":true}]}}