{"id":921,"date":"2025-01-14T10:41:38","date_gmt":"2025-01-14T08:41:38","guid":{"rendered":"https:\/\/nordefood.eu\/?page_id=921"},"modified":"2025-01-20T12:47:53","modified_gmt":"2025-01-20T10:47:53","slug":"kuluttajille","status":"publish","type":"page","link":"https:\/\/nordefood.eu\/fi\/kuluttajille\/","title":{"rendered":"Kuluttajille"},"content":{"rendered":"\n<figure class=\"wp-block-image size-full\"><a href=\"https:\/\/nordefood.eu\/wp-content\/uploads\/2024\/11\/For-Consumers.jpeg\"><img loading=\"lazy\" decoding=\"async\" width=\"1200\" height=\"1012\" src=\"https:\/\/nordefood.eu\/wp-content\/uploads\/2024\/11\/For-Consumers.jpeg\" alt=\"\" class=\"wp-image-583\" srcset=\"https:\/\/nordefood.eu\/wp-content\/uploads\/2024\/11\/For-Consumers.jpeg 1200w, https:\/\/nordefood.eu\/wp-content\/uploads\/2024\/11\/For-Consumers-300x253.jpeg 300w, https:\/\/nordefood.eu\/wp-content\/uploads\/2024\/11\/For-Consumers-1030x869.jpeg 1030w, https:\/\/nordefood.eu\/wp-content\/uploads\/2024\/11\/For-Consumers-768x648.jpeg 768w\" sizes=\"auto, (max-width: 1200px) 100vw, 1200px\" \/><\/a><\/figure>\n\n\n\n<h2 class=\"wp-block-heading\">Kuluttajille<\/h2>\n\n\n\n<p>Toimitamme v\u00e4hitt\u00e4iskaupan markkinoille tuoretta ja pakastettua riistalihaa juhlahetkiin ja tarjoamme maukkaita ja terveellisi\u00e4 vaihtoehtoja.<\/p>\n\n\n\n<p>Kuluttajavalikoimamme uutuuksiin kuuluvat riistalihan medaljongit ja kuluttajapakattu k\u00e4ristys, jota on saatavana raakana ja kypsennettyn\u00e4.<\/p>\n\n\n\n<p><strong>Tuotevalikoimamme:<\/strong><\/p>\n\n\n\n<ul class=\"wp-block-list\">\n<li>Hirven, saksanhirven ja mets\u00e4kauriin palat, medaljongit, burgeripihvit<\/li>\n\n\n\n<li>Raaka ja kyps\u00e4 k\u00e4ristys<\/li>\n<\/ul>\n\n\n\n<p>Riistalihamme on per\u00e4isin luonnosta, eik\u00e4 sit\u00e4 ole kasvatettu. Riista mets\u00e4stet\u00e4\u00e4n vastuullisen ohjelman mukaisesti ja eettisi\u00e4 k\u00e4yt\u00e4nt\u00f6j\u00e4 noudattaen.<\/p>\n\n\n\n<p>Tuotantokumppanimme nykyaikainen tehdas t\u00e4ytt\u00e4\u00e4 kaikki hygieniavaatimukset, ja sill\u00e4 on elintarviketurvallisuuden FSSC 22000 -sertifiointi ja k\u00e4yt\u00f6ss\u00e4\u00e4n HACCP-j\u00e4rjestelm\u00e4.<\/p>\n\n\n\n<p>Painotamme toiminnassamme kest\u00e4v\u00e4\u00e4 ja ymp\u00e4rist\u00f6yst\u00e4v\u00e4llist\u00e4 tuotantoa sek\u00e4 luonnonsuojelua.<\/p>\n\n\n\n<p>Tavoitteenamme on lis\u00e4t\u00e4 riistalihan kulutusta ja tietoisuutta sen eduista: riistaliha sis\u00e4lt\u00e4\u00e4 runsaasti proteiinia ja vitamiineja, joita tarvitaan pitk\u00e4\u00e4n ja terveelliseen el\u00e4m\u00e4\u00e4n.<\/p>\n\n\n\n<p>Kehit\u00e4mme jatkuvasti portfoliotamme, jotta se sis\u00e4lt\u00e4isi maukkaita sek\u00e4 nopeasti ja helposti valmistettavia tuotteita.<\/p>\n","protected":false},"excerpt":{"rendered":"<p>Kuluttajille Toimitamme v\u00e4hitt\u00e4iskaupan markkinoille tuoretta ja pakastettua riistalihaa juhlahetkiin ja tarjoamme maukkaita ja terveellisi\u00e4 vaihtoehtoja. Kuluttajavalikoimamme uutuuksiin kuuluvat riistalihan medaljongit ja kuluttajapakattu k\u00e4ristys, jota on saatavana raakana ja kypsennettyn\u00e4. Tuotevalikoimamme: Riistalihamme on per\u00e4isin luonnosta, eik\u00e4 sit\u00e4 ole kasvatettu. Riista mets\u00e4stet\u00e4\u00e4n vastuullisen ohjelman mukaisesti ja eettisi\u00e4 k\u00e4yt\u00e4nt\u00f6j\u00e4 noudattaen. Tuotantokumppanimme nykyaikainen tehdas t\u00e4ytt\u00e4\u00e4 kaikki hygieniavaatimukset, ja sill\u00e4 [&hellip;]<\/p>\n","protected":false},"author":3,"featured_media":0,"parent":0,"menu_order":0,"comment_status":"closed","ping_status":"closed","template":"","meta":{"footnotes":""},"class_list":["post-921","page","type-page","status-publish","hentry"],"blocksy_meta":[],"yoast_head":"<!-- This site is optimized with the Yoast SEO plugin v24.3 - https:\/\/yoast.com\/wordpress\/plugins\/seo\/ -->\n<title>Kuluttajille - NordeFood<\/title>\n<meta name=\"robots\" content=\"index, follow, max-snippet:-1, max-image-preview:large, max-video-preview:-1\" \/>\n<link rel=\"canonical\" href=\"https:\/\/nordefood.eu\/fi\/kuluttajille\/\" \/>\n<meta property=\"og:locale\" content=\"fi_FI\" \/>\n<meta property=\"og:type\" content=\"article\" \/>\n<meta property=\"og:title\" content=\"Kuluttajille - NordeFood\" \/>\n<meta property=\"og:description\" content=\"Kuluttajille Toimitamme v\u00e4hitt\u00e4iskaupan markkinoille tuoretta ja pakastettua riistalihaa juhlahetkiin ja tarjoamme maukkaita ja terveellisi\u00e4 vaihtoehtoja. Kuluttajavalikoimamme uutuuksiin kuuluvat riistalihan medaljongit ja kuluttajapakattu k\u00e4ristys, jota on saatavana raakana ja kypsennettyn\u00e4. Tuotevalikoimamme: Riistalihamme on per\u00e4isin luonnosta, eik\u00e4 sit\u00e4 ole kasvatettu. Riista mets\u00e4stet\u00e4\u00e4n vastuullisen ohjelman mukaisesti ja eettisi\u00e4 k\u00e4yt\u00e4nt\u00f6j\u00e4 noudattaen. Tuotantokumppanimme nykyaikainen tehdas t\u00e4ytt\u00e4\u00e4 kaikki hygieniavaatimukset, ja sill\u00e4 [&hellip;]\" \/>\n<meta property=\"og:url\" content=\"https:\/\/nordefood.eu\/fi\/kuluttajille\/\" \/>\n<meta property=\"og:site_name\" content=\"NordeFood\" \/>\n<meta property=\"article:modified_time\" content=\"2025-01-20T10:47:53+00:00\" \/>\n<meta property=\"og:image\" content=\"https:\/\/nordefood.eu\/wp-content\/uploads\/2024\/11\/For-Consumers.jpeg\" \/>\n\t<meta property=\"og:image:width\" content=\"1200\" \/>\n\t<meta property=\"og:image:height\" content=\"1012\" \/>\n\t<meta property=\"og:image:type\" content=\"image\/jpeg\" \/>\n<meta name=\"twitter:card\" content=\"summary_large_image\" \/>\n<meta name=\"twitter:label1\" content=\"Arvioitu lukuaika\" \/>\n\t<meta name=\"twitter:data1\" content=\"1 minuutti\" \/>\n<script type=\"application\/ld+json\" class=\"yoast-schema-graph\">{\"@context\":\"https:\/\/schema.org\",\"@graph\":[{\"@type\":\"WebPage\",\"@id\":\"https:\/\/nordefood.eu\/fi\/kuluttajille\/\",\"url\":\"https:\/\/nordefood.eu\/fi\/kuluttajille\/\",\"name\":\"Kuluttajille - NordeFood\",\"isPartOf\":{\"@id\":\"https:\/\/nordefood.eu\/#website\"},\"primaryImageOfPage\":{\"@id\":\"https:\/\/nordefood.eu\/fi\/kuluttajille\/#primaryimage\"},\"image\":{\"@id\":\"https:\/\/nordefood.eu\/fi\/kuluttajille\/#primaryimage\"},\"thumbnailUrl\":\"https:\/\/nordefood.eu\/wp-content\/uploads\/2024\/11\/For-Consumers.jpeg\",\"datePublished\":\"2025-01-14T08:41:38+00:00\",\"dateModified\":\"2025-01-20T10:47:53+00:00\",\"breadcrumb\":{\"@id\":\"https:\/\/nordefood.eu\/fi\/kuluttajille\/#breadcrumb\"},\"inLanguage\":\"fi\",\"potentialAction\":[{\"@type\":\"ReadAction\",\"target\":[\"https:\/\/nordefood.eu\/fi\/kuluttajille\/\"]}]},{\"@type\":\"ImageObject\",\"inLanguage\":\"fi\",\"@id\":\"https:\/\/nordefood.eu\/fi\/kuluttajille\/#primaryimage\",\"url\":\"https:\/\/nordefood.eu\/wp-content\/uploads\/2024\/11\/For-Consumers.jpeg\",\"contentUrl\":\"https:\/\/nordefood.eu\/wp-content\/uploads\/2024\/11\/For-Consumers.jpeg\"},{\"@type\":\"BreadcrumbList\",\"@id\":\"https:\/\/nordefood.eu\/fi\/kuluttajille\/#breadcrumb\",\"itemListElement\":[{\"@type\":\"ListItem\",\"position\":1,\"name\":\"Home\",\"item\":\"https:\/\/nordefood.eu\/fi\/\"},{\"@type\":\"ListItem\",\"position\":2,\"name\":\"Kuluttajille\"}]},{\"@type\":\"WebSite\",\"@id\":\"https:\/\/nordefood.eu\/#website\",\"url\":\"https:\/\/nordefood.eu\/\",\"name\":\"NordeFood\",\"description\":\"Leht testimiseks\",\"publisher\":{\"@id\":\"https:\/\/nordefood.eu\/#organization\"},\"potentialAction\":[{\"@type\":\"SearchAction\",\"target\":{\"@type\":\"EntryPoint\",\"urlTemplate\":\"https:\/\/nordefood.eu\/?s={search_term_string}\"},\"query-input\":{\"@type\":\"PropertyValueSpecification\",\"valueRequired\":true,\"valueName\":\"search_term_string\"}}],\"inLanguage\":\"fi\"},{\"@type\":\"Organization\",\"@id\":\"https:\/\/nordefood.eu\/#organization\",\"name\":\"NordeFood\",\"url\":\"https:\/\/nordefood.eu\/\",\"logo\":{\"@type\":\"ImageObject\",\"inLanguage\":\"fi\",\"@id\":\"https:\/\/nordefood.eu\/#\/schema\/logo\/image\/\",\"url\":\"https:\/\/nordefood.eu\/wp-content\/uploads\/2017\/05\/logo7.png\",\"contentUrl\":\"https:\/\/nordefood.eu\/wp-content\/uploads\/2017\/05\/logo7.png\",\"width\":205,\"height\":31,\"caption\":\"NordeFood\"},\"image\":{\"@id\":\"https:\/\/nordefood.eu\/#\/schema\/logo\/image\/\"}}]}<\/script>\n<!-- \/ Yoast SEO plugin. -->","yoast_head_json":{"title":"Kuluttajille - NordeFood","robots":{"index":"index","follow":"follow","max-snippet":"max-snippet:-1","max-image-preview":"max-image-preview:large","max-video-preview":"max-video-preview:-1"},"canonical":"https:\/\/nordefood.eu\/fi\/kuluttajille\/","og_locale":"fi_FI","og_type":"article","og_title":"Kuluttajille - NordeFood","og_description":"Kuluttajille Toimitamme v\u00e4hitt\u00e4iskaupan markkinoille tuoretta ja pakastettua riistalihaa juhlahetkiin ja tarjoamme maukkaita ja terveellisi\u00e4 vaihtoehtoja. Kuluttajavalikoimamme uutuuksiin kuuluvat riistalihan medaljongit ja kuluttajapakattu k\u00e4ristys, jota on saatavana raakana ja kypsennettyn\u00e4. Tuotevalikoimamme: Riistalihamme on per\u00e4isin luonnosta, eik\u00e4 sit\u00e4 ole kasvatettu. Riista mets\u00e4stet\u00e4\u00e4n vastuullisen ohjelman mukaisesti ja eettisi\u00e4 k\u00e4yt\u00e4nt\u00f6j\u00e4 noudattaen. Tuotantokumppanimme nykyaikainen tehdas t\u00e4ytt\u00e4\u00e4 kaikki hygieniavaatimukset, ja sill\u00e4 [&hellip;]","og_url":"https:\/\/nordefood.eu\/fi\/kuluttajille\/","og_site_name":"NordeFood","article_modified_time":"2025-01-20T10:47:53+00:00","og_image":[{"width":1200,"height":1012,"url":"https:\/\/nordefood.eu\/wp-content\/uploads\/2024\/11\/For-Consumers.jpeg","type":"image\/jpeg"}],"twitter_card":"summary_large_image","twitter_misc":{"Arvioitu lukuaika":"1 minuutti"},"schema":{"@context":"https:\/\/schema.org","@graph":[{"@type":"WebPage","@id":"https:\/\/nordefood.eu\/fi\/kuluttajille\/","url":"https:\/\/nordefood.eu\/fi\/kuluttajille\/","name":"Kuluttajille - NordeFood","isPartOf":{"@id":"https:\/\/nordefood.eu\/#website"},"primaryImageOfPage":{"@id":"https:\/\/nordefood.eu\/fi\/kuluttajille\/#primaryimage"},"image":{"@id":"https:\/\/nordefood.eu\/fi\/kuluttajille\/#primaryimage"},"thumbnailUrl":"https:\/\/nordefood.eu\/wp-content\/uploads\/2024\/11\/For-Consumers.jpeg","datePublished":"2025-01-14T08:41:38+00:00","dateModified":"2025-01-20T10:47:53+00:00","breadcrumb":{"@id":"https:\/\/nordefood.eu\/fi\/kuluttajille\/#breadcrumb"},"inLanguage":"fi","potentialAction":[{"@type":"ReadAction","target":["https:\/\/nordefood.eu\/fi\/kuluttajille\/"]}]},{"@type":"ImageObject","inLanguage":"fi","@id":"https:\/\/nordefood.eu\/fi\/kuluttajille\/#primaryimage","url":"https:\/\/nordefood.eu\/wp-content\/uploads\/2024\/11\/For-Consumers.jpeg","contentUrl":"https:\/\/nordefood.eu\/wp-content\/uploads\/2024\/11\/For-Consumers.jpeg"},{"@type":"BreadcrumbList","@id":"https:\/\/nordefood.eu\/fi\/kuluttajille\/#breadcrumb","itemListElement":[{"@type":"ListItem","position":1,"name":"Home","item":"https:\/\/nordefood.eu\/fi\/"},{"@type":"ListItem","position":2,"name":"Kuluttajille"}]},{"@type":"WebSite","@id":"https:\/\/nordefood.eu\/#website","url":"https:\/\/nordefood.eu\/","name":"NordeFood","description":"Leht testimiseks","publisher":{"@id":"https:\/\/nordefood.eu\/#organization"},"potentialAction":[{"@type":"SearchAction","target":{"@type":"EntryPoint","urlTemplate":"https:\/\/nordefood.eu\/?s={search_term_string}"},"query-input":{"@type":"PropertyValueSpecification","valueRequired":true,"valueName":"search_term_string"}}],"inLanguage":"fi"},{"@type":"Organization","@id":"https:\/\/nordefood.eu\/#organization","name":"NordeFood","url":"https:\/\/nordefood.eu\/","logo":{"@type":"ImageObject","inLanguage":"fi","@id":"https:\/\/nordefood.eu\/#\/schema\/logo\/image\/","url":"https:\/\/nordefood.eu\/wp-content\/uploads\/2017\/05\/logo7.png","contentUrl":"https:\/\/nordefood.eu\/wp-content\/uploads\/2017\/05\/logo7.png","width":205,"height":31,"caption":"NordeFood"},"image":{"@id":"https:\/\/nordefood.eu\/#\/schema\/logo\/image\/"}}]}},"_links":{"self":[{"href":"https:\/\/nordefood.eu\/fi\/wp-json\/wp\/v2\/pages\/921","targetHints":{"allow":["GET"]}}],"collection":[{"href":"https:\/\/nordefood.eu\/fi\/wp-json\/wp\/v2\/pages"}],"about":[{"href":"https:\/\/nordefood.eu\/fi\/wp-json\/wp\/v2\/types\/page"}],"author":[{"embeddable":true,"href":"https:\/\/nordefood.eu\/fi\/wp-json\/wp\/v2\/users\/3"}],"replies":[{"embeddable":true,"href":"https:\/\/nordefood.eu\/fi\/wp-json\/wp\/v2\/comments?post=921"}],"version-history":[{"count":2,"href":"https:\/\/nordefood.eu\/fi\/wp-json\/wp\/v2\/pages\/921\/revisions"}],"predecessor-version":[{"id":962,"href":"https:\/\/nordefood.eu\/fi\/wp-json\/wp\/v2\/pages\/921\/revisions\/962"}],"wp:attachment":[{"href":"https:\/\/nordefood.eu\/fi\/wp-json\/wp\/v2\/media?parent=921"}],"curies":[{"name":"wp","href":"https:\/\/api.w.org\/{rel}","templated":true}]}}