{"id":925,"date":"2025-01-14T10:45:23","date_gmt":"2025-01-14T08:45:23","guid":{"rendered":"https:\/\/nordefood.eu\/?page_id=925"},"modified":"2025-01-14T10:45:49","modified_gmt":"2025-01-14T08:45:49","slug":"liha-ja-lihatuotteet-sous-vide-kypsat-tuotteet","status":"publish","type":"page","link":"https:\/\/nordefood.eu\/fi\/liha-ja-lihatuotteet-sous-vide-kypsat-tuotteet\/","title":{"rendered":"Liha ja lihatuotteet, Sous-vide kyps\u00e4t tuotteet"},"content":{"rendered":"\n<figure class=\"wp-block-image size-large\"><img loading=\"lazy\" decoding=\"async\" width=\"900\" height=\"600\" src=\"https:\/\/nordefood.eu\/wp-content\/uploads\/2020\/07\/3.jpg\" alt=\"\" class=\"wp-image-417\" srcset=\"https:\/\/nordefood.eu\/wp-content\/uploads\/2020\/07\/3.jpg 900w, https:\/\/nordefood.eu\/wp-content\/uploads\/2020\/07\/3-300x200.jpg 300w, https:\/\/nordefood.eu\/wp-content\/uploads\/2020\/07\/3-768x512.jpg 768w\" sizes=\"auto, (max-width: 900px) 100vw, 900px\" \/><\/figure>\n\n\n\n<h2 class=\"wp-block-heading\">Leikkeet ja valmisruoat<\/h2>\n\n\n\n<p>Tarjoamme monipuolisen valikoiman laadukkaita puolivalmisteita, jotka on helppo ja nopea valmistaa maistuviksi lounasravintoloissa.<\/p>\n\n\n\n<p>Tuotteet ovat per\u00e4isin Saksasta ja muista EU-maista, joten ne ovat maultaan ja laadultaan erinomaisia.<\/p>\n\n\n\n<p><strong>Tuotevalikoimamme:<\/strong><\/p>\n\n\n\n<ul class=\"wp-block-list\">\n<li>Erilaiset leikkeet (porsas, kana, kalkkuna, vasikka)<\/li>\n\n\n\n<li>Jauhelihatuotteet<\/li>\n\n\n\n<li>Gluteenittomat leivitetyt kanatuotteet<\/li>\n\n\n\n<li>Pakastetut valmisruoat<\/li>\n<\/ul>\n\n\n\n<h2 class=\"wp-block-heading\">Sous-vide kypsennetyt tuotteet<\/h2>\n\n\n\n<p>Ammattikeitti\u00f6iden kiireisess\u00e4 arjessa t\u00e4rkeint\u00e4 on tehokkuus.<\/p>\n\n\n\n<p>Laadukkaat raaka-aineet, joista voi valmistaa nopeasti ja helposti erilaisia annoksia, ovat avainasemassa.<\/p>\n\n\n\n<p>T\u00e4h\u00e4n vaatimukseen vastaamiseksi olemme kehitt\u00e4neet valikoiman kypsi\u00e4 puolivalmisteita.<\/p>\n\n\n\n<p><strong>Tuotevalikoimamme:<\/strong><\/p>\n\n\n\n<ul class=\"wp-block-list\">\n<li>Sous-vide kypsennetty porsas: kyljykset, pihvit, kuutiot, suikaleet, nyht\u00f6liha<\/li>\n\n\n\n<li>Sous-vide kypsennetty nauta: kyljykset, pihvit, kuutiot, suikaleet, nyht\u00f6liha<\/li>\n\n\n\n<li>Sous-vide kypsennetty riista: kyljykset, pihvit, kuutiot, suikaleet, k\u00e4ristys<\/li>\n<\/ul>\n\n\n\n<p>Suunnittelemme my\u00f6s r\u00e4\u00e4t\u00e4l\u00f6ityj\u00e4 tuotteita asiakkaidemme toiveiden ja reseptien mukaan.<\/p>\n\n\n\n<h2 class=\"wp-block-heading\">Sika, nauta, siipikarja, karitsa ja lammas<\/h2>\n\n\n\n<p>Tarjoamme laajan valikoiman kaikenlaista lihaa eri tuottajilta ymp\u00e4ri Eurooppaa sek\u00e4 muista maista.<\/p>\n\n\n\n<p>Valikoimaamme kuuluvat kaikki tavalliset ruhonosat, mutta voimme suunnitella r\u00e4\u00e4t\u00e4l\u00f6ityj\u00e4 tuotteita asiakkaidemme mieltymysten mukaan.<\/p>\n\n\n\n<p><strong>Tuotevalikoimamme:<\/strong><\/p>\n\n\n\n<ul class=\"wp-block-list\">\n<li>Sika ja nauta: kaikki ruhonosat, pihvit, kuutiot, suikaleet, jauheliha, burgeripihvit, lihapullat<\/li>\n\n\n\n<li>Siipikarja: erilaiset palat ja valmisteet<\/li>\n\n\n\n<li>Karitsa ja lammas: erilaiset ruhonosat ja tuotteet<\/li>\n<\/ul>\n","protected":false},"excerpt":{"rendered":"<p>Leikkeet ja valmisruoat Tarjoamme monipuolisen valikoiman laadukkaita puolivalmisteita, jotka on helppo ja nopea valmistaa maistuviksi lounasravintoloissa. Tuotteet ovat per\u00e4isin Saksasta ja muista EU-maista, joten ne ovat maultaan ja laadultaan erinomaisia. Tuotevalikoimamme: Sous-vide kypsennetyt tuotteet Ammattikeitti\u00f6iden kiireisess\u00e4 arjessa t\u00e4rkeint\u00e4 on tehokkuus. Laadukkaat raaka-aineet, joista voi valmistaa nopeasti ja helposti erilaisia annoksia, ovat avainasemassa. T\u00e4h\u00e4n vaatimukseen vastaamiseksi [&hellip;]<\/p>\n","protected":false},"author":3,"featured_media":0,"parent":0,"menu_order":0,"comment_status":"closed","ping_status":"closed","template":"","meta":{"footnotes":""},"class_list":["post-925","page","type-page","status-publish","hentry"],"blocksy_meta":[],"yoast_head":"<!-- This site is optimized with the Yoast SEO plugin v24.3 - https:\/\/yoast.com\/wordpress\/plugins\/seo\/ -->\n<title>Liha ja lihatuotteet, Sous-vide kyps\u00e4t tuotteet - NordeFood<\/title>\n<meta name=\"robots\" content=\"index, follow, max-snippet:-1, max-image-preview:large, max-video-preview:-1\" \/>\n<link rel=\"canonical\" href=\"https:\/\/nordefood.eu\/fi\/liha-ja-lihatuotteet-sous-vide-kypsat-tuotteet\/\" \/>\n<meta property=\"og:locale\" content=\"fi_FI\" \/>\n<meta property=\"og:type\" content=\"article\" \/>\n<meta property=\"og:title\" content=\"Liha ja lihatuotteet, Sous-vide kyps\u00e4t tuotteet - NordeFood\" \/>\n<meta property=\"og:description\" content=\"Leikkeet ja valmisruoat Tarjoamme monipuolisen valikoiman laadukkaita puolivalmisteita, jotka on helppo ja nopea valmistaa maistuviksi lounasravintoloissa. Tuotteet ovat per\u00e4isin Saksasta ja muista EU-maista, joten ne ovat maultaan ja laadultaan erinomaisia. Tuotevalikoimamme: Sous-vide kypsennetyt tuotteet Ammattikeitti\u00f6iden kiireisess\u00e4 arjessa t\u00e4rkeint\u00e4 on tehokkuus. Laadukkaat raaka-aineet, joista voi valmistaa nopeasti ja helposti erilaisia annoksia, ovat avainasemassa. T\u00e4h\u00e4n vaatimukseen vastaamiseksi [&hellip;]\" \/>\n<meta property=\"og:url\" content=\"https:\/\/nordefood.eu\/fi\/liha-ja-lihatuotteet-sous-vide-kypsat-tuotteet\/\" \/>\n<meta property=\"og:site_name\" content=\"NordeFood\" \/>\n<meta property=\"article:modified_time\" content=\"2025-01-14T08:45:49+00:00\" \/>\n<meta property=\"og:image\" content=\"https:\/\/nordefood.eu\/wp-content\/uploads\/2020\/07\/3.jpg\" \/>\n\t<meta property=\"og:image:width\" content=\"900\" \/>\n\t<meta property=\"og:image:height\" content=\"600\" \/>\n\t<meta property=\"og:image:type\" content=\"image\/jpeg\" \/>\n<meta name=\"twitter:card\" content=\"summary_large_image\" \/>\n<meta name=\"twitter:label1\" content=\"Arvioitu lukuaika\" \/>\n\t<meta name=\"twitter:data1\" content=\"2 minuuttia\" \/>\n<script type=\"application\/ld+json\" class=\"yoast-schema-graph\">{\"@context\":\"https:\/\/schema.org\",\"@graph\":[{\"@type\":\"WebPage\",\"@id\":\"https:\/\/nordefood.eu\/fi\/liha-ja-lihatuotteet-sous-vide-kypsat-tuotteet\/\",\"url\":\"https:\/\/nordefood.eu\/fi\/liha-ja-lihatuotteet-sous-vide-kypsat-tuotteet\/\",\"name\":\"Liha ja lihatuotteet, Sous-vide kyps\u00e4t tuotteet - NordeFood\",\"isPartOf\":{\"@id\":\"https:\/\/nordefood.eu\/#website\"},\"primaryImageOfPage\":{\"@id\":\"https:\/\/nordefood.eu\/fi\/liha-ja-lihatuotteet-sous-vide-kypsat-tuotteet\/#primaryimage\"},\"image\":{\"@id\":\"https:\/\/nordefood.eu\/fi\/liha-ja-lihatuotteet-sous-vide-kypsat-tuotteet\/#primaryimage\"},\"thumbnailUrl\":\"https:\/\/nordefood.eu\/wp-content\/uploads\/2020\/07\/3.jpg\",\"datePublished\":\"2025-01-14T08:45:23+00:00\",\"dateModified\":\"2025-01-14T08:45:49+00:00\",\"breadcrumb\":{\"@id\":\"https:\/\/nordefood.eu\/fi\/liha-ja-lihatuotteet-sous-vide-kypsat-tuotteet\/#breadcrumb\"},\"inLanguage\":\"fi\",\"potentialAction\":[{\"@type\":\"ReadAction\",\"target\":[\"https:\/\/nordefood.eu\/fi\/liha-ja-lihatuotteet-sous-vide-kypsat-tuotteet\/\"]}]},{\"@type\":\"ImageObject\",\"inLanguage\":\"fi\",\"@id\":\"https:\/\/nordefood.eu\/fi\/liha-ja-lihatuotteet-sous-vide-kypsat-tuotteet\/#primaryimage\",\"url\":\"https:\/\/nordefood.eu\/wp-content\/uploads\/2020\/07\/3.jpg\",\"contentUrl\":\"https:\/\/nordefood.eu\/wp-content\/uploads\/2020\/07\/3.jpg\"},{\"@type\":\"BreadcrumbList\",\"@id\":\"https:\/\/nordefood.eu\/fi\/liha-ja-lihatuotteet-sous-vide-kypsat-tuotteet\/#breadcrumb\",\"itemListElement\":[{\"@type\":\"ListItem\",\"position\":1,\"name\":\"Home\",\"item\":\"https:\/\/nordefood.eu\/fi\/\"},{\"@type\":\"ListItem\",\"position\":2,\"name\":\"Liha ja lihatuotteet, Sous-vide kyps\u00e4t tuotteet\"}]},{\"@type\":\"WebSite\",\"@id\":\"https:\/\/nordefood.eu\/#website\",\"url\":\"https:\/\/nordefood.eu\/\",\"name\":\"NordeFood\",\"description\":\"Leht testimiseks\",\"publisher\":{\"@id\":\"https:\/\/nordefood.eu\/#organization\"},\"potentialAction\":[{\"@type\":\"SearchAction\",\"target\":{\"@type\":\"EntryPoint\",\"urlTemplate\":\"https:\/\/nordefood.eu\/?s={search_term_string}\"},\"query-input\":{\"@type\":\"PropertyValueSpecification\",\"valueRequired\":true,\"valueName\":\"search_term_string\"}}],\"inLanguage\":\"fi\"},{\"@type\":\"Organization\",\"@id\":\"https:\/\/nordefood.eu\/#organization\",\"name\":\"NordeFood\",\"url\":\"https:\/\/nordefood.eu\/\",\"logo\":{\"@type\":\"ImageObject\",\"inLanguage\":\"fi\",\"@id\":\"https:\/\/nordefood.eu\/#\/schema\/logo\/image\/\",\"url\":\"https:\/\/nordefood.eu\/wp-content\/uploads\/2017\/05\/logo7.png\",\"contentUrl\":\"https:\/\/nordefood.eu\/wp-content\/uploads\/2017\/05\/logo7.png\",\"width\":205,\"height\":31,\"caption\":\"NordeFood\"},\"image\":{\"@id\":\"https:\/\/nordefood.eu\/#\/schema\/logo\/image\/\"}}]}<\/script>\n<!-- \/ Yoast SEO plugin. -->","yoast_head_json":{"title":"Liha ja lihatuotteet, Sous-vide kyps\u00e4t tuotteet - NordeFood","robots":{"index":"index","follow":"follow","max-snippet":"max-snippet:-1","max-image-preview":"max-image-preview:large","max-video-preview":"max-video-preview:-1"},"canonical":"https:\/\/nordefood.eu\/fi\/liha-ja-lihatuotteet-sous-vide-kypsat-tuotteet\/","og_locale":"fi_FI","og_type":"article","og_title":"Liha ja lihatuotteet, Sous-vide kyps\u00e4t tuotteet - NordeFood","og_description":"Leikkeet ja valmisruoat Tarjoamme monipuolisen valikoiman laadukkaita puolivalmisteita, jotka on helppo ja nopea valmistaa maistuviksi lounasravintoloissa. Tuotteet ovat per\u00e4isin Saksasta ja muista EU-maista, joten ne ovat maultaan ja laadultaan erinomaisia. Tuotevalikoimamme: Sous-vide kypsennetyt tuotteet Ammattikeitti\u00f6iden kiireisess\u00e4 arjessa t\u00e4rkeint\u00e4 on tehokkuus. Laadukkaat raaka-aineet, joista voi valmistaa nopeasti ja helposti erilaisia annoksia, ovat avainasemassa. T\u00e4h\u00e4n vaatimukseen vastaamiseksi [&hellip;]","og_url":"https:\/\/nordefood.eu\/fi\/liha-ja-lihatuotteet-sous-vide-kypsat-tuotteet\/","og_site_name":"NordeFood","article_modified_time":"2025-01-14T08:45:49+00:00","og_image":[{"width":900,"height":600,"url":"https:\/\/nordefood.eu\/wp-content\/uploads\/2020\/07\/3.jpg","type":"image\/jpeg"}],"twitter_card":"summary_large_image","twitter_misc":{"Arvioitu lukuaika":"2 minuuttia"},"schema":{"@context":"https:\/\/schema.org","@graph":[{"@type":"WebPage","@id":"https:\/\/nordefood.eu\/fi\/liha-ja-lihatuotteet-sous-vide-kypsat-tuotteet\/","url":"https:\/\/nordefood.eu\/fi\/liha-ja-lihatuotteet-sous-vide-kypsat-tuotteet\/","name":"Liha ja lihatuotteet, Sous-vide kyps\u00e4t tuotteet - NordeFood","isPartOf":{"@id":"https:\/\/nordefood.eu\/#website"},"primaryImageOfPage":{"@id":"https:\/\/nordefood.eu\/fi\/liha-ja-lihatuotteet-sous-vide-kypsat-tuotteet\/#primaryimage"},"image":{"@id":"https:\/\/nordefood.eu\/fi\/liha-ja-lihatuotteet-sous-vide-kypsat-tuotteet\/#primaryimage"},"thumbnailUrl":"https:\/\/nordefood.eu\/wp-content\/uploads\/2020\/07\/3.jpg","datePublished":"2025-01-14T08:45:23+00:00","dateModified":"2025-01-14T08:45:49+00:00","breadcrumb":{"@id":"https:\/\/nordefood.eu\/fi\/liha-ja-lihatuotteet-sous-vide-kypsat-tuotteet\/#breadcrumb"},"inLanguage":"fi","potentialAction":[{"@type":"ReadAction","target":["https:\/\/nordefood.eu\/fi\/liha-ja-lihatuotteet-sous-vide-kypsat-tuotteet\/"]}]},{"@type":"ImageObject","inLanguage":"fi","@id":"https:\/\/nordefood.eu\/fi\/liha-ja-lihatuotteet-sous-vide-kypsat-tuotteet\/#primaryimage","url":"https:\/\/nordefood.eu\/wp-content\/uploads\/2020\/07\/3.jpg","contentUrl":"https:\/\/nordefood.eu\/wp-content\/uploads\/2020\/07\/3.jpg"},{"@type":"BreadcrumbList","@id":"https:\/\/nordefood.eu\/fi\/liha-ja-lihatuotteet-sous-vide-kypsat-tuotteet\/#breadcrumb","itemListElement":[{"@type":"ListItem","position":1,"name":"Home","item":"https:\/\/nordefood.eu\/fi\/"},{"@type":"ListItem","position":2,"name":"Liha ja lihatuotteet, Sous-vide kyps\u00e4t tuotteet"}]},{"@type":"WebSite","@id":"https:\/\/nordefood.eu\/#website","url":"https:\/\/nordefood.eu\/","name":"NordeFood","description":"Leht testimiseks","publisher":{"@id":"https:\/\/nordefood.eu\/#organization"},"potentialAction":[{"@type":"SearchAction","target":{"@type":"EntryPoint","urlTemplate":"https:\/\/nordefood.eu\/?s={search_term_string}"},"query-input":{"@type":"PropertyValueSpecification","valueRequired":true,"valueName":"search_term_string"}}],"inLanguage":"fi"},{"@type":"Organization","@id":"https:\/\/nordefood.eu\/#organization","name":"NordeFood","url":"https:\/\/nordefood.eu\/","logo":{"@type":"ImageObject","inLanguage":"fi","@id":"https:\/\/nordefood.eu\/#\/schema\/logo\/image\/","url":"https:\/\/nordefood.eu\/wp-content\/uploads\/2017\/05\/logo7.png","contentUrl":"https:\/\/nordefood.eu\/wp-content\/uploads\/2017\/05\/logo7.png","width":205,"height":31,"caption":"NordeFood"},"image":{"@id":"https:\/\/nordefood.eu\/#\/schema\/logo\/image\/"}}]}},"_links":{"self":[{"href":"https:\/\/nordefood.eu\/fi\/wp-json\/wp\/v2\/pages\/925","targetHints":{"allow":["GET"]}}],"collection":[{"href":"https:\/\/nordefood.eu\/fi\/wp-json\/wp\/v2\/pages"}],"about":[{"href":"https:\/\/nordefood.eu\/fi\/wp-json\/wp\/v2\/types\/page"}],"author":[{"embeddable":true,"href":"https:\/\/nordefood.eu\/fi\/wp-json\/wp\/v2\/users\/3"}],"replies":[{"embeddable":true,"href":"https:\/\/nordefood.eu\/fi\/wp-json\/wp\/v2\/comments?post=925"}],"version-history":[{"count":1,"href":"https:\/\/nordefood.eu\/fi\/wp-json\/wp\/v2\/pages\/925\/revisions"}],"predecessor-version":[{"id":926,"href":"https:\/\/nordefood.eu\/fi\/wp-json\/wp\/v2\/pages\/925\/revisions\/926"}],"wp:attachment":[{"href":"https:\/\/nordefood.eu\/fi\/wp-json\/wp\/v2\/media?parent=925"}],"curies":[{"name":"wp","href":"https:\/\/api.w.org\/{rel}","templated":true}]}}