{"id":931,"date":"2025-01-14T10:50:02","date_gmt":"2025-01-14T08:50:02","guid":{"rendered":"https:\/\/nordefood.eu\/?page_id=931"},"modified":"2025-01-14T10:50:25","modified_gmt":"2025-01-14T08:50:25","slug":"palvelut","status":"publish","type":"page","link":"https:\/\/nordefood.eu\/fi\/palvelut\/","title":{"rendered":"Palvelut"},"content":{"rendered":"\n<figure class=\"wp-block-image size-full\"><a href=\"https:\/\/nordefood.eu\/wp-content\/uploads\/2024\/11\/Private-label.png\"><img loading=\"lazy\" decoding=\"async\" width=\"606\" height=\"196\" src=\"https:\/\/nordefood.eu\/wp-content\/uploads\/2024\/11\/Private-label.png\" alt=\"\" class=\"wp-image-609\" srcset=\"https:\/\/nordefood.eu\/wp-content\/uploads\/2024\/11\/Private-label.png 606w, https:\/\/nordefood.eu\/wp-content\/uploads\/2024\/11\/Private-label-300x97.png 300w\" sizes=\"auto, (max-width: 606px) 100vw, 606px\" \/><\/a><\/figure>\n\n\n\n<p>Avainhenkil\u00f6ill\u00e4mme on yli 20 vuoden kokemus liha- ja elintarvikealalta niin tuotannosta, hankinnasta kuin kaupank\u00e4ynnist\u00e4kin. Meill\u00e4 on vahva ja kattava tuottajaverkosto, johon kuuluu j\u00e4seni\u00e4 eri puolilta Eurooppaa.<\/p>\n\n\n\n<h2 class=\"wp-block-heading\">Private label -tuotanto<\/h2>\n\n\n\n<p>Tarjoamme Private label -tuotantoa r\u00e4\u00e4t\u00e4l\u00f6ityn\u00e4 jokaisen asiakkaan ainutlaatuisiin tarpeisiin ja vaatimuksiin. Hallitsemme koko prosessia sen alusta loppuun asti:<\/p>\n\n\n\n<ul class=\"wp-block-list\">\n<li>Oikean tuottajan valinta<\/li>\n\n\n\n<li>Reseptien valmistelu, jos tarpeen<\/li>\n\n\n\n<li>Tuotteen valmistaminen<\/li>\n\n\n\n<li>Pakkausratkaisujen hallinta ja merkinn\u00e4t<\/li>\n\n\n\n<li>Laadunvalvonta<\/li>\n\n\n\n<li>Paperity\u00f6t, tuotantorytmi, varastointi ja logistiikka<\/li>\n<\/ul>\n\n\n\n<h2 class=\"wp-block-heading\">Raaka-aineiden hankinta ja ylivarastojen myynti<\/h2>\n\n\n\n<p>Autamme asiakkaita l\u00f6yt\u00e4m\u00e4\u00e4n oikeat raaka-aineet tuotantonsa tarpeisiin varmistaen niiden parhaan hinnan ja laadun. Huolehdimme my\u00f6s laadunvalvonnasta ja logistiikkaj\u00e4rjestelyist\u00e4 asiakkaidemme tarpeiden mukaan.<\/p>\n\n\n\n<p>Lis\u00e4ksi voimme auttaa asiakkaidemme ylivarastojen realisoinnissa. Olemme sitoutuneet laatuun ja palveluun.<\/p>\n\n\n\n<p>Vaalimme nopeutta, joustavuutta ja asiakastyytyv\u00e4isyytt\u00e4 p\u00e4ivitt\u00e4isess\u00e4 toiminnassamme.<\/p>\n","protected":false},"excerpt":{"rendered":"<p>Avainhenkil\u00f6ill\u00e4mme on yli 20 vuoden kokemus liha- ja elintarvikealalta niin tuotannosta, hankinnasta kuin kaupank\u00e4ynnist\u00e4kin. Meill\u00e4 on vahva ja kattava tuottajaverkosto, johon kuuluu j\u00e4seni\u00e4 eri puolilta Eurooppaa. Private label -tuotanto Tarjoamme Private label -tuotantoa r\u00e4\u00e4t\u00e4l\u00f6ityn\u00e4 jokaisen asiakkaan ainutlaatuisiin tarpeisiin ja vaatimuksiin. Hallitsemme koko prosessia sen alusta loppuun asti: Raaka-aineiden hankinta ja ylivarastojen myynti Autamme asiakkaita l\u00f6yt\u00e4m\u00e4\u00e4n [&hellip;]<\/p>\n","protected":false},"author":3,"featured_media":0,"parent":0,"menu_order":0,"comment_status":"closed","ping_status":"closed","template":"","meta":{"footnotes":""},"class_list":["post-931","page","type-page","status-publish","hentry"],"blocksy_meta":[],"yoast_head":"<!-- This site is optimized with the Yoast SEO plugin v24.3 - https:\/\/yoast.com\/wordpress\/plugins\/seo\/ -->\n<title>Palvelut - NordeFood<\/title>\n<meta name=\"robots\" content=\"index, follow, max-snippet:-1, max-image-preview:large, max-video-preview:-1\" \/>\n<link rel=\"canonical\" href=\"https:\/\/nordefood.eu\/fi\/palvelut\/\" \/>\n<meta property=\"og:locale\" content=\"fi_FI\" \/>\n<meta property=\"og:type\" content=\"article\" \/>\n<meta property=\"og:title\" content=\"Palvelut - NordeFood\" \/>\n<meta property=\"og:description\" content=\"Avainhenkil\u00f6ill\u00e4mme on yli 20 vuoden kokemus liha- ja elintarvikealalta niin tuotannosta, hankinnasta kuin kaupank\u00e4ynnist\u00e4kin. Meill\u00e4 on vahva ja kattava tuottajaverkosto, johon kuuluu j\u00e4seni\u00e4 eri puolilta Eurooppaa. Private label -tuotanto Tarjoamme Private label -tuotantoa r\u00e4\u00e4t\u00e4l\u00f6ityn\u00e4 jokaisen asiakkaan ainutlaatuisiin tarpeisiin ja vaatimuksiin. Hallitsemme koko prosessia sen alusta loppuun asti: Raaka-aineiden hankinta ja ylivarastojen myynti Autamme asiakkaita l\u00f6yt\u00e4m\u00e4\u00e4n [&hellip;]\" \/>\n<meta property=\"og:url\" content=\"https:\/\/nordefood.eu\/fi\/palvelut\/\" \/>\n<meta property=\"og:site_name\" content=\"NordeFood\" \/>\n<meta property=\"article:modified_time\" content=\"2025-01-14T08:50:25+00:00\" \/>\n<meta property=\"og:image\" content=\"https:\/\/nordefood.eu\/wp-content\/uploads\/2024\/11\/Private-label.png\" \/>\n\t<meta property=\"og:image:width\" content=\"606\" \/>\n\t<meta property=\"og:image:height\" content=\"196\" \/>\n\t<meta property=\"og:image:type\" content=\"image\/png\" \/>\n<meta name=\"twitter:card\" content=\"summary_large_image\" \/>\n<meta name=\"twitter:label1\" content=\"Arvioitu lukuaika\" \/>\n\t<meta name=\"twitter:data1\" content=\"1 minuutti\" \/>\n<script type=\"application\/ld+json\" class=\"yoast-schema-graph\">{\"@context\":\"https:\/\/schema.org\",\"@graph\":[{\"@type\":\"WebPage\",\"@id\":\"https:\/\/nordefood.eu\/fi\/palvelut\/\",\"url\":\"https:\/\/nordefood.eu\/fi\/palvelut\/\",\"name\":\"Palvelut - NordeFood\",\"isPartOf\":{\"@id\":\"https:\/\/nordefood.eu\/#website\"},\"primaryImageOfPage\":{\"@id\":\"https:\/\/nordefood.eu\/fi\/palvelut\/#primaryimage\"},\"image\":{\"@id\":\"https:\/\/nordefood.eu\/fi\/palvelut\/#primaryimage\"},\"thumbnailUrl\":\"https:\/\/nordefood.eu\/wp-content\/uploads\/2024\/11\/Private-label.png\",\"datePublished\":\"2025-01-14T08:50:02+00:00\",\"dateModified\":\"2025-01-14T08:50:25+00:00\",\"breadcrumb\":{\"@id\":\"https:\/\/nordefood.eu\/fi\/palvelut\/#breadcrumb\"},\"inLanguage\":\"fi\",\"potentialAction\":[{\"@type\":\"ReadAction\",\"target\":[\"https:\/\/nordefood.eu\/fi\/palvelut\/\"]}]},{\"@type\":\"ImageObject\",\"inLanguage\":\"fi\",\"@id\":\"https:\/\/nordefood.eu\/fi\/palvelut\/#primaryimage\",\"url\":\"https:\/\/nordefood.eu\/wp-content\/uploads\/2024\/11\/Private-label.png\",\"contentUrl\":\"https:\/\/nordefood.eu\/wp-content\/uploads\/2024\/11\/Private-label.png\"},{\"@type\":\"BreadcrumbList\",\"@id\":\"https:\/\/nordefood.eu\/fi\/palvelut\/#breadcrumb\",\"itemListElement\":[{\"@type\":\"ListItem\",\"position\":1,\"name\":\"Home\",\"item\":\"https:\/\/nordefood.eu\/fi\/\"},{\"@type\":\"ListItem\",\"position\":2,\"name\":\"Palvelut\"}]},{\"@type\":\"WebSite\",\"@id\":\"https:\/\/nordefood.eu\/#website\",\"url\":\"https:\/\/nordefood.eu\/\",\"name\":\"NordeFood\",\"description\":\"Leht testimiseks\",\"publisher\":{\"@id\":\"https:\/\/nordefood.eu\/#organization\"},\"potentialAction\":[{\"@type\":\"SearchAction\",\"target\":{\"@type\":\"EntryPoint\",\"urlTemplate\":\"https:\/\/nordefood.eu\/?s={search_term_string}\"},\"query-input\":{\"@type\":\"PropertyValueSpecification\",\"valueRequired\":true,\"valueName\":\"search_term_string\"}}],\"inLanguage\":\"fi\"},{\"@type\":\"Organization\",\"@id\":\"https:\/\/nordefood.eu\/#organization\",\"name\":\"NordeFood\",\"url\":\"https:\/\/nordefood.eu\/\",\"logo\":{\"@type\":\"ImageObject\",\"inLanguage\":\"fi\",\"@id\":\"https:\/\/nordefood.eu\/#\/schema\/logo\/image\/\",\"url\":\"https:\/\/nordefood.eu\/wp-content\/uploads\/2017\/05\/logo7.png\",\"contentUrl\":\"https:\/\/nordefood.eu\/wp-content\/uploads\/2017\/05\/logo7.png\",\"width\":205,\"height\":31,\"caption\":\"NordeFood\"},\"image\":{\"@id\":\"https:\/\/nordefood.eu\/#\/schema\/logo\/image\/\"}}]}<\/script>\n<!-- \/ Yoast SEO plugin. -->","yoast_head_json":{"title":"Palvelut - NordeFood","robots":{"index":"index","follow":"follow","max-snippet":"max-snippet:-1","max-image-preview":"max-image-preview:large","max-video-preview":"max-video-preview:-1"},"canonical":"https:\/\/nordefood.eu\/fi\/palvelut\/","og_locale":"fi_FI","og_type":"article","og_title":"Palvelut - NordeFood","og_description":"Avainhenkil\u00f6ill\u00e4mme on yli 20 vuoden kokemus liha- ja elintarvikealalta niin tuotannosta, hankinnasta kuin kaupank\u00e4ynnist\u00e4kin. Meill\u00e4 on vahva ja kattava tuottajaverkosto, johon kuuluu j\u00e4seni\u00e4 eri puolilta Eurooppaa. Private label -tuotanto Tarjoamme Private label -tuotantoa r\u00e4\u00e4t\u00e4l\u00f6ityn\u00e4 jokaisen asiakkaan ainutlaatuisiin tarpeisiin ja vaatimuksiin. Hallitsemme koko prosessia sen alusta loppuun asti: Raaka-aineiden hankinta ja ylivarastojen myynti Autamme asiakkaita l\u00f6yt\u00e4m\u00e4\u00e4n [&hellip;]","og_url":"https:\/\/nordefood.eu\/fi\/palvelut\/","og_site_name":"NordeFood","article_modified_time":"2025-01-14T08:50:25+00:00","og_image":[{"width":606,"height":196,"url":"https:\/\/nordefood.eu\/wp-content\/uploads\/2024\/11\/Private-label.png","type":"image\/png"}],"twitter_card":"summary_large_image","twitter_misc":{"Arvioitu lukuaika":"1 minuutti"},"schema":{"@context":"https:\/\/schema.org","@graph":[{"@type":"WebPage","@id":"https:\/\/nordefood.eu\/fi\/palvelut\/","url":"https:\/\/nordefood.eu\/fi\/palvelut\/","name":"Palvelut - NordeFood","isPartOf":{"@id":"https:\/\/nordefood.eu\/#website"},"primaryImageOfPage":{"@id":"https:\/\/nordefood.eu\/fi\/palvelut\/#primaryimage"},"image":{"@id":"https:\/\/nordefood.eu\/fi\/palvelut\/#primaryimage"},"thumbnailUrl":"https:\/\/nordefood.eu\/wp-content\/uploads\/2024\/11\/Private-label.png","datePublished":"2025-01-14T08:50:02+00:00","dateModified":"2025-01-14T08:50:25+00:00","breadcrumb":{"@id":"https:\/\/nordefood.eu\/fi\/palvelut\/#breadcrumb"},"inLanguage":"fi","potentialAction":[{"@type":"ReadAction","target":["https:\/\/nordefood.eu\/fi\/palvelut\/"]}]},{"@type":"ImageObject","inLanguage":"fi","@id":"https:\/\/nordefood.eu\/fi\/palvelut\/#primaryimage","url":"https:\/\/nordefood.eu\/wp-content\/uploads\/2024\/11\/Private-label.png","contentUrl":"https:\/\/nordefood.eu\/wp-content\/uploads\/2024\/11\/Private-label.png"},{"@type":"BreadcrumbList","@id":"https:\/\/nordefood.eu\/fi\/palvelut\/#breadcrumb","itemListElement":[{"@type":"ListItem","position":1,"name":"Home","item":"https:\/\/nordefood.eu\/fi\/"},{"@type":"ListItem","position":2,"name":"Palvelut"}]},{"@type":"WebSite","@id":"https:\/\/nordefood.eu\/#website","url":"https:\/\/nordefood.eu\/","name":"NordeFood","description":"Leht testimiseks","publisher":{"@id":"https:\/\/nordefood.eu\/#organization"},"potentialAction":[{"@type":"SearchAction","target":{"@type":"EntryPoint","urlTemplate":"https:\/\/nordefood.eu\/?s={search_term_string}"},"query-input":{"@type":"PropertyValueSpecification","valueRequired":true,"valueName":"search_term_string"}}],"inLanguage":"fi"},{"@type":"Organization","@id":"https:\/\/nordefood.eu\/#organization","name":"NordeFood","url":"https:\/\/nordefood.eu\/","logo":{"@type":"ImageObject","inLanguage":"fi","@id":"https:\/\/nordefood.eu\/#\/schema\/logo\/image\/","url":"https:\/\/nordefood.eu\/wp-content\/uploads\/2017\/05\/logo7.png","contentUrl":"https:\/\/nordefood.eu\/wp-content\/uploads\/2017\/05\/logo7.png","width":205,"height":31,"caption":"NordeFood"},"image":{"@id":"https:\/\/nordefood.eu\/#\/schema\/logo\/image\/"}}]}},"_links":{"self":[{"href":"https:\/\/nordefood.eu\/fi\/wp-json\/wp\/v2\/pages\/931","targetHints":{"allow":["GET"]}}],"collection":[{"href":"https:\/\/nordefood.eu\/fi\/wp-json\/wp\/v2\/pages"}],"about":[{"href":"https:\/\/nordefood.eu\/fi\/wp-json\/wp\/v2\/types\/page"}],"author":[{"embeddable":true,"href":"https:\/\/nordefood.eu\/fi\/wp-json\/wp\/v2\/users\/3"}],"replies":[{"embeddable":true,"href":"https:\/\/nordefood.eu\/fi\/wp-json\/wp\/v2\/comments?post=931"}],"version-history":[{"count":1,"href":"https:\/\/nordefood.eu\/fi\/wp-json\/wp\/v2\/pages\/931\/revisions"}],"predecessor-version":[{"id":932,"href":"https:\/\/nordefood.eu\/fi\/wp-json\/wp\/v2\/pages\/931\/revisions\/932"}],"wp:attachment":[{"href":"https:\/\/nordefood.eu\/fi\/wp-json\/wp\/v2\/media?parent=931"}],"curies":[{"name":"wp","href":"https:\/\/api.w.org\/{rel}","templated":true}]}}