{"id":934,"date":"2025-01-14T10:53:06","date_gmt":"2025-01-14T08:53:06","guid":{"rendered":"https:\/\/nordefood.eu\/?page_id=934"},"modified":"2025-01-14T10:53:37","modified_gmt":"2025-01-14T08:53:37","slug":"sous-vide-kypsennetyt-vihannekset-palkokasvit-ja-kasvisvaihtoehdot","status":"publish","type":"page","link":"https:\/\/nordefood.eu\/fi\/sous-vide-kypsennetyt-vihannekset-palkokasvit-ja-kasvisvaihtoehdot\/","title":{"rendered":"Sous-vide kypsennetyt vihannekset, palkokasvit ja kasvisvaihtoehdot"},"content":{"rendered":"\n<figure class=\"wp-block-image size-large\"><img loading=\"lazy\" decoding=\"async\" width=\"900\" height=\"600\" src=\"https:\/\/nordefood.eu\/wp-content\/uploads\/2020\/08\/Vegetables-900x600.jpg\" alt=\"Vegetables\" class=\"wp-image-519\" srcset=\"https:\/\/nordefood.eu\/wp-content\/uploads\/2020\/08\/Vegetables.jpg 900w, https:\/\/nordefood.eu\/wp-content\/uploads\/2020\/08\/Vegetables-300x200.jpg 300w\" sizes=\"auto, (max-width: 900px) 100vw, 900px\" \/><\/figure>\n\n\n\n<p><span style=\"color: inherit; font-size: 1.95em; font-weight: 600;\">Vihannekset ja kasvisvaihtoehdot<\/span><\/p>\n\n\n\n<p>Vihannesvalikoimamme koostuu p\u00e4\u00e4osin sous-vide esikypsennetyist\u00e4 tuotteista, jotka s\u00e4ilytt\u00e4v\u00e4t vitamiininsa ja mineraalinsa valmistusprosessin aikana.<\/p>\n\n\n\n<p>Sous-vide esikypsennetyt tuotteet ovat k\u00e4tevi\u00e4 k\u00e4sitell\u00e4 ja valmistaa keitti\u00f6ss\u00e4.<\/p>\n\n\n\n<p><strong>Tuotevalikoimamme:<\/strong><\/p>\n\n\n\n<ul class=\"wp-block-list\">\n<li>Sous-vide kypsennetty peruna: kokonaiset, viipaleet, kuutiot, suikaleet<\/li>\n\n\n\n<li>Sous-vide kypsennetty punajuuri: kokonaiset, viipaleet, kuutiot, suikaleet<\/li>\n\n\n\n<li>Sous-vide kypsennetty porkkana: kokonaiset, viipaleet, kuutiot, suikaleet<\/li>\n\n\n\n<li>Sous-vide kypsennetty nauris: kokonaiset, viipaleet, kuutiot, suikaleet<\/li>\n\n\n\n<li>Muut sous-vide kypsennetyt vihannekset: kokonaiset ja pidemm\u00e4lle jalostetu<\/li>\n<\/ul>\n\n\n\n<p>Voimme r\u00e4\u00e4t\u00e4l\u00f6id\u00e4 tuotantoa my\u00f6s asiakkaidemme vaatimusten mukaan.<\/p>\n\n\n\n<p>Tuotteemme valmistetaan p\u00e4\u00e4osin Virossa, mutta luottokumppanimme Puolassa vastaa sipulien k\u00e4sittelyst\u00e4 ja pakastevihanneksista.<\/p>\n\n\n\n<h2 class=\"wp-block-heading\">Kasvisvaihtoehdot<\/h2>\n\n\n\n<p>Voimme valmistaa sous-vide kypsennettyj\u00e4 palkokasveja, kuten mustapapuja ja kikherneit\u00e4, jotka muodostavat perustan ravitseville kasvisaterioille. Varmistamme, ett\u00e4 pavut ja herneet k\u00e4sitell\u00e4\u00e4n ymp\u00e4rist\u00f6yst\u00e4v\u00e4llisell\u00e4 ja j\u00e4tteen m\u00e4\u00e4r\u00e4\u00e4 v\u00e4hent\u00e4v\u00e4ll\u00e4 tavalla.<\/p>\n\n\n\n<p>Palvelemme teollisuuden, HoReCa-sektorin ja kuluttajien ruoanlaittotarpeita.<\/p>\n","protected":false},"excerpt":{"rendered":"<p>Vihannekset ja kasvisvaihtoehdot Vihannesvalikoimamme koostuu p\u00e4\u00e4osin sous-vide esikypsennetyist\u00e4 tuotteista, jotka s\u00e4ilytt\u00e4v\u00e4t vitamiininsa ja mineraalinsa valmistusprosessin aikana. Sous-vide esikypsennetyt tuotteet ovat k\u00e4tevi\u00e4 k\u00e4sitell\u00e4 ja valmistaa keitti\u00f6ss\u00e4. Tuotevalikoimamme: Voimme r\u00e4\u00e4t\u00e4l\u00f6id\u00e4 tuotantoa my\u00f6s asiakkaidemme vaatimusten mukaan. Tuotteemme valmistetaan p\u00e4\u00e4osin Virossa, mutta luottokumppanimme Puolassa vastaa sipulien k\u00e4sittelyst\u00e4 ja pakastevihanneksista. Kasvisvaihtoehdot Voimme valmistaa sous-vide kypsennettyj\u00e4 palkokasveja, kuten mustapapuja ja kikherneit\u00e4, [&hellip;]<\/p>\n","protected":false},"author":3,"featured_media":0,"parent":0,"menu_order":0,"comment_status":"closed","ping_status":"closed","template":"","meta":{"footnotes":""},"class_list":["post-934","page","type-page","status-publish","hentry"],"blocksy_meta":[],"yoast_head":"<!-- This site is optimized with the Yoast SEO plugin v24.3 - https:\/\/yoast.com\/wordpress\/plugins\/seo\/ -->\n<title>Sous-vide kypsennetyt vihannekset, palkokasvit ja kasvisvaihtoehdot - NordeFood<\/title>\n<meta name=\"robots\" content=\"index, follow, max-snippet:-1, max-image-preview:large, max-video-preview:-1\" \/>\n<link rel=\"canonical\" href=\"https:\/\/nordefood.eu\/fi\/sous-vide-kypsennetyt-vihannekset-palkokasvit-ja-kasvisvaihtoehdot\/\" \/>\n<meta property=\"og:locale\" content=\"fi_FI\" \/>\n<meta property=\"og:type\" content=\"article\" \/>\n<meta property=\"og:title\" content=\"Sous-vide kypsennetyt vihannekset, palkokasvit ja kasvisvaihtoehdot - NordeFood\" \/>\n<meta property=\"og:description\" content=\"Vihannekset ja kasvisvaihtoehdot Vihannesvalikoimamme koostuu p\u00e4\u00e4osin sous-vide esikypsennetyist\u00e4 tuotteista, jotka s\u00e4ilytt\u00e4v\u00e4t vitamiininsa ja mineraalinsa valmistusprosessin aikana. Sous-vide esikypsennetyt tuotteet ovat k\u00e4tevi\u00e4 k\u00e4sitell\u00e4 ja valmistaa keitti\u00f6ss\u00e4. Tuotevalikoimamme: Voimme r\u00e4\u00e4t\u00e4l\u00f6id\u00e4 tuotantoa my\u00f6s asiakkaidemme vaatimusten mukaan. Tuotteemme valmistetaan p\u00e4\u00e4osin Virossa, mutta luottokumppanimme Puolassa vastaa sipulien k\u00e4sittelyst\u00e4 ja pakastevihanneksista. Kasvisvaihtoehdot Voimme valmistaa sous-vide kypsennettyj\u00e4 palkokasveja, kuten mustapapuja ja kikherneit\u00e4, [&hellip;]\" \/>\n<meta property=\"og:url\" content=\"https:\/\/nordefood.eu\/fi\/sous-vide-kypsennetyt-vihannekset-palkokasvit-ja-kasvisvaihtoehdot\/\" \/>\n<meta property=\"og:site_name\" content=\"NordeFood\" \/>\n<meta property=\"article:modified_time\" content=\"2025-01-14T08:53:37+00:00\" \/>\n<meta property=\"og:image\" content=\"https:\/\/nordefood.eu\/wp-content\/uploads\/2020\/08\/Vegetables.jpg\" \/>\n\t<meta property=\"og:image:width\" content=\"900\" \/>\n\t<meta property=\"og:image:height\" content=\"600\" \/>\n\t<meta property=\"og:image:type\" content=\"image\/jpeg\" \/>\n<meta name=\"twitter:card\" content=\"summary_large_image\" \/>\n<meta name=\"twitter:label1\" content=\"Arvioitu lukuaika\" \/>\n\t<meta name=\"twitter:data1\" content=\"1 minuutti\" \/>\n<script type=\"application\/ld+json\" class=\"yoast-schema-graph\">{\"@context\":\"https:\/\/schema.org\",\"@graph\":[{\"@type\":\"WebPage\",\"@id\":\"https:\/\/nordefood.eu\/fi\/sous-vide-kypsennetyt-vihannekset-palkokasvit-ja-kasvisvaihtoehdot\/\",\"url\":\"https:\/\/nordefood.eu\/fi\/sous-vide-kypsennetyt-vihannekset-palkokasvit-ja-kasvisvaihtoehdot\/\",\"name\":\"Sous-vide kypsennetyt vihannekset, palkokasvit ja kasvisvaihtoehdot - NordeFood\",\"isPartOf\":{\"@id\":\"https:\/\/nordefood.eu\/#website\"},\"primaryImageOfPage\":{\"@id\":\"https:\/\/nordefood.eu\/fi\/sous-vide-kypsennetyt-vihannekset-palkokasvit-ja-kasvisvaihtoehdot\/#primaryimage\"},\"image\":{\"@id\":\"https:\/\/nordefood.eu\/fi\/sous-vide-kypsennetyt-vihannekset-palkokasvit-ja-kasvisvaihtoehdot\/#primaryimage\"},\"thumbnailUrl\":\"https:\/\/nordefood.eu\/wp-content\/uploads\/2020\/08\/Vegetables-900x600.jpg\",\"datePublished\":\"2025-01-14T08:53:06+00:00\",\"dateModified\":\"2025-01-14T08:53:37+00:00\",\"breadcrumb\":{\"@id\":\"https:\/\/nordefood.eu\/fi\/sous-vide-kypsennetyt-vihannekset-palkokasvit-ja-kasvisvaihtoehdot\/#breadcrumb\"},\"inLanguage\":\"fi\",\"potentialAction\":[{\"@type\":\"ReadAction\",\"target\":[\"https:\/\/nordefood.eu\/fi\/sous-vide-kypsennetyt-vihannekset-palkokasvit-ja-kasvisvaihtoehdot\/\"]}]},{\"@type\":\"ImageObject\",\"inLanguage\":\"fi\",\"@id\":\"https:\/\/nordefood.eu\/fi\/sous-vide-kypsennetyt-vihannekset-palkokasvit-ja-kasvisvaihtoehdot\/#primaryimage\",\"url\":\"https:\/\/nordefood.eu\/wp-content\/uploads\/2020\/08\/Vegetables-900x600.jpg\",\"contentUrl\":\"https:\/\/nordefood.eu\/wp-content\/uploads\/2020\/08\/Vegetables-900x600.jpg\"},{\"@type\":\"BreadcrumbList\",\"@id\":\"https:\/\/nordefood.eu\/fi\/sous-vide-kypsennetyt-vihannekset-palkokasvit-ja-kasvisvaihtoehdot\/#breadcrumb\",\"itemListElement\":[{\"@type\":\"ListItem\",\"position\":1,\"name\":\"Home\",\"item\":\"https:\/\/nordefood.eu\/fi\/\"},{\"@type\":\"ListItem\",\"position\":2,\"name\":\"Sous-vide kypsennetyt vihannekset, palkokasvit ja kasvisvaihtoehdot\"}]},{\"@type\":\"WebSite\",\"@id\":\"https:\/\/nordefood.eu\/#website\",\"url\":\"https:\/\/nordefood.eu\/\",\"name\":\"NordeFood\",\"description\":\"Leht testimiseks\",\"publisher\":{\"@id\":\"https:\/\/nordefood.eu\/#organization\"},\"potentialAction\":[{\"@type\":\"SearchAction\",\"target\":{\"@type\":\"EntryPoint\",\"urlTemplate\":\"https:\/\/nordefood.eu\/?s={search_term_string}\"},\"query-input\":{\"@type\":\"PropertyValueSpecification\",\"valueRequired\":true,\"valueName\":\"search_term_string\"}}],\"inLanguage\":\"fi\"},{\"@type\":\"Organization\",\"@id\":\"https:\/\/nordefood.eu\/#organization\",\"name\":\"NordeFood\",\"url\":\"https:\/\/nordefood.eu\/\",\"logo\":{\"@type\":\"ImageObject\",\"inLanguage\":\"fi\",\"@id\":\"https:\/\/nordefood.eu\/#\/schema\/logo\/image\/\",\"url\":\"https:\/\/nordefood.eu\/wp-content\/uploads\/2017\/05\/logo7.png\",\"contentUrl\":\"https:\/\/nordefood.eu\/wp-content\/uploads\/2017\/05\/logo7.png\",\"width\":205,\"height\":31,\"caption\":\"NordeFood\"},\"image\":{\"@id\":\"https:\/\/nordefood.eu\/#\/schema\/logo\/image\/\"}}]}<\/script>\n<!-- \/ Yoast SEO plugin. -->","yoast_head_json":{"title":"Sous-vide kypsennetyt vihannekset, palkokasvit ja kasvisvaihtoehdot - NordeFood","robots":{"index":"index","follow":"follow","max-snippet":"max-snippet:-1","max-image-preview":"max-image-preview:large","max-video-preview":"max-video-preview:-1"},"canonical":"https:\/\/nordefood.eu\/fi\/sous-vide-kypsennetyt-vihannekset-palkokasvit-ja-kasvisvaihtoehdot\/","og_locale":"fi_FI","og_type":"article","og_title":"Sous-vide kypsennetyt vihannekset, palkokasvit ja kasvisvaihtoehdot - NordeFood","og_description":"Vihannekset ja kasvisvaihtoehdot Vihannesvalikoimamme koostuu p\u00e4\u00e4osin sous-vide esikypsennetyist\u00e4 tuotteista, jotka s\u00e4ilytt\u00e4v\u00e4t vitamiininsa ja mineraalinsa valmistusprosessin aikana. Sous-vide esikypsennetyt tuotteet ovat k\u00e4tevi\u00e4 k\u00e4sitell\u00e4 ja valmistaa keitti\u00f6ss\u00e4. Tuotevalikoimamme: Voimme r\u00e4\u00e4t\u00e4l\u00f6id\u00e4 tuotantoa my\u00f6s asiakkaidemme vaatimusten mukaan. Tuotteemme valmistetaan p\u00e4\u00e4osin Virossa, mutta luottokumppanimme Puolassa vastaa sipulien k\u00e4sittelyst\u00e4 ja pakastevihanneksista. Kasvisvaihtoehdot Voimme valmistaa sous-vide kypsennettyj\u00e4 palkokasveja, kuten mustapapuja ja kikherneit\u00e4, [&hellip;]","og_url":"https:\/\/nordefood.eu\/fi\/sous-vide-kypsennetyt-vihannekset-palkokasvit-ja-kasvisvaihtoehdot\/","og_site_name":"NordeFood","article_modified_time":"2025-01-14T08:53:37+00:00","og_image":[{"width":900,"height":600,"url":"https:\/\/nordefood.eu\/wp-content\/uploads\/2020\/08\/Vegetables.jpg","type":"image\/jpeg"}],"twitter_card":"summary_large_image","twitter_misc":{"Arvioitu lukuaika":"1 minuutti"},"schema":{"@context":"https:\/\/schema.org","@graph":[{"@type":"WebPage","@id":"https:\/\/nordefood.eu\/fi\/sous-vide-kypsennetyt-vihannekset-palkokasvit-ja-kasvisvaihtoehdot\/","url":"https:\/\/nordefood.eu\/fi\/sous-vide-kypsennetyt-vihannekset-palkokasvit-ja-kasvisvaihtoehdot\/","name":"Sous-vide kypsennetyt vihannekset, palkokasvit ja kasvisvaihtoehdot - NordeFood","isPartOf":{"@id":"https:\/\/nordefood.eu\/#website"},"primaryImageOfPage":{"@id":"https:\/\/nordefood.eu\/fi\/sous-vide-kypsennetyt-vihannekset-palkokasvit-ja-kasvisvaihtoehdot\/#primaryimage"},"image":{"@id":"https:\/\/nordefood.eu\/fi\/sous-vide-kypsennetyt-vihannekset-palkokasvit-ja-kasvisvaihtoehdot\/#primaryimage"},"thumbnailUrl":"https:\/\/nordefood.eu\/wp-content\/uploads\/2020\/08\/Vegetables-900x600.jpg","datePublished":"2025-01-14T08:53:06+00:00","dateModified":"2025-01-14T08:53:37+00:00","breadcrumb":{"@id":"https:\/\/nordefood.eu\/fi\/sous-vide-kypsennetyt-vihannekset-palkokasvit-ja-kasvisvaihtoehdot\/#breadcrumb"},"inLanguage":"fi","potentialAction":[{"@type":"ReadAction","target":["https:\/\/nordefood.eu\/fi\/sous-vide-kypsennetyt-vihannekset-palkokasvit-ja-kasvisvaihtoehdot\/"]}]},{"@type":"ImageObject","inLanguage":"fi","@id":"https:\/\/nordefood.eu\/fi\/sous-vide-kypsennetyt-vihannekset-palkokasvit-ja-kasvisvaihtoehdot\/#primaryimage","url":"https:\/\/nordefood.eu\/wp-content\/uploads\/2020\/08\/Vegetables-900x600.jpg","contentUrl":"https:\/\/nordefood.eu\/wp-content\/uploads\/2020\/08\/Vegetables-900x600.jpg"},{"@type":"BreadcrumbList","@id":"https:\/\/nordefood.eu\/fi\/sous-vide-kypsennetyt-vihannekset-palkokasvit-ja-kasvisvaihtoehdot\/#breadcrumb","itemListElement":[{"@type":"ListItem","position":1,"name":"Home","item":"https:\/\/nordefood.eu\/fi\/"},{"@type":"ListItem","position":2,"name":"Sous-vide kypsennetyt vihannekset, palkokasvit ja kasvisvaihtoehdot"}]},{"@type":"WebSite","@id":"https:\/\/nordefood.eu\/#website","url":"https:\/\/nordefood.eu\/","name":"NordeFood","description":"Leht testimiseks","publisher":{"@id":"https:\/\/nordefood.eu\/#organization"},"potentialAction":[{"@type":"SearchAction","target":{"@type":"EntryPoint","urlTemplate":"https:\/\/nordefood.eu\/?s={search_term_string}"},"query-input":{"@type":"PropertyValueSpecification","valueRequired":true,"valueName":"search_term_string"}}],"inLanguage":"fi"},{"@type":"Organization","@id":"https:\/\/nordefood.eu\/#organization","name":"NordeFood","url":"https:\/\/nordefood.eu\/","logo":{"@type":"ImageObject","inLanguage":"fi","@id":"https:\/\/nordefood.eu\/#\/schema\/logo\/image\/","url":"https:\/\/nordefood.eu\/wp-content\/uploads\/2017\/05\/logo7.png","contentUrl":"https:\/\/nordefood.eu\/wp-content\/uploads\/2017\/05\/logo7.png","width":205,"height":31,"caption":"NordeFood"},"image":{"@id":"https:\/\/nordefood.eu\/#\/schema\/logo\/image\/"}}]}},"_links":{"self":[{"href":"https:\/\/nordefood.eu\/fi\/wp-json\/wp\/v2\/pages\/934","targetHints":{"allow":["GET"]}}],"collection":[{"href":"https:\/\/nordefood.eu\/fi\/wp-json\/wp\/v2\/pages"}],"about":[{"href":"https:\/\/nordefood.eu\/fi\/wp-json\/wp\/v2\/types\/page"}],"author":[{"embeddable":true,"href":"https:\/\/nordefood.eu\/fi\/wp-json\/wp\/v2\/users\/3"}],"replies":[{"embeddable":true,"href":"https:\/\/nordefood.eu\/fi\/wp-json\/wp\/v2\/comments?post=934"}],"version-history":[{"count":1,"href":"https:\/\/nordefood.eu\/fi\/wp-json\/wp\/v2\/pages\/934\/revisions"}],"predecessor-version":[{"id":935,"href":"https:\/\/nordefood.eu\/fi\/wp-json\/wp\/v2\/pages\/934\/revisions\/935"}],"wp:attachment":[{"href":"https:\/\/nordefood.eu\/fi\/wp-json\/wp\/v2\/media?parent=934"}],"curies":[{"name":"wp","href":"https:\/\/api.w.org\/{rel}","templated":true}]}}