{"id":936,"date":"2025-01-14T10:55:26","date_gmt":"2025-01-14T08:55:26","guid":{"rendered":"https:\/\/nordefood.eu\/?page_id=936"},"modified":"2025-01-14T10:55:56","modified_gmt":"2025-01-14T08:55:56","slug":"riistaliha-ja-lihatuotteet-sous-vide-kypsat-tuotteet","status":"publish","type":"page","link":"https:\/\/nordefood.eu\/fi\/riistaliha-ja-lihatuotteet-sous-vide-kypsat-tuotteet\/","title":{"rendered":"Riistaliha ja lihatuotteet, sous-vide kyps\u00e4t tuotteet"},"content":{"rendered":"\n<figure class=\"wp-block-image size-full\"><a href=\"https:\/\/nordefood.eu\/wp-content\/uploads\/2024\/11\/Wild-game-meat-2.jpg\"><img loading=\"lazy\" decoding=\"async\" width=\"900\" height=\"787\" src=\"https:\/\/nordefood.eu\/wp-content\/uploads\/2024\/11\/Wild-game-meat-2.jpg\" alt=\"Wild game meat and meat products, Sous-vide products\" class=\"wp-image-604\" srcset=\"https:\/\/nordefood.eu\/wp-content\/uploads\/2024\/11\/Wild-game-meat-2.jpg 900w, https:\/\/nordefood.eu\/wp-content\/uploads\/2024\/11\/Wild-game-meat-2-300x262.jpg 300w, https:\/\/nordefood.eu\/wp-content\/uploads\/2024\/11\/Wild-game-meat-2-768x672.jpg 768w\" sizes=\"auto, (max-width: 900px) 100vw, 900px\" \/><\/a><\/figure>\n\n\n\n<h2 class=\"wp-block-heading\">Riistaliha ja lihatuotteet, sous-vide kyps\u00e4t tuotteet<\/h2>\n\n\n\n<p>Riistamme on 100-prosenttisen luonnollista ja mets\u00e4stetty suoraan luonnosta. Riistalihamme on per\u00e4isin p\u00e4\u00e4osin Virosta ja muualta Pohjois-Euroopasta, miss\u00e4 luonto on puhdasta ja hyvin suojeltua.<\/p>\n\n\n\n<p>Yli puolet Virosta on metsien peitossa, ja puolet niist\u00e4 on luomumetsi\u00e4. Painotamme toiminnassamme kest\u00e4v\u00e4\u00e4 ja ymp\u00e4rist\u00f6yst\u00e4v\u00e4llist\u00e4 tuotantoa sek\u00e4 luonnonsuojelua.<\/p>\n\n\n\n<p>Kaiken riistan mets\u00e4styksess\u00e4 noudatetaan kest\u00e4v\u00e4n kehityksen ohjelmaa ja eettisi\u00e4 periaatteita.<\/p>\n\n\n\n<p>Liha k\u00e4sitell\u00e4\u00e4n EU:ssa hyv\u00e4ksytyiss\u00e4 tehtaissa, joilla on asianmukainen laatusertifiointi, esimerkiksi ISO tai BRC. Tavoitteenamme on lis\u00e4t\u00e4 riistalihan kulutusta ja tietoisuutta sen eduista: riistaliha sis\u00e4lt\u00e4\u00e4 runsaasti proteiinia ja vitamiineja, joita tarvitaan pitk\u00e4\u00e4n ja terveelliseen el\u00e4m\u00e4\u00e4n.<\/p>\n\n\n\n<p><strong>Valikoimamme:<\/strong><\/p>\n\n\n\n<ul class=\"wp-block-list\">\n<li>Tuoreet ja pakastetut hirven ruhonosat ja vakuumi- ja skini pakkaus<\/li>\n\n\n\n<li>Tuoreet ja pakastetut saksanhirven ruhonosat ja vakuumi- ja skini pakkaus<\/li>\n\n\n\n<li>Hirven ja saksanhirven pakastettu k\u00e4ristys, lihapullat, burgeripihvit<\/li>\n\n\n\n<li>Hirven ja saksanhirven tuoreet lihatuotteet, sous-vide kyps\u00e4t tuotteet<\/li>\n<\/ul>\n","protected":false},"excerpt":{"rendered":"<p>Riistaliha ja lihatuotteet, sous-vide kyps\u00e4t tuotteet Riistamme on 100-prosenttisen luonnollista ja mets\u00e4stetty suoraan luonnosta. Riistalihamme on per\u00e4isin p\u00e4\u00e4osin Virosta ja muualta Pohjois-Euroopasta, miss\u00e4 luonto on puhdasta ja hyvin suojeltua. Yli puolet Virosta on metsien peitossa, ja puolet niist\u00e4 on luomumetsi\u00e4. Painotamme toiminnassamme kest\u00e4v\u00e4\u00e4 ja ymp\u00e4rist\u00f6yst\u00e4v\u00e4llist\u00e4 tuotantoa sek\u00e4 luonnonsuojelua. Kaiken riistan mets\u00e4styksess\u00e4 noudatetaan kest\u00e4v\u00e4n kehityksen ohjelmaa [&hellip;]<\/p>\n","protected":false},"author":3,"featured_media":0,"parent":0,"menu_order":0,"comment_status":"closed","ping_status":"closed","template":"","meta":{"footnotes":""},"class_list":["post-936","page","type-page","status-publish","hentry"],"blocksy_meta":[],"yoast_head":"<!-- This site is optimized with the Yoast SEO plugin v24.3 - https:\/\/yoast.com\/wordpress\/plugins\/seo\/ -->\n<title>Riistaliha ja lihatuotteet, sous-vide kyps\u00e4t tuotteet - NordeFood<\/title>\n<meta name=\"robots\" content=\"index, follow, max-snippet:-1, max-image-preview:large, max-video-preview:-1\" \/>\n<link rel=\"canonical\" href=\"https:\/\/nordefood.eu\/fi\/riistaliha-ja-lihatuotteet-sous-vide-kypsat-tuotteet\/\" \/>\n<meta property=\"og:locale\" content=\"fi_FI\" \/>\n<meta property=\"og:type\" content=\"article\" \/>\n<meta property=\"og:title\" content=\"Riistaliha ja lihatuotteet, sous-vide kyps\u00e4t tuotteet - NordeFood\" \/>\n<meta property=\"og:description\" content=\"Riistaliha ja lihatuotteet, sous-vide kyps\u00e4t tuotteet Riistamme on 100-prosenttisen luonnollista ja mets\u00e4stetty suoraan luonnosta. Riistalihamme on per\u00e4isin p\u00e4\u00e4osin Virosta ja muualta Pohjois-Euroopasta, miss\u00e4 luonto on puhdasta ja hyvin suojeltua. Yli puolet Virosta on metsien peitossa, ja puolet niist\u00e4 on luomumetsi\u00e4. Painotamme toiminnassamme kest\u00e4v\u00e4\u00e4 ja ymp\u00e4rist\u00f6yst\u00e4v\u00e4llist\u00e4 tuotantoa sek\u00e4 luonnonsuojelua. Kaiken riistan mets\u00e4styksess\u00e4 noudatetaan kest\u00e4v\u00e4n kehityksen ohjelmaa [&hellip;]\" \/>\n<meta property=\"og:url\" content=\"https:\/\/nordefood.eu\/fi\/riistaliha-ja-lihatuotteet-sous-vide-kypsat-tuotteet\/\" \/>\n<meta property=\"og:site_name\" content=\"NordeFood\" \/>\n<meta property=\"article:modified_time\" content=\"2025-01-14T08:55:56+00:00\" \/>\n<meta property=\"og:image\" content=\"https:\/\/nordefood.eu\/wp-content\/uploads\/2024\/11\/Wild-game-meat-2.jpg\" \/>\n\t<meta property=\"og:image:width\" content=\"900\" \/>\n\t<meta property=\"og:image:height\" content=\"787\" \/>\n\t<meta property=\"og:image:type\" content=\"image\/jpeg\" \/>\n<meta name=\"twitter:card\" content=\"summary_large_image\" \/>\n<meta name=\"twitter:label1\" content=\"Arvioitu lukuaika\" \/>\n\t<meta name=\"twitter:data1\" content=\"1 minuutti\" \/>\n<script type=\"application\/ld+json\" class=\"yoast-schema-graph\">{\"@context\":\"https:\/\/schema.org\",\"@graph\":[{\"@type\":\"WebPage\",\"@id\":\"https:\/\/nordefood.eu\/fi\/riistaliha-ja-lihatuotteet-sous-vide-kypsat-tuotteet\/\",\"url\":\"https:\/\/nordefood.eu\/fi\/riistaliha-ja-lihatuotteet-sous-vide-kypsat-tuotteet\/\",\"name\":\"Riistaliha ja lihatuotteet, sous-vide kyps\u00e4t tuotteet - NordeFood\",\"isPartOf\":{\"@id\":\"https:\/\/nordefood.eu\/#website\"},\"primaryImageOfPage\":{\"@id\":\"https:\/\/nordefood.eu\/fi\/riistaliha-ja-lihatuotteet-sous-vide-kypsat-tuotteet\/#primaryimage\"},\"image\":{\"@id\":\"https:\/\/nordefood.eu\/fi\/riistaliha-ja-lihatuotteet-sous-vide-kypsat-tuotteet\/#primaryimage\"},\"thumbnailUrl\":\"https:\/\/nordefood.eu\/wp-content\/uploads\/2024\/11\/Wild-game-meat-2.jpg\",\"datePublished\":\"2025-01-14T08:55:26+00:00\",\"dateModified\":\"2025-01-14T08:55:56+00:00\",\"breadcrumb\":{\"@id\":\"https:\/\/nordefood.eu\/fi\/riistaliha-ja-lihatuotteet-sous-vide-kypsat-tuotteet\/#breadcrumb\"},\"inLanguage\":\"fi\",\"potentialAction\":[{\"@type\":\"ReadAction\",\"target\":[\"https:\/\/nordefood.eu\/fi\/riistaliha-ja-lihatuotteet-sous-vide-kypsat-tuotteet\/\"]}]},{\"@type\":\"ImageObject\",\"inLanguage\":\"fi\",\"@id\":\"https:\/\/nordefood.eu\/fi\/riistaliha-ja-lihatuotteet-sous-vide-kypsat-tuotteet\/#primaryimage\",\"url\":\"https:\/\/nordefood.eu\/wp-content\/uploads\/2024\/11\/Wild-game-meat-2.jpg\",\"contentUrl\":\"https:\/\/nordefood.eu\/wp-content\/uploads\/2024\/11\/Wild-game-meat-2.jpg\"},{\"@type\":\"BreadcrumbList\",\"@id\":\"https:\/\/nordefood.eu\/fi\/riistaliha-ja-lihatuotteet-sous-vide-kypsat-tuotteet\/#breadcrumb\",\"itemListElement\":[{\"@type\":\"ListItem\",\"position\":1,\"name\":\"Home\",\"item\":\"https:\/\/nordefood.eu\/fi\/\"},{\"@type\":\"ListItem\",\"position\":2,\"name\":\"Riistaliha ja lihatuotteet, sous-vide kyps\u00e4t tuotteet\"}]},{\"@type\":\"WebSite\",\"@id\":\"https:\/\/nordefood.eu\/#website\",\"url\":\"https:\/\/nordefood.eu\/\",\"name\":\"NordeFood\",\"description\":\"Leht testimiseks\",\"publisher\":{\"@id\":\"https:\/\/nordefood.eu\/#organization\"},\"potentialAction\":[{\"@type\":\"SearchAction\",\"target\":{\"@type\":\"EntryPoint\",\"urlTemplate\":\"https:\/\/nordefood.eu\/?s={search_term_string}\"},\"query-input\":{\"@type\":\"PropertyValueSpecification\",\"valueRequired\":true,\"valueName\":\"search_term_string\"}}],\"inLanguage\":\"fi\"},{\"@type\":\"Organization\",\"@id\":\"https:\/\/nordefood.eu\/#organization\",\"name\":\"NordeFood\",\"url\":\"https:\/\/nordefood.eu\/\",\"logo\":{\"@type\":\"ImageObject\",\"inLanguage\":\"fi\",\"@id\":\"https:\/\/nordefood.eu\/#\/schema\/logo\/image\/\",\"url\":\"https:\/\/nordefood.eu\/wp-content\/uploads\/2017\/05\/logo7.png\",\"contentUrl\":\"https:\/\/nordefood.eu\/wp-content\/uploads\/2017\/05\/logo7.png\",\"width\":205,\"height\":31,\"caption\":\"NordeFood\"},\"image\":{\"@id\":\"https:\/\/nordefood.eu\/#\/schema\/logo\/image\/\"}}]}<\/script>\n<!-- \/ Yoast SEO plugin. -->","yoast_head_json":{"title":"Riistaliha ja lihatuotteet, sous-vide kyps\u00e4t tuotteet - NordeFood","robots":{"index":"index","follow":"follow","max-snippet":"max-snippet:-1","max-image-preview":"max-image-preview:large","max-video-preview":"max-video-preview:-1"},"canonical":"https:\/\/nordefood.eu\/fi\/riistaliha-ja-lihatuotteet-sous-vide-kypsat-tuotteet\/","og_locale":"fi_FI","og_type":"article","og_title":"Riistaliha ja lihatuotteet, sous-vide kyps\u00e4t tuotteet - NordeFood","og_description":"Riistaliha ja lihatuotteet, sous-vide kyps\u00e4t tuotteet Riistamme on 100-prosenttisen luonnollista ja mets\u00e4stetty suoraan luonnosta. Riistalihamme on per\u00e4isin p\u00e4\u00e4osin Virosta ja muualta Pohjois-Euroopasta, miss\u00e4 luonto on puhdasta ja hyvin suojeltua. Yli puolet Virosta on metsien peitossa, ja puolet niist\u00e4 on luomumetsi\u00e4. Painotamme toiminnassamme kest\u00e4v\u00e4\u00e4 ja ymp\u00e4rist\u00f6yst\u00e4v\u00e4llist\u00e4 tuotantoa sek\u00e4 luonnonsuojelua. Kaiken riistan mets\u00e4styksess\u00e4 noudatetaan kest\u00e4v\u00e4n kehityksen ohjelmaa [&hellip;]","og_url":"https:\/\/nordefood.eu\/fi\/riistaliha-ja-lihatuotteet-sous-vide-kypsat-tuotteet\/","og_site_name":"NordeFood","article_modified_time":"2025-01-14T08:55:56+00:00","og_image":[{"width":900,"height":787,"url":"https:\/\/nordefood.eu\/wp-content\/uploads\/2024\/11\/Wild-game-meat-2.jpg","type":"image\/jpeg"}],"twitter_card":"summary_large_image","twitter_misc":{"Arvioitu lukuaika":"1 minuutti"},"schema":{"@context":"https:\/\/schema.org","@graph":[{"@type":"WebPage","@id":"https:\/\/nordefood.eu\/fi\/riistaliha-ja-lihatuotteet-sous-vide-kypsat-tuotteet\/","url":"https:\/\/nordefood.eu\/fi\/riistaliha-ja-lihatuotteet-sous-vide-kypsat-tuotteet\/","name":"Riistaliha ja lihatuotteet, sous-vide kyps\u00e4t tuotteet - NordeFood","isPartOf":{"@id":"https:\/\/nordefood.eu\/#website"},"primaryImageOfPage":{"@id":"https:\/\/nordefood.eu\/fi\/riistaliha-ja-lihatuotteet-sous-vide-kypsat-tuotteet\/#primaryimage"},"image":{"@id":"https:\/\/nordefood.eu\/fi\/riistaliha-ja-lihatuotteet-sous-vide-kypsat-tuotteet\/#primaryimage"},"thumbnailUrl":"https:\/\/nordefood.eu\/wp-content\/uploads\/2024\/11\/Wild-game-meat-2.jpg","datePublished":"2025-01-14T08:55:26+00:00","dateModified":"2025-01-14T08:55:56+00:00","breadcrumb":{"@id":"https:\/\/nordefood.eu\/fi\/riistaliha-ja-lihatuotteet-sous-vide-kypsat-tuotteet\/#breadcrumb"},"inLanguage":"fi","potentialAction":[{"@type":"ReadAction","target":["https:\/\/nordefood.eu\/fi\/riistaliha-ja-lihatuotteet-sous-vide-kypsat-tuotteet\/"]}]},{"@type":"ImageObject","inLanguage":"fi","@id":"https:\/\/nordefood.eu\/fi\/riistaliha-ja-lihatuotteet-sous-vide-kypsat-tuotteet\/#primaryimage","url":"https:\/\/nordefood.eu\/wp-content\/uploads\/2024\/11\/Wild-game-meat-2.jpg","contentUrl":"https:\/\/nordefood.eu\/wp-content\/uploads\/2024\/11\/Wild-game-meat-2.jpg"},{"@type":"BreadcrumbList","@id":"https:\/\/nordefood.eu\/fi\/riistaliha-ja-lihatuotteet-sous-vide-kypsat-tuotteet\/#breadcrumb","itemListElement":[{"@type":"ListItem","position":1,"name":"Home","item":"https:\/\/nordefood.eu\/fi\/"},{"@type":"ListItem","position":2,"name":"Riistaliha ja lihatuotteet, sous-vide kyps\u00e4t tuotteet"}]},{"@type":"WebSite","@id":"https:\/\/nordefood.eu\/#website","url":"https:\/\/nordefood.eu\/","name":"NordeFood","description":"Leht testimiseks","publisher":{"@id":"https:\/\/nordefood.eu\/#organization"},"potentialAction":[{"@type":"SearchAction","target":{"@type":"EntryPoint","urlTemplate":"https:\/\/nordefood.eu\/?s={search_term_string}"},"query-input":{"@type":"PropertyValueSpecification","valueRequired":true,"valueName":"search_term_string"}}],"inLanguage":"fi"},{"@type":"Organization","@id":"https:\/\/nordefood.eu\/#organization","name":"NordeFood","url":"https:\/\/nordefood.eu\/","logo":{"@type":"ImageObject","inLanguage":"fi","@id":"https:\/\/nordefood.eu\/#\/schema\/logo\/image\/","url":"https:\/\/nordefood.eu\/wp-content\/uploads\/2017\/05\/logo7.png","contentUrl":"https:\/\/nordefood.eu\/wp-content\/uploads\/2017\/05\/logo7.png","width":205,"height":31,"caption":"NordeFood"},"image":{"@id":"https:\/\/nordefood.eu\/#\/schema\/logo\/image\/"}}]}},"_links":{"self":[{"href":"https:\/\/nordefood.eu\/fi\/wp-json\/wp\/v2\/pages\/936","targetHints":{"allow":["GET"]}}],"collection":[{"href":"https:\/\/nordefood.eu\/fi\/wp-json\/wp\/v2\/pages"}],"about":[{"href":"https:\/\/nordefood.eu\/fi\/wp-json\/wp\/v2\/types\/page"}],"author":[{"embeddable":true,"href":"https:\/\/nordefood.eu\/fi\/wp-json\/wp\/v2\/users\/3"}],"replies":[{"embeddable":true,"href":"https:\/\/nordefood.eu\/fi\/wp-json\/wp\/v2\/comments?post=936"}],"version-history":[{"count":1,"href":"https:\/\/nordefood.eu\/fi\/wp-json\/wp\/v2\/pages\/936\/revisions"}],"predecessor-version":[{"id":937,"href":"https:\/\/nordefood.eu\/fi\/wp-json\/wp\/v2\/pages\/936\/revisions\/937"}],"wp:attachment":[{"href":"https:\/\/nordefood.eu\/fi\/wp-json\/wp\/v2\/media?parent=936"}],"curies":[{"name":"wp","href":"https:\/\/api.w.org\/{rel}","templated":true}]}}